{"id":7525,"date":"2026-04-06T10:37:20","date_gmt":"2026-04-06T08:37:20","guid":{"rendered":"https:\/\/vincesconsulting.com\/formulari-canal-intern-dinformacio\/"},"modified":"2026-04-08T11:05:22","modified_gmt":"2026-04-08T09:05:22","slug":"formulari-canal-intern-dinformacio","status":"publish","type":"page","link":"https:\/\/vincesconsulting.com\/ca\/formulari-canal-intern-dinformacio\/","title":{"rendered":"Formulari canal intern d&#8217;informaci\u00f3"},"content":{"rendered":"\t\t<div data-elementor-type=\"wp-page\" data-elementor-id=\"7525\" class=\"elementor elementor-7525 elementor-7464\" data-elementor-post-type=\"page\">\n\t\t\t\t\t\t<section class=\"elementor-section elementor-top-section elementor-element elementor-element-40f4dde elementor-section-full_width elementor-section-height-min-height elementor-section-height-default elementor-section-items-middle\" data-id=\"40f4dde\" data-element_type=\"section\" data-e-type=\"section\" data-settings=\"{&quot;background_background&quot;:&quot;classic&quot;}\">\n\t\t\t\t\t\t<div class=\"elementor-container elementor-column-gap-default\">\n\t\t\t\t\t<div class=\"elementor-column elementor-col-100 elementor-top-column elementor-element elementor-element-e06ccfa\" data-id=\"e06ccfa\" data-element_type=\"column\" data-e-type=\"column\">\n\t\t\t<div class=\"elementor-widget-wrap elementor-element-populated\">\n\t\t\t\t\t\t<div class=\"elementor-element elementor-element-b08cf7d frase-escaleras elementor-widget elementor-widget-heading\" data-id=\"b08cf7d\" data-element_type=\"widget\" data-e-type=\"widget\" data-widget_type=\"heading.default\">\n\t\t\t\t<div class=\"elementor-widget-container\">\n\t\t\t\t\t<h1 class=\"elementor-heading-title elementor-size-default\">Formulari de comunicaci\u00f3<\/h1>\t\t\t\t<\/div>\n\t\t\t\t<\/div>\n\t\t\t\t\t<\/div>\n\t\t<\/div>\n\t\t\t\t\t<\/div>\n\t\t<\/section>\n\t\t\t\t<section class=\"elementor-section elementor-top-section elementor-element elementor-element-81f0687 secc_form_comunicacion elementor-section-boxed elementor-section-height-default elementor-section-height-default\" data-id=\"81f0687\" data-element_type=\"section\" data-e-type=\"section\" data-settings=\"{&quot;background_background&quot;:&quot;classic&quot;}\">\n\t\t\t\t\t\t<div class=\"elementor-container elementor-column-gap-default\">\n\t\t\t\t\t<div class=\"elementor-column elementor-col-100 elementor-top-column elementor-element elementor-element-711c13e careers-col-texto\" data-id=\"711c13e\" data-element_type=\"column\" data-e-type=\"column\">\n\t\t\t<div class=\"elementor-widget-wrap elementor-element-populated\">\n\t\t\t\t\t\t<div class=\"elementor-element elementor-element-7409a57 form_comunicacion elementor-widget elementor-widget-shortcode\" data-id=\"7409a57\" data-element_type=\"widget\" data-e-type=\"widget\" data-widget_type=\"shortcode.default\">\n\t\t\t\t<div class=\"elementor-widget-container\">\n\t\t\t\t\t\t\t<div class=\"elementor-shortcode\"><div class=\"forminator-ui forminator-custom-form forminator-custom-form-7531 forminator-design--default  forminator_ajax\" data-forminator-render=\"0\" data-form=\"forminator-module-7531\" data-uid=\"6a01de0163e1f\"><br\/><\/div><form\n\t\t\t\tid=\"forminator-module-7531\"\n\t\t\t\tclass=\"forminator-ui forminator-custom-form forminator-custom-form-7531 forminator-design--default  forminator_ajax\"\n\t\t\t\tmethod=\"post\"\n\t\t\t\tdata-forminator-render=\"0\"\n\t\t\t\tdata-form-id=\"7531\"\n\t\t\t\tenctype=\"multipart\/form-data\" data-color-option=\"theme\" data-design=\"default\" data-grid=\"open\" style=\"display: none;\"\n\t\t\t\tdata-uid=\"6a01de0163e1f\"\n\t\t\t><div role=\"alert\" aria-live=\"polite\" class=\"forminator-response-message forminator-error\" aria-hidden=\"true\"><\/div><div class=\"forminator-row\"><div id=\"section-1\" class=\"forminator-field-section forminator-col forminator-col-12 \"><div class=\"forminator-field\"><h2 class=\"forminator-title\">1. Modalitat<\/h2><\/div><\/div><\/div><div class=\"forminator-row\"><div id=\"select-2\" class=\"forminator-field-select forminator-col forminator-col-12 \"><div class=\"forminator-field\"><label for=\"forminator-form-7531__field--select-2_6a01de0163e1f\" id=\"forminator-form-7531__field--select-2_6a01de0163e1f-label\" class=\"forminator-label\">Desitja presentar la comunicaci\u00f3 de manera an\u00f2nima? <span class=\"forminator-required\">*<\/span><\/label><select  id=\"forminator-form-7531__field--select-2_6a01de0163e1f\" class=\"forminator-select--field forminator-select2 forminator-select2-multiple\" data-required=\"1\" name=\"select-2\" data-default-value=\"\" data-hidden-behavior=\"zero\" data-placeholder=\"\u2014Si us plau, tria una opci\u00f3\u2014\" data-search=\"false\" data-search-placeholder=\"\u2014Si us plau, tria una opci\u00f3\u2014\" data-checkbox=\"false\" data-allow-clear=\"false\" aria-labelledby=\"forminator-form-7531__field--select-2_6a01de0163e1f-label\"><option value=\"\"  >\u2014Si us plau, tria una opci\u00f3\u2014<\/option><option value=\"S\u00ed\"  data-calculation=\"0\">S\u00ed<\/option><option value=\"No\"  data-calculation=\"0\">No<\/option><\/select><\/div><\/div><\/div><div class=\"forminator-row\"><div id=\"group-1\" class=\"forminator-field-group forminator-col forminator-col-12 \"><div class=\"forminator-all-group-copies forminator-repeater-field\"><div class=\"forminator-grouped-fields\" data-options=\"{&quot;is_repeater&quot;:false,&quot;min_type&quot;:&quot;custom&quot;,&quot;max_type&quot;:&quot;custom&quot;,&quot;min&quot;:1,&quot;max&quot;:9223372036854775807,&quot;add_text&quot;:&quot;Add item&quot;,&quot;remove_text&quot;:&quot;Remove item&quot;,&quot;action_element_type&quot;:&quot;button&quot;}\"><div class=\"forminator-row\"><div id=\"section-2\" class=\"forminator-field-section forminator-col forminator-col-12 \"><div class=\"forminator-field\"><h2 class=\"forminator-title\">2. Dades de contacte<\/h2><\/div><\/div><\/div><div class=\"forminator-row\"><div id=\"name-1\" class=\"forminator-field-name forminator-col forminator-col-12 \"><div class=\"forminator-field\"><label for=\"forminator-field-name-1_6a01de0163e1f\" id=\"forminator-field-name-1_6a01de0163e1f-label\" class=\"forminator-label\">Nom i cognoms <span class=\"forminator-required\">*<\/span><\/label><input type=\"text\" name=\"name-1\" value=\"\" placeholder=\"\" id=\"forminator-field-name-1_6a01de0163e1f\" class=\"forminator-input forminator-name--field\" aria-required=\"true\" autocomplete=\"name\" \/><\/div><\/div><\/div><div class=\"forminator-row\"><div id=\"email-1\" class=\"forminator-field-email forminator-col forminator-col-12 \"><div class=\"forminator-field\"><label for=\"forminator-field-email-1_6a01de0163e1f\" id=\"forminator-field-email-1_6a01de0163e1f-label\" class=\"forminator-label\">Correu electr\u00f2nic <span class=\"forminator-required\">*<\/span><\/label><input type=\"email\" name=\"email-1\" value=\"\" placeholder=\"\" id=\"forminator-field-email-1_6a01de0163e1f\" class=\"forminator-input forminator-email--field\" data-required=\"1\" aria-required=\"true\" autocomplete=\"email\" \/><\/div><\/div><\/div><div class=\"forminator-row\"><div id=\"phone-1\" class=\"forminator-field-phone forminator-col forminator-col-12 \"><div class=\"forminator-field\"><label for=\"forminator-field-phone-1_6a01de0163e1f\" id=\"forminator-field-phone-1_6a01de0163e1f-label\" class=\"forminator-label\">Tel\u00e8fon (opcional)<\/label><input type=\"text\" name=\"phone-1\" value=\"\" placeholder=\"\" id=\"forminator-field-phone-1_6a01de0163e1f\" class=\"forminator-input forminator-field--phone\" data-required=\"\" aria-required=\"false\" autocomplete=\"off\" \/><\/div><\/div><\/div><\/div><\/div><\/div><\/div><div class=\"forminator-row\"><div id=\"section-3\" class=\"forminator-field-section forminator-col forminator-col-12 \"><div class=\"forminator-field\"><h2 class=\"forminator-title\">3. Relaci\u00f3 amb el despatx<\/h2><\/div><\/div><\/div><div class=\"forminator-row\"><div id=\"select-1\" class=\"forminator-field-select forminator-col forminator-col-12 \"><div class=\"forminator-field\"><label for=\"forminator-form-7531__field--select-1_6a01de0163e1f\" id=\"forminator-form-7531__field--select-1_6a01de0163e1f-label\" class=\"forminator-label\">Relaci\u00f3 amb el despatx <span class=\"forminator-required\">*<\/span><\/label><select  id=\"forminator-form-7531__field--select-1_6a01de0163e1f\" class=\"forminator-select--field forminator-select2 forminator-select2-multiple\" data-required=\"1\" name=\"select-1\" data-default-value=\"\" data-hidden-behavior=\"zero\" data-placeholder=\"\u2014Si us plau, tria una opci\u00f3\u2014\" data-search=\"false\" data-search-placeholder=\"\u2014Si us plau, tria una opci\u00f3\u2014\" data-checkbox=\"false\" data-allow-clear=\"false\" aria-labelledby=\"forminator-form-7531__field--select-1_6a01de0163e1f-label\"><option value=\"\"  >\u2014Si us plau, tria una opci\u00f3\u2014<\/option><option value=\"Empleat-professional\"  data-calculation=\"0\">Empleat \/ professional<\/option><option value=\"Soci-directiu\"  data-calculation=\"0\">Soci \/ directiu<\/option><option value=\"Client\"  data-calculation=\"0\">Client<\/option><option value=\"Proveedor---colaborador\"  data-calculation=\"0\">Prove\u00efdor \/ col\u00b7laborador<\/option><option value=\"Altre\"  data-calculation=\"0\">Altre<\/option><\/select><\/div><\/div><\/div><div class=\"forminator-row\"><div id=\"section-4\" class=\"forminator-field-section forminator-col forminator-col-12 \"><div class=\"forminator-field\"><h2 class=\"forminator-title\">4. Tipus de comunicaci\u00f3<\/h2><\/div><\/div><\/div><div class=\"forminator-row\"><div id=\"select-3\" class=\"forminator-field-select forminator-col forminator-col-12 \"><div class=\"forminator-field\"><label for=\"forminator-form-7531__field--select-3_6a01de0163e1f\" id=\"forminator-form-7531__field--select-3_6a01de0163e1f-label\" class=\"forminator-label\">Tipus de comunicaci\u00f3 <span class=\"forminator-required\">*<\/span><\/label><select  id=\"forminator-form-7531__field--select-3_6a01de0163e1f\" class=\"forminator-select--field forminator-select2 forminator-select2-multiple\" data-required=\"1\" name=\"select-3\" data-default-value=\"\" data-hidden-behavior=\"zero\" data-placeholder=\"\u2014Si us plau, tria una opci\u00f3\u2014\" data-search=\"false\" data-search-placeholder=\"\u2014Si us plau, tria una opci\u00f3\u2014\" data-checkbox=\"false\" data-allow-clear=\"false\" aria-labelledby=\"forminator-form-7531__field--select-3_6a01de0163e1f-label\"><option value=\"\"  >\u2014Si us plau, tria una opci\u00f3\u2014<\/option><option value=\"Possible infracci\u00f3 legal\"  data-calculation=\"0\">Possible infracci\u00f3 legal<\/option><option value=\"Possible delicte\"  data-calculation=\"0\">Possible delicte<\/option><option value=\"Incumplimiento-del-C\u00f3digo-de-Conducta\"  data-calculation=\"0\">Incompliment del Codi de Conducta<\/option><option value=\"Altre\"  data-calculation=\"0\">Altre<\/option><\/select><\/div><\/div><\/div><div class=\"forminator-row\"><div id=\"section-5\" class=\"forminator-field-section forminator-col forminator-col-12 \"><div class=\"forminator-field\"><h2 class=\"forminator-title\">5. Descripci\u00f3 dels fets<\/h2><\/div><\/div><\/div><div class=\"forminator-row\"><div id=\"textarea-1\" class=\"forminator-field-textarea forminator-col forminator-col-12 \"><div class=\"forminator-field\"><label for=\"forminator-field-textarea-1_6a01de0163e1f\" id=\"forminator-field-textarea-1_6a01de0163e1f-label\" class=\"forminator-label\">Descripci\u00f3 dels fets <span class=\"forminator-required\">*<\/span><\/label><textarea name=\"textarea-1\" placeholder=\"Descrigui els fets amb el major detall possible, incloent:\u2028\n- qu\u00e8 va oc\u00f3rrer;\u2028\n- quan;\u2028\n- on;\u2028\n- persones implicades (si les coneix).\" id=\"forminator-field-textarea-1_6a01de0163e1f\" class=\"forminator-textarea\" rows=\"6\" style=\"min-height:140px;\" ><\/textarea><\/div><\/div><\/div><div class=\"forminator-row\"><div id=\"section-6\" class=\"forminator-field-section forminator-col forminator-col-12 \"><div class=\"forminator-field\"><h2 class=\"forminator-title\">6. Documentaci\u00f3<\/h2><\/div><\/div><\/div><div class=\"forminator-row\"><div id=\"upload-1\" class=\"forminator-field-upload forminator-col forminator-col-12 \"><div class=\"forminator-field\"><label for=\"forminator-field-upload-1_6a01de0163e1f\" id=\"forminator-field-upload-1_6a01de0163e1f-label\" class=\"forminator-label\">Documentaci\u00f3 (opcional)<\/label><div class=\"forminator-multi-upload \" data-element=\"upload-1_6a01de0163e1f\"><input type=\"file\" name=\"upload-1[]\" id=\"forminator-field-upload-1_6a01de0163e1f\" class=\"forminator-input-file forminator-field-upload-1_6a01de0163e1f-7531\" multiple=\"multiple\" data-method=\"ajax\" data-size=\"8000000\" data-size-message=\"Maximum file size allowed is 8 MB. \"><div class=\"forminator-multi-upload-message\" aria-hidden=\"true\"><span class=\"forminator-icon-upload\" aria-hidden=\"true\"><\/span><p>Drag and Drop (or) <a class=\"forminator-upload-file--forminator-field-upload-1_6a01de0163e1f\" href=\"#\" onclick=\"return false;\">Choose Files<\/a><\/p><\/div><\/div><ul class=\"forminator-uploaded-files upload-container-upload-1_6a01de0163e1f\"><\/ul><\/div><\/div><\/div><div class=\"forminator-row\"><div id=\"section-7\" class=\"forminator-field-section forminator-col forminator-col-12 \"><div class=\"forminator-field\"><h2 class=\"forminator-title\">7. Declaraci\u00f3<\/h2><\/div><\/div><\/div><div class=\"forminator-row\"><div id=\"checkbox-1\" class=\"forminator-field-checkbox forminator-col forminator-col-12 \"><div role=\"group\" class=\"forminator-field required\" aria-labelledby=\"forminator-checkbox-group-forminator-field-checkbox-1-6a01de0163e1f-label\"><span id=\"forminator-checkbox-group-forminator-field-checkbox-1-6a01de0163e1f-label\" class=\"forminator-label\">Declaraci\u00f3 <span class=\"forminator-required\">*<\/span><\/span><label id=\"forminator-field-checkbox-1-1-6a01de0163e1f-label\" for=\"forminator-field-checkbox-1-1-6a01de0163e1f\" class=\"forminator-checkbox forminator-checkbox-inline\" title=\"Declaro que la informaci\u00f3 facilitada \u00e9s vera\u00e7 segons el meu lleial saber i entendre i que actuo de bona fe.\"><input type=\"checkbox\" name=\"checkbox-1[]\" value=\"one\" id=\"forminator-field-checkbox-1-1-6a01de0163e1f\" aria-labelledby=\"forminator-field-checkbox-1-1-6a01de0163e1f-label\" data-calculation=\"0\"   data-hidden-behavior=\"zero\"\/><span class=\"forminator-checkbox-box\" aria-hidden=\"true\"><\/span><span class=\"forminator-checkbox-label\">Declaro que la informaci\u00f3 facilitada \u00e9s vera\u00e7 segons el meu lleial saber i entendre i que actuo de bona fe.<\/span><\/label><\/div><\/div><\/div><div class=\"forminator-row\"><div id=\"section-8\" class=\"forminator-field-section forminator-col forminator-col-12 \"><div class=\"forminator-field\"><h2 class=\"forminator-title\">8. Protecci\u00f3 de dades<\/h2><\/div><\/div><\/div><div class=\"forminator-row\"><div id=\"checkbox-2\" class=\"forminator-field-checkbox forminator-col forminator-col-12 \"><div role=\"group\" class=\"forminator-field required\" aria-labelledby=\"forminator-checkbox-group-forminator-field-checkbox-2-6a01de0163e1f-label\"><span id=\"forminator-checkbox-group-forminator-field-checkbox-2-6a01de0163e1f-label\" class=\"forminator-label\">Protecci\u00f3 de dades <span class=\"forminator-required\">*<\/span><\/span><label id=\"forminator-field-checkbox-2-1-6a01de0163e1f-label\" for=\"forminator-field-checkbox-2-1-6a01de0163e1f\" class=\"forminator-checkbox forminator-checkbox-inline\" title=\"He llegit i accepto la pol\u00edtica de &lt;a href=&quot;#proteccion&quot; style=&quot;color:#FF9F31&quot;&gt;protecci\u00f3 de dades&lt;\/a&gt;.\"><input type=\"checkbox\" name=\"checkbox-2[]\" value=\"one\" id=\"forminator-field-checkbox-2-1-6a01de0163e1f\" aria-labelledby=\"forminator-field-checkbox-2-1-6a01de0163e1f-label\" data-calculation=\"0\"   data-hidden-behavior=\"zero\"\/><span class=\"forminator-checkbox-box\" aria-hidden=\"true\"><\/span><span class=\"forminator-checkbox-label\">He llegit i accepto la pol\u00edtica de <a href=\"#proteccion\" style=\"color:#FF9F31\">protecci\u00f3 de dades<\/a>.<\/span><\/label><\/div><\/div><\/div><input type=\"hidden\" name=\"referer_url\" value=\"\" \/><div class=\"forminator-row forminator-row-last\"><div class=\"forminator-col\"><div class=\"forminator-field\"><button class=\"forminator-button forminator-button-submit\">Enviar comunicaci&oacute;<\/button><\/div><\/div><\/div><input type=\"hidden\" id=\"forminator_nonce\" name=\"forminator_nonce\" value=\"66b48d660a\" \/><input type=\"hidden\" name=\"_wp_http_referer\" value=\"\/ca\/wp-json\/wp\/v2\/pages\/7525\" \/><input type=\"hidden\" name=\"form_id\" value=\"7531\"><input type=\"hidden\" name=\"page_id\" value=\"7525\"><input type=\"hidden\" name=\"form_type\" value=\"default\"><input type=\"hidden\" name=\"current_url\" value=\"https:\/\/vincesconsulting.com\/ca\/formulari-canal-intern-dinformacio\/\"><input type=\"hidden\" name=\"render_id\" value=\"0\"><input type=\"hidden\" name=\"forminator-multifile-hidden\" class=\"forminator-multifile-hidden\"><input type=\"hidden\" name=\"action\" value=\"forminator_submit_form_custom-forms\"><\/form><\/div>\n\t\t\t\t\t\t<\/div>\n\t\t\t\t<\/div>\n\t\t\t\t\t<\/div>\n\t\t<\/div>\n\t\t\t\t\t<\/div>\n\t\t<\/section>\n\t\t\t\t<section class=\"elementor-section elementor-top-section elementor-element elementor-element-4de019d elementor-section-boxed elementor-section-height-default elementor-section-height-default\" data-id=\"4de019d\" data-element_type=\"section\" data-e-type=\"section\" id=\"proteccion\" data-settings=\"{&quot;background_background&quot;:&quot;classic&quot;}\">\n\t\t\t\t\t\t<div class=\"elementor-container elementor-column-gap-default\">\n\t\t\t\t\t<div class=\"elementor-column elementor-col-100 elementor-top-column elementor-element elementor-element-59696bc careers-col-texto\" data-id=\"59696bc\" data-element_type=\"column\" data-e-type=\"column\">\n\t\t\t<div class=\"elementor-widget-wrap elementor-element-populated\">\n\t\t\t\t\t\t<div class=\"elementor-element elementor-element-9f1aa16 elementor-widget elementor-widget-heading\" data-id=\"9f1aa16\" data-element_type=\"widget\" data-e-type=\"widget\" data-widget_type=\"heading.default\">\n\t\t\t\t<div class=\"elementor-widget-container\">\n\t\t\t\t\t<h2 class=\"elementor-heading-title elementor-size-default\">Protecci\u00f3 de dades<\/h2>\t\t\t\t<\/div>\n\t\t\t\t<\/div>\n\t\t\t\t<div class=\"elementor-element elementor-element-3bf88db texto-princ-cabecera elementor-widget elementor-widget-text-editor\" data-id=\"3bf88db\" data-element_type=\"widget\" data-e-type=\"widget\" data-widget_type=\"text-editor.default\">\n\t\t\t\t<div class=\"elementor-widget-container\">\n\t\t\t\t\t\t\t\t\t<p>Responsable: Vinces Consulting S.L.<\/p><p>Finalitat: gesti\u00f3 del Canal Intern d&#8217;Informaci\u00f3.<\/p><p>Base legal: compliment de la Llei 2\/2023.<\/p><p>Destinataris: acc\u00e9s restringit al Responsable del Sistema i, si \u00e9s el cas, a les \u00e0rees competents quan resulti necessari.<\/p><p>Conservaci\u00f3: les dades es conservaran \u00fanicament durant el temps necessari per a la tramitaci\u00f3 de la comunicaci\u00f3.<\/p><p>Drets: pot exercir els seus drets en <a style=\"color: #ff9f31;\" href=\"privacidad@vincesconsulting.com\" target=\"_blank\" rel=\"noopener\">privacidad@vincesconsulting.com<\/a>.<\/p><p>La identitat de l&#8217;informant ser\u00e0 confidencial i no es comunicar\u00e0 a tercers excepte obligaci\u00f3 legal.<\/p>\t\t\t\t\t\t\t\t<\/div>\n\t\t\t\t<\/div>\n\t\t\t\t\t<\/div>\n\t\t<\/div>\n\t\t\t\t\t<\/div>\n\t\t<\/section>\n\t\t\t\t<\/div>\n\t\t","protected":false},"excerpt":{"rendered":"<p>Formulari de comunicaci\u00f3 Protecci\u00f3 de dades Responsable: Vinces Consulting S.L. Finalitat: gesti\u00f3 del Canal Intern d&#8217;Informaci\u00f3. Base legal: compliment de la Llei 2\/2023. Destinataris: acc\u00e9s restringit al Responsable del Sistema i, si \u00e9s el cas, a les \u00e0rees competents quan resulti necessari. Conservaci\u00f3: les dades es conservaran \u00fanicament durant el temps necessari per a la [&hellip;]<\/p>\n","protected":false},"author":1,"featured_media":4956,"parent":0,"menu_order":0,"comment_status":"closed","ping_status":"closed","template":"","meta":{"_acf_changed":false,"footnotes":""},"class_list":["post-7525","page","type-page","status-publish","has-post-thumbnail","hentry"],"acf":[],"_links":{"self":[{"href":"https:\/\/vincesconsulting.com\/ca\/wp-json\/wp\/v2\/pages\/7525","targetHints":{"allow":["GET"]}}],"collection":[{"href":"https:\/\/vincesconsulting.com\/ca\/wp-json\/wp\/v2\/pages"}],"about":[{"href":"https:\/\/vincesconsulting.com\/ca\/wp-json\/wp\/v2\/types\/page"}],"author":[{"embeddable":true,"href":"https:\/\/vincesconsulting.com\/ca\/wp-json\/wp\/v2\/users\/1"}],"replies":[{"embeddable":true,"href":"https:\/\/vincesconsulting.com\/ca\/wp-json\/wp\/v2\/comments?post=7525"}],"version-history":[{"count":4,"href":"https:\/\/vincesconsulting.com\/ca\/wp-json\/wp\/v2\/pages\/7525\/revisions"}],"predecessor-version":[{"id":7534,"href":"https:\/\/vincesconsulting.com\/ca\/wp-json\/wp\/v2\/pages\/7525\/revisions\/7534"}],"wp:featuredmedia":[{"embeddable":true,"href":"https:\/\/vincesconsulting.com\/ca\/wp-json\/wp\/v2\/media\/4956"}],"wp:attachment":[{"href":"https:\/\/vincesconsulting.com\/ca\/wp-json\/wp\/v2\/media?parent=7525"}],"curies":[{"name":"wp","href":"https:\/\/api.w.org\/{rel}","templated":true}]}}