{"id":7521,"date":"2026-04-06T10:14:15","date_gmt":"2026-04-06T08:14:15","guid":{"rendered":"https:\/\/vincesconsulting.com\/canal-intern-dinformacio\/"},"modified":"2026-04-08T12:34:00","modified_gmt":"2026-04-08T10:34:00","slug":"canal-intern-dinformacio","status":"publish","type":"page","link":"https:\/\/vincesconsulting.com\/ca\/canal-intern-dinformacio\/","title":{"rendered":"Canal intern d&#8217;informaci\u00f3"},"content":{"rendered":"\t\t<div data-elementor-type=\"wp-page\" data-elementor-id=\"7521\" class=\"elementor elementor-7521 elementor-7435\" data-elementor-post-type=\"page\">\n\t\t\t\t\t\t<section class=\"elementor-section elementor-top-section elementor-element elementor-element-3b8a0b6 elementor-section-full_width elementor-section-height-min-height elementor-section-height-default elementor-section-items-middle\" data-id=\"3b8a0b6\" data-element_type=\"section\" data-e-type=\"section\" data-settings=\"{&quot;background_background&quot;:&quot;classic&quot;}\">\n\t\t\t\t\t\t<div class=\"elementor-container elementor-column-gap-default\">\n\t\t\t\t\t<div class=\"elementor-column elementor-col-100 elementor-top-column elementor-element elementor-element-ee6299f\" data-id=\"ee6299f\" data-element_type=\"column\" data-e-type=\"column\">\n\t\t\t<div class=\"elementor-widget-wrap elementor-element-populated\">\n\t\t\t\t\t\t<div class=\"elementor-element elementor-element-dcadcdb frase-escaleras elementor-widget elementor-widget-heading\" data-id=\"dcadcdb\" data-element_type=\"widget\" data-e-type=\"widget\" data-widget_type=\"heading.default\">\n\t\t\t\t<div class=\"elementor-widget-container\">\n\t\t\t\t\t<h1 class=\"elementor-heading-title elementor-size-default\">Canal intern d'informaci\u00f3<\/h1>\t\t\t\t<\/div>\n\t\t\t\t<\/div>\n\t\t\t\t\t<\/div>\n\t\t<\/div>\n\t\t\t\t\t<\/div>\n\t\t<\/section>\n\t\t\t\t<section class=\"elementor-section elementor-top-section elementor-element elementor-element-4a650db elementor-section-boxed elementor-section-height-default elementor-section-height-default\" data-id=\"4a650db\" data-element_type=\"section\" data-e-type=\"section\" data-settings=\"{&quot;background_background&quot;:&quot;classic&quot;}\">\n\t\t\t\t\t\t<div class=\"elementor-container elementor-column-gap-default\">\n\t\t\t\t\t<div class=\"elementor-column elementor-col-100 elementor-top-column elementor-element elementor-element-6123d0c careers-col-texto\" data-id=\"6123d0c\" data-element_type=\"column\" data-e-type=\"column\">\n\t\t\t<div class=\"elementor-widget-wrap elementor-element-populated\">\n\t\t\t\t\t\t<div class=\"elementor-element elementor-element-c6e79a9 elementor-widget elementor-widget-text-editor\" data-id=\"c6e79a9\" data-element_type=\"widget\" data-e-type=\"widget\" data-widget_type=\"text-editor.default\">\n\t\t\t\t<div class=\"elementor-widget-container\">\n\t\t\t\t\t\t\t\t\tVINCES\t\t\t\t\t\t\t\t<\/div>\n\t\t\t\t<\/div>\n\t\t\t\t<div class=\"elementor-element elementor-element-62662be elementor-widget elementor-widget-heading\" data-id=\"62662be\" data-element_type=\"widget\" data-e-type=\"widget\" data-widget_type=\"heading.default\">\n\t\t\t\t<div class=\"elementor-widget-container\">\n\t\t\t\t\t<h2 class=\"elementor-heading-title elementor-size-default\">Parla amb Confian\u00e7a<\/h2>\t\t\t\t<\/div>\n\t\t\t\t<\/div>\n\t\t\t\t<div class=\"elementor-element elementor-element-fc15c0c texto-princ-cabecera elementor-widget elementor-widget-text-editor\" data-id=\"fc15c0c\" data-element_type=\"widget\" data-e-type=\"widget\" data-widget_type=\"text-editor.default\">\n\t\t\t\t<div class=\"elementor-widget-container\">\n\t\t\t\t\t\t\t\t\t<p>Aquest canal permet comunicar, de manera confidencial i, si aix\u00ed es desitja, an\u00f2nima, possibles infraccions normatives, penals o administratives, aix\u00ed com incompliments rellevants del Codi de Conducta o de les pol\u00edtiques internes de Vinces.<\/p><p>El canal es gestiona pel Responsable del Sistema Intern d&#8217;Informaci\u00f3, designat pel Consell d&#8217;Administraci\u00f3, amb plena independ\u00e8ncia i confidencialitat.<\/p><p>Les comunicacions hauran de realitzar-se de bona fe i sobre la base d&#8217;indicis raonables.<\/p><p>Es garanteix:<\/p><p>&#8211; la confidencialitat de la comunicaci\u00f3;<br>&#8211; la protecci\u00f3 de la identitat de l&#8217;informant;<br>&#8211; l&#8217;abs\u00e8ncia de repres\u00e0lies;<br>&#8211; la tramitaci\u00f3 conforme a la Llei 2\/2023.<\/p><p>Tamb\u00e9 pot dirigir-se al canal extern davant l&#8217;Autoritat Independent de Protecci\u00f3 de l&#8217;Informant.<\/p>\t\t\t\t\t\t\t\t<\/div>\n\t\t\t\t<\/div>\n\t\t\t\t<div class=\"elementor-element elementor-element-eca0c2d elementor-align-left boton_frase_somos elementor-widget elementor-widget-button\" data-id=\"eca0c2d\" data-element_type=\"widget\" data-e-type=\"widget\" data-widget_type=\"button.default\">\n\t\t\t\t<div class=\"elementor-widget-container\">\n\t\t\t\t\t\t\t\t\t<div class=\"elementor-button-wrapper\">\n\t\t\t\t\t<a class=\"elementor-button elementor-button-link elementor-size-sm\" href=\"https:\/\/vincesconsulting.com\/ca\/formulari-canal-intern-dinformacio\/\">\n\t\t\t\t\t\t<span class=\"elementor-button-content-wrapper\">\n\t\t\t\t\t\t\t\t\t<span class=\"elementor-button-text\">Enviar comunicaci\u00f3<\/span>\n\t\t\t\t\t<\/span>\n\t\t\t\t\t<\/a>\n\t\t\t\t<\/div>\n\t\t\t\t\t\t\t\t<\/div>\n\t\t\t\t<\/div>\n\t\t\t\t\t<\/div>\n\t\t<\/div>\n\t\t\t\t\t<\/div>\n\t\t<\/section>\n\t\t\t\t<\/div>\n\t\t","protected":false},"excerpt":{"rendered":"<p>Canal intern d&#8217;informaci\u00f3 VINCES Parla amb Confian\u00e7a Aquest canal permet comunicar, de manera confidencial i, si aix\u00ed es desitja, an\u00f2nima, possibles infraccions normatives, penals o administratives, aix\u00ed com incompliments rellevants del Codi de Conducta o de les pol\u00edtiques internes de Vinces. El canal es gestiona pel Responsable del Sistema Intern d&#8217;Informaci\u00f3, designat pel Consell d&#8217;Administraci\u00f3, [&hellip;]<\/p>\n","protected":false},"author":1,"featured_media":4956,"parent":0,"menu_order":0,"comment_status":"closed","ping_status":"closed","template":"","meta":{"_acf_changed":false,"footnotes":""},"class_list":["post-7521","page","type-page","status-publish","has-post-thumbnail","hentry"],"acf":[],"_links":{"self":[{"href":"https:\/\/vincesconsulting.com\/ca\/wp-json\/wp\/v2\/pages\/7521","targetHints":{"allow":["GET"]}}],"collection":[{"href":"https:\/\/vincesconsulting.com\/ca\/wp-json\/wp\/v2\/pages"}],"about":[{"href":"https:\/\/vincesconsulting.com\/ca\/wp-json\/wp\/v2\/types\/page"}],"author":[{"embeddable":true,"href":"https:\/\/vincesconsulting.com\/ca\/wp-json\/wp\/v2\/users\/1"}],"replies":[{"embeddable":true,"href":"https:\/\/vincesconsulting.com\/ca\/wp-json\/wp\/v2\/comments?post=7521"}],"version-history":[{"count":4,"href":"https:\/\/vincesconsulting.com\/ca\/wp-json\/wp\/v2\/pages\/7521\/revisions"}],"predecessor-version":[{"id":7540,"href":"https:\/\/vincesconsulting.com\/ca\/wp-json\/wp\/v2\/pages\/7521\/revisions\/7540"}],"wp:featuredmedia":[{"embeddable":true,"href":"https:\/\/vincesconsulting.com\/ca\/wp-json\/wp\/v2\/media\/4956"}],"wp:attachment":[{"href":"https:\/\/vincesconsulting.com\/ca\/wp-json\/wp\/v2\/media?parent=7521"}],"curies":[{"name":"wp","href":"https:\/\/api.w.org\/{rel}","templated":true}]}}