{"id":6888,"date":"2024-09-04T13:52:16","date_gmt":"2024-09-04T11:52:16","guid":{"rendered":"https:\/\/vincesconsulting.com\/politica-cookies\/"},"modified":"2024-09-04T15:46:03","modified_gmt":"2024-09-04T13:46:03","slug":"politica-cookies","status":"publish","type":"page","link":"https:\/\/vincesconsulting.com\/ca\/politica-cookies\/","title":{"rendered":"Pol\u00edtica cookies"},"content":{"rendered":"\t\t<div data-elementor-type=\"wp-page\" data-elementor-id=\"6888\" class=\"elementor elementor-6888 elementor-6868\" data-elementor-post-type=\"page\">\n\t\t\t\t\t\t<section class=\"elementor-section elementor-top-section elementor-element elementor-element-5b758f2 seccion_cookies elementor-section-boxed elementor-section-height-default elementor-section-height-default\" data-id=\"5b758f2\" data-element_type=\"section\" data-e-type=\"section\">\n\t\t\t\t\t\t<div class=\"elementor-container elementor-column-gap-default\">\n\t\t\t\t\t<div class=\"elementor-column elementor-col-100 elementor-top-column elementor-element elementor-element-371e51ad col_cookies\" data-id=\"371e51ad\" data-element_type=\"column\" data-e-type=\"column\">\n\t\t\t<div class=\"elementor-widget-wrap elementor-element-populated\">\n\t\t\t\t\t\t<div class=\"elementor-element elementor-element-40bc5493 cookies elementor-widget elementor-widget-text-editor\" data-id=\"40bc5493\" data-element_type=\"widget\" data-e-type=\"widget\" data-widget_type=\"text-editor.default\">\n\t\t\t\t<div class=\"elementor-widget-container\">\n\t\t\t\t\t\t\t\t\t<div class=\"ql-block\" data-block-id=\"block-ac8514b2-bee7-4f05-ad84-4002b523d01b\">En compliment de la Llei 34\/2002, d&#8217;11 de juliol, de serveis de la societat de la informaci\u00f3 i de comer\u00e7 electr\u00f2nic (LSSI o LSSICE), Vinces Consulting, S.L. (d&#8217;ara endavant \u201c<strong>Vinces<\/strong>\u201d), l&#8217;informa sobre l&#8217;\u00fas de les cookies el lloc web <a class=\"ql-link\" href=\"http:\/\/www.vincesconsulting.com\/\" target=\"_blank\" rel=\"noopener noreferrer\">www.vincesconsulting.com<\/a>. La present pol\u00edtica de cookies complementa la <a class=\"ql-link\" href=\"https:\/\/www.vincesconsulting.com\/politica-privacidad\/\" target=\"_blank\" rel=\"noopener noreferrer\">pol\u00edtica de privacitat<\/a> del lloc web. <\/div>\n<div class=\"ql-block\" data-block-id=\"block-71daca56-d17a-4534-893b-5ca660b7776f\"><u>\u00bf<\/u><strong><u>Qu\u00e8 s\u00f3n les cookies?<\/u><\/strong><\/div>\n<div class=\"ql-block\" data-block-id=\"block-c8bbe16c-5401-47f7-80ed-52e4252dd671\">Una cookie \u00e9s un arxiu que es descarrega en l&#8217;ordinador, Tel\u00e8fon intel\u00b7ligent, Tauleta, o dispositiu de navegaci\u00f3 de l&#8217;usuari en accedir a determinades p\u00e0gines web per a emmagatzemar i recuperar informaci\u00f3 de l&#8217;equip terminal. Entre altres funcions, permet emmagatzemar i recuperar informaci\u00f3 sobre, per exemple, els h\u00e0bits de navegaci\u00f3 d&#8217;un usuari amb la finalitat de millorar el servei ofert, analitzar la navegaci\u00f3 i servir publicitat personalitzada. <\/div>\n<div class=\"ql-block\" data-block-id=\"block-29bac5e2-463d-41f2-8912-d9aa66a75ed3\"><strong><u>Tipus de cookies<\/u><\/strong><\/div>\n<div class=\"ql-block\" data-block-id=\"block-3506fbf9-44e7-449e-be2f-d257772ce554\">Trobem les seg\u00fcents classificacions:<\/div>\n<div class=\"ql-block\" data-block-id=\"block-3536b110-2677-450d-af8a-f18173ee56dc\"><strong>Segons qui sigui l&#8217;entitat que gestioni el domini des d&#8217;on s&#8217;envien les cookies i tracti les dades que s&#8217;obtinguin es poden distingir dos tipus:<\/strong><\/div>\n<ul>\n<li><strong>Cookies pr\u00f2pies:<\/strong> s\u00f3n aquelles que s&#8217;envien al teu equip terminal des dels nostres propis equips o dominis.<\/li>\n<li><strong>Cookies de tercers: <\/strong>s\u00f3n aquelles que s&#8217;envien al teu equip terminal des d&#8217;un equip o domini d&#8217;una altra entitat aliena a l&#8217;editor de la p\u00e0gina web.<\/li>\n<\/ul>\n<div class=\"ql-block\" data-block-id=\"block-c26f16f8-80f5-4dca-bcd0-878f4b312958\"><strong>Segons el termini de temps que romanen emmagatzemades en el navegador de l&#8217;usuari, podent tractar-se de:<\/strong><\/div>\n<ul>\n<li><strong>Cookies de sessi\u00f3:<\/strong>aquelles cookies activades mentre l&#8217;usuari navega per la p\u00e0gina web (mentre mant\u00e9 activa la sessi\u00f3).<\/li>\n<li><strong>Cookies persistents:<\/strong> aquelles cookies emmagatzemades per un temps determinat en l&#8217;equip terminal de l&#8217;usuari, mantenint-se de forma m\u00e9s prolongada que la mera navegaci\u00f3. Ens permeten recordar, entre altres, configuracions, prefer\u00e8ncies i informaci\u00f3 guardeu pr\u00e8viament per l&#8217;usuari. <\/li>\n<\/ul>\n<div class=\"ql-block\" data-block-id=\"block-a37174a4-a8ac-4d87-bba2-82c41eb33ef5\"><strong>Segons la finalitat per a la qual es tractin les dades obtingudes:<\/strong><\/div>\n<ul>\n<li><strong>Cookies t\u00e8cniques:<\/strong> aquelles que permeten a l&#8217;usuari la navegaci\u00f3 a trav\u00e9s de la p\u00e0gina web i la utilitzaci\u00f3 de les diferents opcions o serveis que en ella existeixen com, per exemple, permetre reproducci\u00f3 de multim\u00e8dia de tercers, ajustos d&#8217;interf\u00edcie, flu\u00efdesa de navegaci\u00f3, utilitzar elements de seguretat durant la navegaci\u00f3, recon\u00e8ixer inicis de sessi\u00f3, controlar acc\u00e9s a \u00e0rees privades, etc. Aquestes cookies, per tant, s\u00f3n imprescindibles per a poder prestar-li els serveis de navegaci\u00f3 de la nostra web. <\/li>\n<li><strong>Cookies de personalitzaci\u00f3:<\/strong> aquelles que permeten a l&#8217;usuari accedir al servei amb unes caracter\u00edstiques generals i predefinides en funci\u00f3 d&#8217;una s\u00e8rie de criteris en el terminal de l&#8217;usuari (idioma, tipus de navegador\u2026).<\/li>\n<li><strong>Cookies d&#8217;an\u00e0lisis:<\/strong> aquelles que permeten el seguiment i an\u00e0lisi estad\u00edstica del comportament del conjunt dels usuaris dels llocs web als quals estan vinculades.<\/li>\n<li><strong>Cookies publicit\u00e0ries:<\/strong> aquelles que permeten la gesti\u00f3 dels espais publicitaris en la p\u00e0gina web, aplicaci\u00f3 o plataforma des de la qual es presta el servei sol\u00b7licitat.<\/li>\n<li><strong>Cookies de publicitat comportamental:<\/strong> aquelles que emmagatzemen informaci\u00f3 del comportament dels usuaris obtinguda a trav\u00e9s dels h\u00e0bits de navegaci\u00f3 de l&#8217;usuari, la qual cosa permet desenvolupar un perfil espec\u00edfic per a mostrar publicitat.<\/li>\n<\/ul>\n<div class=\"ql-block\" data-block-id=\"block-75aaea46-bc2e-4835-8619-ec8ff6919d13\"><strong><u>Cookies utilitzades en la nostra web<\/u><\/strong><\/div>\n<div class=\"ql-block\" data-block-id=\"block-79faaee3-e55f-4248-9c7d-ec6793a772f2\">A continuaci\u00f3 s&#8217;identifiquen les cookies que estan sent utilitzades en el nostre lloc web, aix\u00ed com la seva tipologia i funci\u00f3:<\/div>\n<ul>\n<li><strong>Cookies t\u00e8cniques:<\/strong> aquelles cookies necess\u00e0ries per a l&#8217;\u00fas del lloc web i per a la prestaci\u00f3 de serveis.<\/li>\n<\/ul>\n<div class=\"ql-block\" data-block-id=\"block-36c952dc-7127-4dfb-8ee5-d67e3cf7d0b2\"><strong>T\u00e8cniques<\/strong><\/div>\n<div class=\"ql-block\" data-block-id=\"block-637058a3-43a0-4a11-99f6-9e2b232b0534\"><strong> <\/strong><\/div>\n<div class=\"clickup-table-view\" contenteditable=\"false\">\n<table class=\"clickup-table\">\n<colgroup>\n<col width=\"124\">\n<col width=\"124\">\n<col width=\"124\">\n<col width=\"124\"><\/colgroup>\n<tbody>\n<tr data-row=\"1\">\n<td contenteditable=\"true\" colspan=\"1\" rowspan=\"1\" data-row=\"1\" data-cell=\"1-1\">\n<div class=\"qlbt-cell-line\" data-row=\"1\" data-cell=\"1-1\" data-rowspan=\"1\" data-colspan=\"1\" data-block-id=\"block-fac353a3-5cf2-4994-8ea8-f71e469bf7e5\"><strong>Denominaci\u00f3<\/strong><\/div>\n<\/td>\n<td contenteditable=\"true\" colspan=\"1\" rowspan=\"1\" data-row=\"1\" data-cell=\"1-2\">\n<div class=\"qlbt-cell-line\" data-row=\"1\" data-cell=\"1-2\" data-rowspan=\"1\" data-colspan=\"1\" data-block-id=\"block-1e8aba68-67ca-40d9-9233-108589d38bb5\"><strong>Finalitat<\/strong><\/div>\n<\/td>\n<td contenteditable=\"true\" colspan=\"1\" rowspan=\"1\" data-row=\"1\" data-cell=\"1-3\">\n<div class=\"qlbt-cell-line\" data-row=\"1\" data-cell=\"1-3\" data-rowspan=\"1\" data-colspan=\"1\" data-block-id=\"block-0f88b63b-2516-46d1-94f1-d8ef4fb6df3d\"><strong>Durada<\/strong><\/div>\n<\/td>\n<td contenteditable=\"true\" colspan=\"1\" rowspan=\"1\" data-row=\"1\" data-cell=\"1-4\">\n<div class=\"qlbt-cell-line\" data-row=\"1\" data-cell=\"1-4\" data-rowspan=\"1\" data-colspan=\"1\" data-block-id=\"block-81af0c4a-bb36-4ee7-9099-fd682c39cd9d\"><strong>Titular<\/strong><\/div>\n<\/td>\n<\/tr>\n<tr data-row=\"2\">\n<td contenteditable=\"true\" colspan=\"1\" rowspan=\"1\" data-row=\"2\" data-cell=\"2-1\">\n<div class=\"qlbt-cell-line\" data-row=\"2\" data-cell=\"2-1\" data-rowspan=\"1\" data-colspan=\"1\" data-block-id=\"block-12e4a236-a595-4d89-a1bc-ac7b6431a573\">pil_language<\/div>\n<\/td>\n<td contenteditable=\"true\" colspan=\"1\" rowspan=\"1\" data-row=\"2\" data-cell=\"2-2\">\n<div class=\"qlbt-cell-line\" data-row=\"2\" data-cell=\"2-2\" data-rowspan=\"1\" data-colspan=\"1\" data-block-id=\"block-59e34ac4-f712-4123-9592-42f8a4223471\">Guarda l&#8217;idioma triat en la navegaci\u00f3.<\/div>\n<\/td>\n<td contenteditable=\"true\" colspan=\"1\" rowspan=\"1\" data-row=\"2\" data-cell=\"2-3\">\n<div class=\"qlbt-cell-line\" data-row=\"2\" data-cell=\"2-3\" data-rowspan=\"1\" data-colspan=\"1\" data-block-id=\"block-b4416e8f-3e2d-4eae-9eeb-5973a0da533d\">1 any<\/div>\n<\/td>\n<td contenteditable=\"true\" colspan=\"1\" rowspan=\"1\" data-row=\"2\" data-cell=\"2-4\">\n<div class=\"qlbt-cell-line\" data-row=\"2\" data-cell=\"2-4\" data-rowspan=\"1\" data-colspan=\"1\" data-block-id=\"block-7bff51b4-0816-4ab6-891a-144ca60c47b1\">Cookie pr\u00f2pia<\/div>\n<\/td>\n<\/tr>\n<tr data-row=\"3\">\n<td contenteditable=\"true\" colspan=\"1\" rowspan=\"1\" data-row=\"3\" data-cell=\"3-1\">\n<div class=\"qlbt-cell-line\" data-row=\"3\" data-cell=\"3-1\" data-rowspan=\"1\" data-colspan=\"1\" data-block-id=\"block-ee17c711-a9d0-4e39-b054-c50e472c85a5\">Moove_gdpr_popup<\/div>\n<\/td>\n<td contenteditable=\"true\" colspan=\"1\" rowspan=\"1\" data-row=\"3\" data-cell=\"3-2\">\n<div class=\"qlbt-cell-line\" data-row=\"3\" data-cell=\"3-2\" data-rowspan=\"1\" data-colspan=\"1\" data-block-id=\"block-16fcea22-3056-41b7-8433-fced26cc19ca\">Guarda la configuraci\u00f3 de cookies de l&#8217;usuari.<\/div>\n<\/td>\n<td contenteditable=\"true\" colspan=\"1\" rowspan=\"1\" data-row=\"3\" data-cell=\"3-3\">\n<div class=\"qlbt-cell-line\" data-row=\"3\" data-cell=\"3-3\" data-rowspan=\"1\" data-colspan=\"1\" data-block-id=\"block-dca48702-89f7-4269-b414-29817cff7718\">1 any<\/div>\n<\/td>\n<td contenteditable=\"true\" colspan=\"1\" rowspan=\"1\" data-row=\"3\" data-cell=\"3-4\">\n<div class=\"qlbt-cell-line\" data-row=\"3\" data-cell=\"3-4\" data-rowspan=\"1\" data-colspan=\"1\" data-block-id=\"block-0457eb95-2b35-4a68-9f8d-72e0c4e3b61a\">Cookie pr\u00f2pia<\/div>\n<\/td>\n<\/tr>\n<\/tbody>\n<\/table>\n<\/div>\n<div class=\"ql-block\" data-block-id=\"block-2124c387-a141-4a16-a465-a53ba2d73ef6\"><strong> <\/strong><\/div>\n<div class=\"ql-block\" data-block-id=\"block-a42dbef1-c53e-487e-85c3-2e4c7f441cee\"><strong> <\/strong><\/div>\n<div class=\"ql-block\" data-block-id=\"block-62fb58b0-6b79-48c4-bb5a-68d3fb3d7ddb\"><strong>Per quant temps conservem les dades? <\/strong><\/div>\n<div class=\"ql-block\" data-block-id=\"block-120213ab-b49f-4474-a858-2b3d848343ca\">En el cas que mitjan\u00e7ant l&#8217;\u00fas de cookies recaptem dades considerades, d&#8217;acord amb la normativa vigent, com a dades personals, tractarem i conservarem els mateixos durant el temps necessari per a aconseguir la finalitat perseguida amb el seu \u00fas, en funci\u00f3 de cada cas.<\/div>\n<div class=\"ql-block\" data-block-id=\"block-8ccdd93f-443a-48bf-83b4-a20e21d9af61\">Una vegada aconseguits aquests prop\u00f2sits, podran conservar-se degudament bloquejats davant l&#8217;esdeveniment de resultar necessaris per a l&#8217;exercici, formulaci\u00f3 o defensa d&#8217;accions i reclamacions en relaci\u00f3 amb el seu \u00fas, despr\u00e9s de la qual cosa es procedir\u00e0 amb la completa eliminaci\u00f3 de la informaci\u00f3.<\/div>\n<div class=\"ql-block\" data-block-id=\"block-7a6d5373-2d00-4b84-bcdc-d8a4efc690e1\">No es preveu la transfer\u00e8ncia internacional per part de Vinces respecte de les dades recaptades emprant cookies. Sense perjudici d&#8217;aix\u00f2, respecte de les transfer\u00e8ncies que, en cada cas, puguin fer els tercers instal\u00b7ladors de cookies en la nostra p\u00e0gina web, pots obtenir informaci\u00f3 en les seves respectives pol\u00edtiques. Pots accedir a la informaci\u00f3 facilitada per Google en el seg\u00fcent enlla\u00e7  <\/div>\n<div class=\"ql-block\" data-block-id=\"block-bc4892fd-c299-4b74-b993-189b4fb1944a\"><strong>Gesti\u00f3 de les cookies <\/strong><\/div>\n<div class=\"ql-block\" data-block-id=\"block-2c978380-8026-4275-94eb-243b8db7d257\">L&#8217;usuari pot reconfigurar les seves prefer\u00e8ncies quant a cookies, prestar el seu consentiment a l&#8217;\u00fas de cookies o revocar-lo en qualsevol moment a trav\u00e9s de l&#8217;enlla\u00e7 Configuraci\u00f3 de cookies<\/div>\n<div class=\"ql-block\" data-block-id=\"block-5defb2a8-2005-4068-9122-394681d3dd89\">Aix\u00ed mateix, l&#8217;usuari pot prestar el seu consentiment a l&#8217;\u00fas de cookies o revocar-lo en qualsevol moment utilitzant el seu navegador, pel qual pot permetre, restringir, bloquejar o esborrar les cookies utilitzades des del nostre Lloc web.<\/div>\n<div class=\"ql-block\" data-block-id=\"block-77bbf257-d14f-479c-9a19-b2bd184219fc\">La manera de fer-ho ser\u00e0 diferent en funci\u00f3 del tipus de navegador utilitzat durant la navegaci\u00f3. En els seg\u00fcents enlla\u00e7os t\u00e9 a la seva disposici\u00f3 tota la informaci\u00f3 per a configurar o deshabilitar les cookies en cada navegador: <\/div>\n<ul>\n<li><a class=\"ql-link\" href=\"http:\/\/windows.microsoft.com\/es-xl\/internet-explorer\/delete-manage-cookies#ie=ie-10\" target=\"_blank\" rel=\"noopener noreferrer\"><a href=\"http:\/\/windows.microsoft.com\/es-xl\/internet-explorer\/delete-manage-cookies#ie=ie-10\">Internet Explorer<\/a><\/a><\/li>\n<li><a class=\"ql-link\" href=\"https:\/\/support.mozilla.org\/es\/kb\/Borrar%20cookies\" target=\"_blank\" rel=\"noopener noreferrer\"><a href=\"https:\/\/support.mozilla.org\/es\/kb\/Borrar%20cookies\">Firefox<\/a><\/a><\/li>\n<li><a class=\"ql-link\" href=\"https:\/\/support.google.com\/chrome\/answer\/95647?hl=es\" target=\"_blank\" rel=\"noopener noreferrer\"><a href=\"https:\/\/support.google.com\/chrome\/answer\/95647?hl=es\">Chrome<\/a><\/a><\/li>\n<li><a class=\"ql-link\" href=\"http:\/\/www.apple.com\/legal\/privacy\/es\/cookies\/\" target=\"_blank\" rel=\"noopener noreferrer\"><a href=\"http:\/\/www.apple.com\/legal\/privacy\/es\/cookies\/\">Safari<\/a><\/a><\/li>\n<\/ul>\n<div class=\"ql-block\" data-block-id=\"block-fb493094-ed91-421b-8e0e-9e9936cfe6e7\">A m\u00e9s, l&#8217;usuari tamb\u00e9 pot gestionar l&#8217;emmagatzematge de cookies del seu navegador i la seva desactivaci\u00f3 a trav\u00e9s d&#8217;eines com:<\/div>\n<ul>\n<li><a class=\"ql-link\" href=\"https:\/\/www.ghostery.com\/\" target=\"_blank\" rel=\"noopener noreferrer\"><a href=\"https:\/\/www.ghostery.com\/\">Ghostery<\/a><\/a><\/li>\n<li><a class=\"ql-link\" href=\"http:\/\/www.youronlinechoices.com\/es\/\" target=\"_blank\" rel=\"noopener noreferrer\"><a href=\"http:\/\/www.youronlinechoices.com\/es\/\">Your online choices<\/a><\/a><\/li>\n<\/ul>\n<div class=\"ql-block\" data-block-id=\"block-468de52e-6469-43fa-bb4c-b5898b958ea4\">En cas que l&#8217;usuari no permeti la instal\u00b7laci\u00f3 de les cookies en el seu equip terminal a trav\u00e9s del seu navegador \u00e9s possible que no pugui accedir correctament als continguts i serveis de la nostra web.<\/div>\n<div class=\"ql-block\" data-block-id=\"block-8382e37f-3630-40e1-8cf4-5bb16015dd51\">La present Pol\u00edtica de Cookies podr\u00e0 ser objecte de modificacions. Per a m\u00e9s informaci\u00f3 sobre les dades recollides a trav\u00e9s de les cookies, posi&#8217;s en contacte amb nosaltres en la seg\u00fcent adre\u00e7a: <a class=\"ql-link\" href=\"mailto:privacy@vincesconsulting.com\" target=\"_blank\" rel=\"noopener noreferrer\">privacy@vincesconsulting.com<\/a> <\/div>\n\t\t\t\t\t\t\t\t<\/div>\n\t\t\t\t<\/div>\n\t\t\t\t\t<\/div>\n\t\t<\/div>\n\t\t\t\t\t<\/div>\n\t\t<\/section>\n\t\t\t\t<\/div>\n\t\t","protected":false},"excerpt":{"rendered":"<p>En cumplimiento de la Ley 34\/2002, de 11 de julio, de servicios de la sociedad de la informaci\u00f3n y de comercio electr\u00f3nico (LSSI o LSSICE), Vinces Consulting, S.L. (en adelante \u201cVinces\u201d), le informa acerca del uso de las cookies el sitio web www.vincesconsulting.com. La presente pol\u00edtica de cookies complementa la pol\u00edtica de privacidad del sitio [&hellip;]<\/p>\n","protected":false},"author":1,"featured_media":4956,"parent":0,"menu_order":0,"comment_status":"closed","ping_status":"closed","template":"","meta":{"_acf_changed":false,"footnotes":""},"class_list":["post-6888","page","type-page","status-publish","has-post-thumbnail","hentry"],"acf":[],"_links":{"self":[{"href":"https:\/\/vincesconsulting.com\/ca\/wp-json\/wp\/v2\/pages\/6888","targetHints":{"allow":["GET"]}}],"collection":[{"href":"https:\/\/vincesconsulting.com\/ca\/wp-json\/wp\/v2\/pages"}],"about":[{"href":"https:\/\/vincesconsulting.com\/ca\/wp-json\/wp\/v2\/types\/page"}],"author":[{"embeddable":true,"href":"https:\/\/vincesconsulting.com\/ca\/wp-json\/wp\/v2\/users\/1"}],"replies":[{"embeddable":true,"href":"https:\/\/vincesconsulting.com\/ca\/wp-json\/wp\/v2\/comments?post=6888"}],"version-history":[{"count":3,"href":"https:\/\/vincesconsulting.com\/ca\/wp-json\/wp\/v2\/pages\/6888\/revisions"}],"predecessor-version":[{"id":6891,"href":"https:\/\/vincesconsulting.com\/ca\/wp-json\/wp\/v2\/pages\/6888\/revisions\/6891"}],"wp:featuredmedia":[{"embeddable":true,"href":"https:\/\/vincesconsulting.com\/ca\/wp-json\/wp\/v2\/media\/4956"}],"wp:attachment":[{"href":"https:\/\/vincesconsulting.com\/ca\/wp-json\/wp\/v2\/media?parent=6888"}],"curies":[{"name":"wp","href":"https:\/\/api.w.org\/{rel}","templated":true}]}}