{"id":6653,"date":"2023-08-14T13:09:46","date_gmt":"2023-08-14T11:09:46","guid":{"rendered":"https:\/\/servidor7.rubrika.es\/politica-de-privacitat-2\/"},"modified":"2024-03-25T10:04:27","modified_gmt":"2024-03-25T09:04:27","slug":"politica-de-privacitat-2","status":"publish","type":"page","link":"https:\/\/vincesconsulting.com\/ca\/politica-de-privacitat-2\/","title":{"rendered":"Pol\u00edtica de privacitat"},"content":{"rendered":"\t\t<div data-elementor-type=\"wp-page\" data-elementor-id=\"6653\" class=\"elementor elementor-6653 elementor-3\" data-elementor-post-type=\"page\">\n\t\t\t\t\t\t<section class=\"elementor-section elementor-top-section elementor-element elementor-element-f3c06e6 elementor-section-boxed elementor-section-height-default elementor-section-height-default\" data-id=\"f3c06e6\" data-element_type=\"section\" data-e-type=\"section\">\n\t\t\t\t\t\t<div class=\"elementor-container elementor-column-gap-default\">\n\t\t\t\t\t<div class=\"elementor-column elementor-col-100 elementor-top-column elementor-element elementor-element-aceb13b\" data-id=\"aceb13b\" data-element_type=\"column\" data-e-type=\"column\">\n\t\t\t<div class=\"elementor-widget-wrap elementor-element-populated\">\n\t\t\t\t\t\t<div class=\"elementor-element elementor-element-ca9ef06 elementor-widget elementor-widget-text-editor\" data-id=\"ca9ef06\" data-element_type=\"widget\" data-e-type=\"widget\" data-widget_type=\"text-editor.default\">\n\t\t\t\t<div class=\"elementor-widget-container\">\n\t\t\t\t\t\t\t\t\t<p>Vinces Consulting, S.L., en compliment de la normativa de protecci\u00f3 de dades personals, informa l&#8217;usuari del present lloc web (d&#8217;ara endavant, el \u201c<strong>Usuari<\/strong>\u201d), contingut en la p\u00e0gina <a href=\"http:\/\/www.vincesconsulting.com\/\">www.vincesconsulting.com<\/a> (d&#8217;ara endavant, el \u201c<strong>Lloc web<\/strong>\u201d), de les seg\u00fcents condicions, que regiran el tractament de les seves dades personals en el marc de l&#8217;ocupaci\u00f3 i interacci\u00f3 amb el Lloc web, aix\u00ed com el tractament de les seves dades quant al contacte que pugui establir amb Vinces Consulting.<\/p>\n<h3>Responsable del tractament de dades personals<\/h3>\n<p><strong>Vinces Consulting, S.L.<\/strong>(d&#8217;ara endavant, \u201c<strong>Vinces<\/strong>\u201d), amb domicili social en Carrer de Fortuny 45, 28010, Madrid (Espanya), i amb N\u00famero d&#8217;Identificaci\u00f3 Fiscal (NIF) B-85722106.<\/p>\n<p>Vinces compta amb una \u00e0rea dedicada a l&#8217;atenci\u00f3 i gesti\u00f3 de totes les q\u00fcestions relacionades amb protecci\u00f3 de dades. A aquest efecte, l&#8217;Usuari pot contactar amb aquesta \u00e0rea en l&#8217;adre\u00e7a <a href=\"mailto:privacidad@vincesconsulting.com\">privacidad@vincesconsulting.com<\/a><\/p>\n<h3>Finalitat del tractament de les dades i base de legitimaci\u00f3<\/h3>\n<p>Les dades personals de l&#8217;Usuari seran tractats per Vinces amb les seg\u00fcents finalitats i sobre les seg\u00fcents bases de legitimaci\u00f3.<\/p>\n<h4><u>Finalitat 1:<\/u><u>atenci\u00f3 de comunicacions, sol\u00b7licituds d&#8217;informaci\u00f3 i resoluci\u00f3 de<\/u> <u>consultes<\/u><\/h4>\n<ul>\n<li><strong>Dades tractades amb aquesta finalitat:<\/strong>dades identificatives i de contacte comunicats a trav\u00e9s dels mitjans proporcionats per Vinces, com per exemple el formulari contingut en el Lloc web, per correu electr\u00f2nic o per tel\u00e8fon. Concretament, i entre altres dades que es poguessin comunicar en funci\u00f3 de la consulta o comunicaci\u00f3 concreta que es traslladi, es preveu el tractament del nom, cognoms, adre\u00e7a de correu electr\u00f2nic, tel\u00e8fon, carrego professional i empresa o entitat en la qual treballa l&#8217;Usuari.<\/li>\n<li><strong>Descripci\u00f3 de la finalitat:<\/strong>atendre la consulta plantejada i facilitar aquella informaci\u00f3 sol\u00b7licitada per l&#8217;Usuari.<\/li>\n<li><strong>Base de legitimaci\u00f3:<\/strong>consentiment de l&#8217;Usuari a trav\u00e9s de l&#8217;enviament del formulari, entenent que l&#8217;enviament de la consulta constitueix una clara acci\u00f3 afirmativa per al tractament de les dades a fi de resoldre-la.<\/li>\n<\/ul>\n<h4><u>Finalitat 2<\/u><u>:gesti\u00f3 de la relaci\u00f3 amb el client<\/u><\/h4>\n<ul>\n<li><strong>Dades tractades amb aquesta finalitat: <\/strong>dades identificatives, de contacte i, si \u00e9s el cas, de naturalesa econ\u00f2mica, formativa i acad\u00e8mica, comunicats a trav\u00e9s dels mitjans proporcionats per Vinces, com per exemple el formulari contingut en el Lloc web, per correu electr\u00f2nic, per tel\u00e8fon, en el contracte de prestaci\u00f3 de serveis o durant el desenvolupament de la relaci\u00f3 amb Vinces. Concretament, i entre altres dades que es poguessin comunicar, es preveu el tractament del nom, cognoms, adre\u00e7a de correu electr\u00f2nic, tel\u00e8fon, carrego professional i empresa o entitat en la qual treballa el titular de les dades tractades.<\/li>\n<li><strong>Descripci\u00f3 de la finalitat:<\/strong>gestionar, en el marc de prestaci\u00f3 dels seus serveis, tots els aspectes que es poguessin derivar de la relaci\u00f3 jur\u00eddica entaulada amb Vinces.<\/li>\n<li><strong>Base de legitimaci\u00f3:<\/strong>execuci\u00f3 de la relaci\u00f3 contractual.<\/li>\n<\/ul>\n<h4><u>Finalitat 3:<\/u><u>anal\u00edtica de dades per mitj\u00e0 de cookies<\/u><\/h4>\n<ul>\n<li><strong>Dades tractades amb aquesta finalitat:<\/strong>en funci\u00f3 del cas, podran tractar-se dades identificatives, de contacte i de navegaci\u00f3. Per exemple: h\u00e0bits de navegaci\u00f3 (patrons de navegaci\u00f3, funcionalitats i serveis m\u00e9s sol\u00b7licitats, prefer\u00e8ncies, etc) o identificadors de la navegaci\u00f3 (dispositiu de navegaci\u00f3 o adre\u00e7a IP).<\/li>\n<li><strong>Descripci\u00f3 de la finalitat:<\/strong>analitzar la navegaci\u00f3 de l&#8217;Usuari en el Lloc web a fi de con\u00e8ixer els patrons de navegaci\u00f3 i aix\u00ed millorar el Lloc web en aquelles que es detecti resulten negatives per a l&#8217;experi\u00e8ncia d&#8217;usuari i utilitzaci\u00f3 del Lloc web.<\/li>\n<li><strong>Base de legitimaci\u00f3:<\/strong> consentiment de l&#8217;interessat, atorgat d&#8217;acord amb l&#8217;assenyalat en la nostra pol\u00edtica de cookies.<\/li>\n<\/ul>\n<h4><u>Finalitat 4:<\/u><u>enviament de comunicacions comercials pr\u00f2pies<\/u><\/h4>\n<ul>\n<li><strong>Dades tractades amb aquesta finalitat:<\/strong> dades identificatives i de contacte, com ara nom, cognom i adre\u00e7a de correu electr\u00f2nic.<\/li>\n<li><strong>Descripci\u00f3 de la finalitat:<\/strong> remetre comunicacions comercials relacionades amb l&#8217;activitat de Vinces.<\/li>\n<li><strong>Base de legitimaci\u00f3:<\/strong>consentiment de l&#8217;Usuari (destinatari de les comunicacions). L&#8217;Usuari, en qualsevol moment, pot retirar el consentiment prestat dirigint-se per escrit a <a href=\"mailto:privacidad@vincesconsulting.com\">privacidad@vincesconsulting.com<\/a><\/li>\n<\/ul>\n<h4><u>Finalitat 5:<\/u><u>gesti\u00f3 de l&#8217;\u00e0rea reservada del Lloc web<\/u><\/h4>\n<ul>\n<li><strong>Dades tractades amb aquesta finalitat:<\/strong> dades identificatives, de contacte i professionals, com ara nom, cognom, adre\u00e7a de correu electr\u00f2nic, carrego professional i empresa o entitat en la qual treballa l&#8217;Usuari.<\/li>\n<li><strong>Descripci\u00f3 de la finalitat:<\/strong> concedir i gestionar l&#8217;habilitaci\u00f3 d&#8217;acc\u00e9s a l&#8217;\u00e0rea reservada del Lloc web.<\/li>\n<li><strong>Base de legitimaci\u00f3:<\/strong>execuci\u00f3 de la relaci\u00f3 contractual i prestaci\u00f3 del servei sol\u00b7licitat (acc\u00e9s a l&#8217;\u00e0rea reservada).<\/li>\n<\/ul>\n<h4><u>Finalitat 6:<\/u><u>captaci\u00f3 de talent.<\/u><\/h4>\n<ul>\n<li><strong>Dades tractades amb aquesta finalitat:<\/strong> dades identificatives, de contacte i professionals, com ara el nom, cognom, adre\u00e7a de correu electr\u00f2nic, formaci\u00f3 acad\u00e8mica i experi\u00e8ncia laboral pr\u00e8via.<\/li>\n<li><strong>Descripci\u00f3 de la finalitat:<\/strong> gesti\u00f3 de les candidatures d&#8217;ocupaci\u00f3 que es poguessin publicar a cada moment, aix\u00ed com gestionar la base de dades de curr\u00edculums rebuts per mitjans electr\u00f2nics, a l&#8217;efecte de poder estudiar els curr\u00edculums i valorar noves incorporacions a l&#8217;equip de Vinces.<\/li>\n<li><strong>Base de legitimaci\u00f3:<\/strong> establiment de mesures precontractuals a petici\u00f3 de l&#8217;interessat, amb intenci\u00f3 de concloure un contracte, en el marc dels processos de selecci\u00f3 als quals concorri el remitent del curr\u00edculum.<\/li>\n<\/ul>\n<h4><u>Tractament de dades de localitzaci\u00f3 professional<\/u><\/h4>\n<p>A m\u00e9s de les anteriors finalitats, m\u00e9s relacionades amb els Usuaris del Lloc web, Vinces tamb\u00e9 tracta dades personals relacionades amb persones f\u00edsiques que mantenen una relaci\u00f3 professional amb entitats i organismes rellevants en els \u00e0mbits pol\u00edtic, regulador i social, com per exemple en ministeris, partits pol\u00edtics, organismes i administracions p\u00fabliques, parlaments, associacions professionals, associacions de consumidors o fundacions<\/p>\n<p>Les dades tractades s\u00f3n dades identificatives, de contacte i professionals, com ara per exemple el nom i cognoms, adre\u00e7a de correu electr\u00f2nic i tel\u00e8fon de contacte, professi\u00f3, traject\u00f2ria professional, i c\u00e0rrec professional ocupat en l&#8217;actualitat.<\/p>\n<p>La finalitat a la qual respon l&#8217;anterior tractament de dades consisteix a poder localitzar professionalment als interessats (representants p\u00fablics, reguladors i socials), a fi de contactar amb ells en termes professionals en el marc de la labor de consultoria estrat\u00e8gica que realitza Vinces.<\/p>\n<p>El tractament es funda en l&#8217;inter\u00e8s leg\u00edtim de Vinces, consistent a tenir identificats, a cada moment, als representants significatius dels entorns pol\u00edtic, regulador i social, amb la finalitat de poder desenvolupar la citada labor de consultoria estrat\u00e8gica. Els interessats afectats pel present tractament poden <strong>(i)<\/strong>obtenir m\u00e9s informaci\u00f3 sobre el tractament que es realitza de les seves dades i <strong>(ii)<\/strong>exercitar el seu dret d&#8217;oposici\u00f3 al tractament contactant en l&#8217;adre\u00e7a <a href=\"mailto:privacidad@vincesconsulting.com\">privacidad@vincesconsulting.com<\/a>.<\/p>\n<h3>Terminis de conservaci\u00f3 de les dades personals<\/h3>\n<p>Les dades personals objecte de tractament seran conservats durant el temps prec\u00eds per a complir la finalitat declarada en cada cas. A mode de refer\u00e8ncia, poden observar-se els seg\u00fcents terminis de conservaci\u00f3:<\/p>\n<ul>\n<li>Resoluci\u00f3 de consultes, sol\u00b7licitud d&#8217;informaci\u00f3 o atenci\u00f3 d&#8217;incid\u00e8ncies: les dades seran conservades durant el temps prec\u00eds per a solucionar aquell dubte o q\u00fcesti\u00f3 plantejada a Vinces, aix\u00ed com durant el temps prec\u00eds per a gestionar les incid\u00e8ncies que es produeixin.<\/li>\n<li>Enviament de comunicacions comercials: les dades seran conservades durant el temps que es mantingui la circumst\u00e0ncia habilitadora del tractament. Aix\u00f2 \u00e9s: el consentiment de l&#8217;Usuari.<\/li>\n<li>Conservaci\u00f3 de curr\u00edculums: els curr\u00edculums rebuts podran ser conservats durant el termini d&#8217;1 any despr\u00e9s de la seva \u00faltima actualitzaci\u00f3, en previsi\u00f3 de la seva utilitat per a cobrir futures vacants en l&#8217;equip de Vinces.<\/li>\n<\/ul>\n<h3>Destinataris de les dades personals<\/h3>\n<p>Les dades personals, en l\u00ednia amb les finalitats anteriorment indicades, podran ser comunicats:<\/p>\n<ol>\n<li>A prove\u00efdors de Vinces, que desenvoluparan les seves funcions en condici\u00f3 d&#8217;encarregats del tractament. L&#8217;Usuari (o un altre interessat) pot sol\u00b7licitar informaci\u00f3 sobre els encarregats amb els quals compta Vinces a cada moment per al desenvolupament de la seva activitat.<\/li>\n<li>A Jutges, Tribunals o Administracions P\u00fabliques als qui Vinces es vei\u00e9s obligada a comunicar dades personals d&#8217;algun Usuari.<\/li>\n<\/ol>\n<p>No es preveu la transfer\u00e8ncia internacional de les dades personals dels Usuaris. No obstant aix\u00f2, en cas d&#8217;efectuar-se alguna transfer\u00e8ncia internacional, es dur\u00e0 a terme atenent els criteris i requisits exigits per la normativa vigent, per mitj\u00e0 de l&#8217;adopci\u00f3 de garanties jur\u00eddiques adequades, les quals podran consistir en la formalitzaci\u00f3 amb el destinatari de les dades de <strong>(i) <\/strong>Cl\u00e0usules Contractuals Tipus aprovades per la Comissi\u00f3 Europea per a legitimar la transfer\u00e8ncia internacional de dades a tercers pa\u00efsos o <strong>(ii) <\/strong>en un altre instrument jur\u00eddic v\u00e0lid que permeti garantir un nivell adequat de protecci\u00f3 equivalent al de l&#8217;Espai Econ\u00f2mic Europeu.<\/p>\n<h3>Drets dels Usuaris<\/h3>\n<p>L&#8217;Usuari podr\u00e0 exercitar davant Vinces, en cas que resultin d&#8217;aplicaci\u00f3, els drets d&#8217;acc\u00e9s, rectificaci\u00f3 o supressi\u00f3, limitaci\u00f3 del seu tractament, oposici\u00f3, portabilitat, a oposar-se a decisions individuals automatitzades i a retirar el consentiment atorgat, dirigint-se per a aix\u00f2 per escrit al correu electr\u00f2nic <a href=\"mailto:privacidad@vincesconsulting.com\">privacidad@vincesconsulting.com <\/a>o al domicili social anteriorment indicat.<\/p>\n<p>Addicionalment, s&#8217;informa l&#8217;Usuari del dret que li assisteix a interposar una reclamaci\u00f3 davant l&#8217;Ag\u00e8ncia Espanyola de Protecci\u00f3 de Dades, en cas d&#8217;entendre que els seus drets s&#8217;han vist vulnerats.<\/p>\n<p><em>Versi\u00f3 de la pol\u00edtica: juny 2021<\/em><\/p>\n\t\t\t\t\t\t\t\t<\/div>\n\t\t\t\t<\/div>\n\t\t\t\t\t<\/div>\n\t\t<\/div>\n\t\t\t\t\t<\/div>\n\t\t<\/section>\n\t\t\t\t<\/div>\n\t\t","protected":false},"excerpt":{"rendered":"<p>Vinces Consulting, S.L., en cumplimiento de la normativa de protecci\u00f3n de datos personales, informa al usuario del presente sitio web (en adelante, el \u201cUsuario\u201d), contenido en la p\u00e1gina\u00a0www.vincesconsulting.com\u00a0(en adelante, el \u201cSitio Web\u201d), de las siguientes condiciones, que regir\u00e1n el tratamiento de sus datos personales en el marco del empleo e interacci\u00f3n con el Sitio Web, [&hellip;]<\/p>\n","protected":false},"author":1,"featured_media":4956,"parent":0,"menu_order":0,"comment_status":"closed","ping_status":"open","template":"","meta":{"_acf_changed":false,"footnotes":""},"class_list":["post-6653","page","type-page","status-publish","has-post-thumbnail","hentry"],"acf":[],"_links":{"self":[{"href":"https:\/\/vincesconsulting.com\/ca\/wp-json\/wp\/v2\/pages\/6653","targetHints":{"allow":["GET"]}}],"collection":[{"href":"https:\/\/vincesconsulting.com\/ca\/wp-json\/wp\/v2\/pages"}],"about":[{"href":"https:\/\/vincesconsulting.com\/ca\/wp-json\/wp\/v2\/types\/page"}],"author":[{"embeddable":true,"href":"https:\/\/vincesconsulting.com\/ca\/wp-json\/wp\/v2\/users\/1"}],"replies":[{"embeddable":true,"href":"https:\/\/vincesconsulting.com\/ca\/wp-json\/wp\/v2\/comments?post=6653"}],"version-history":[{"count":2,"href":"https:\/\/vincesconsulting.com\/ca\/wp-json\/wp\/v2\/pages\/6653\/revisions"}],"predecessor-version":[{"id":6655,"href":"https:\/\/vincesconsulting.com\/ca\/wp-json\/wp\/v2\/pages\/6653\/revisions\/6655"}],"wp:featuredmedia":[{"embeddable":true,"href":"https:\/\/vincesconsulting.com\/ca\/wp-json\/wp\/v2\/media\/4956"}],"wp:attachment":[{"href":"https:\/\/vincesconsulting.com\/ca\/wp-json\/wp\/v2\/media?parent=6653"}],"curies":[{"name":"wp","href":"https:\/\/api.w.org\/{rel}","templated":true}]}}