{"id":6625,"date":"2024-03-24T19:28:38","date_gmt":"2024-03-24T18:28:38","guid":{"rendered":"https:\/\/servidor7.rubrika.es\/avis-legal\/"},"modified":"2024-03-24T19:45:13","modified_gmt":"2024-03-24T18:45:13","slug":"avis-legal","status":"publish","type":"page","link":"https:\/\/vincesconsulting.com\/ca\/avis-legal\/","title":{"rendered":"Av\u00eds legal"},"content":{"rendered":"\t\t<div data-elementor-type=\"wp-page\" data-elementor-id=\"6625\" class=\"elementor elementor-6625 elementor-6605\" data-elementor-post-type=\"page\">\n\t\t\t\t\t\t<section class=\"elementor-section elementor-top-section elementor-element elementor-element-64e814e elementor-section-boxed elementor-section-height-default elementor-section-height-default\" data-id=\"64e814e\" data-element_type=\"section\" data-e-type=\"section\">\n\t\t\t\t\t\t<div class=\"elementor-container elementor-column-gap-default\">\n\t\t\t\t\t<div class=\"elementor-column elementor-col-100 elementor-top-column elementor-element elementor-element-cf771cb\" data-id=\"cf771cb\" data-element_type=\"column\" data-e-type=\"column\">\n\t\t\t<div class=\"elementor-widget-wrap elementor-element-populated\">\n\t\t\t\t\t\t<div class=\"elementor-element elementor-element-4f795c0 elementor-widget elementor-widget-text-editor\" data-id=\"4f795c0\" data-element_type=\"widget\" data-e-type=\"widget\" data-widget_type=\"text-editor.default\">\n\t\t\t\t<div class=\"elementor-widget-container\">\n\t\t\t\t\t\t\t\t\t<h3><b>Titularitat<\/b><\/h3>\n<p>Aquest portal \u00e9s titularitat de Vinces Consulting S.L. (d&#8217;ara endavant VINCES):<\/p>\n<ul>\n<li>NIF: B85722106.<\/li>\n<li>Domicili social: Carrer de Fortuny, n\u00fam. 45, 28010 Madrid.<\/li>\n<li>Tel\u00e8fon:+34 91 702 47 37.<\/li>\n<\/ul>\n<h3> <\/h3>\n<h3><b>Propietat intel\u00b7lectual i industrial<\/b><\/h3>\n<p>El disseny del portal i els seus codis font, aix\u00ed com els logos, marques i altres signes distintius que apareixen en el mateix pertanyen a VINCES i estan protegits pels corresponents drets de propietat intel\u00b7lectual i industrial.<\/p>\n<h3> <\/h3>\n<h3><b>Reproducci\u00f3 de continguts<\/b><\/h3>\n<p>Els drets de propietat intel\u00b7lectual i industrial del contingut de les p\u00e0gines web, el seu disseny gr\u00e0fic i codis s\u00f3n titularitat de VINCES i, per tant, queda prohibida la seva reproducci\u00f3, distribuci\u00f3, comunicaci\u00f3 p\u00fablica, transformaci\u00f3 o qualsevol altra activitat que es pugui realitzar amb els continguts de les seves p\u00e0gines web ni fins i tot citant les fonts, excepte consentiment per escrit de VINCES.<\/p>\n<h3> <\/h3>\n<h3><b>Responsabilitat dels continguts<\/b><\/h3>\n<p>VINCES no es fa responsable de la legalitat d&#8217;altres llocs web de tercers des dels quals pugui accedir-se al portal. VINCES tampoc respon per la legalitat d&#8217;altres llocs web de tercers, que poguessin estar vinculats o enlla\u00e7ats des d&#8217;aquest portal.<\/p>\n<p>VINCES es reserva el dret a fer canvis en el lloc web sense previ av\u00eds, a fi de mantenir actualitzada la seva informaci\u00f3, afegint, modificant, corregint o eliminant els continguts publicats o el disseny del portal.<\/p>\n<p>VINCES no ser\u00e0 responsable de l&#8217;\u00fas que tercers facin de la informaci\u00f3 publicada en el portal, ni tampoc dels danys soferts o p\u00e8rdues econ\u00f2miques que, de manera directa o indirecta, produeixin o puguin produir perjudicis econ\u00f2mics, materials o sobre dades, provocats per l&#8217;\u00fas d&#8217;aquesta informaci\u00f3.<\/p>\n<h3> <\/h3>\n<h3><b>Llei aplicable<\/b><\/h3>\n<p>La llei aplicable en cas de disputa o conflicte d&#8217;interpretaci\u00f3 dels termes que conformen aquest av\u00eds legal, aix\u00ed com qualsevol q\u00fcesti\u00f3 relacionada amb els serveis del present portal, ser\u00e0 la llei espanyola.<\/p>\n\t\t\t\t\t\t\t\t<\/div>\n\t\t\t\t<\/div>\n\t\t\t\t\t<\/div>\n\t\t<\/div>\n\t\t\t\t\t<\/div>\n\t\t<\/section>\n\t\t\t\t<\/div>\n\t\t","protected":false},"excerpt":{"rendered":"<p>Titularitat Aquest portal \u00e9s titularitat de Vinces Consulting S.L. (d&#8217;ara endavant VINCES): NIF: B85722106. Domicili social: Carrer de Fortuny, n\u00fam. 45, 28010 Madrid. Tel\u00e8fon:+34 91 702 47 37. Propietat intel\u00b7lectual i industrial El disseny del portal i els seus codis font, aix\u00ed com els logos, marques i altres signes distintius que apareixen en el mateix [&hellip;]<\/p>\n","protected":false},"author":1,"featured_media":4956,"parent":0,"menu_order":0,"comment_status":"closed","ping_status":"closed","template":"","meta":{"_acf_changed":false,"footnotes":""},"class_list":["post-6625","page","type-page","status-publish","has-post-thumbnail","hentry"],"acf":[],"_links":{"self":[{"href":"https:\/\/vincesconsulting.com\/ca\/wp-json\/wp\/v2\/pages\/6625","targetHints":{"allow":["GET"]}}],"collection":[{"href":"https:\/\/vincesconsulting.com\/ca\/wp-json\/wp\/v2\/pages"}],"about":[{"href":"https:\/\/vincesconsulting.com\/ca\/wp-json\/wp\/v2\/types\/page"}],"author":[{"embeddable":true,"href":"https:\/\/vincesconsulting.com\/ca\/wp-json\/wp\/v2\/users\/1"}],"replies":[{"embeddable":true,"href":"https:\/\/vincesconsulting.com\/ca\/wp-json\/wp\/v2\/comments?post=6625"}],"version-history":[{"count":1,"href":"https:\/\/vincesconsulting.com\/ca\/wp-json\/wp\/v2\/pages\/6625\/revisions"}],"predecessor-version":[{"id":6626,"href":"https:\/\/vincesconsulting.com\/ca\/wp-json\/wp\/v2\/pages\/6625\/revisions\/6626"}],"wp:featuredmedia":[{"embeddable":true,"href":"https:\/\/vincesconsulting.com\/ca\/wp-json\/wp\/v2\/media\/4956"}],"wp:attachment":[{"href":"https:\/\/vincesconsulting.com\/ca\/wp-json\/wp\/v2\/media?parent=6625"}],"curies":[{"name":"wp","href":"https:\/\/api.w.org\/{rel}","templated":true}]}}