{"id":6247,"date":"2023-09-06T11:45:48","date_gmt":"2023-09-06T09:45:48","guid":{"rendered":"https:\/\/servidor7.rubrika.es\/careers\/"},"modified":"2024-09-03T13:17:24","modified_gmt":"2024-09-03T11:17:24","slug":"careers","status":"publish","type":"page","link":"https:\/\/vincesconsulting.com\/ca\/careers\/","title":{"rendered":"Careers"},"content":{"rendered":"\t\t<div data-elementor-type=\"wp-page\" data-elementor-id=\"6247\" class=\"elementor elementor-6247 elementor-1386\" data-elementor-post-type=\"page\">\n\t\t\t\t\t\t<section class=\"elementor-section elementor-top-section elementor-element elementor-element-747504bb elementor-section-full_width elementor-section-height-min-height elementor-section-height-default elementor-section-items-middle\" data-id=\"747504bb\" data-element_type=\"section\" data-e-type=\"section\" data-settings=\"{&quot;background_background&quot;:&quot;classic&quot;}\">\n\t\t\t\t\t\t<div class=\"elementor-container elementor-column-gap-default\">\n\t\t\t\t\t<div class=\"elementor-column elementor-col-100 elementor-top-column elementor-element elementor-element-206baf81\" data-id=\"206baf81\" data-element_type=\"column\" data-e-type=\"column\">\n\t\t\t<div class=\"elementor-widget-wrap elementor-element-populated\">\n\t\t\t\t\t\t<div class=\"elementor-element elementor-element-2d4c3e5f frase-escaleras elementor-widget elementor-widget-heading\" data-id=\"2d4c3e5f\" data-element_type=\"widget\" data-e-type=\"widget\" data-widget_type=\"heading.default\">\n\t\t\t\t<div class=\"elementor-widget-container\">\n\t\t\t\t\t<h3 class=\"elementor-heading-title elementor-size-default\">\u201cA major legitimitat, major capacitat d'influ\u00e8ncia\u201d<\/h3>\t\t\t\t<\/div>\n\t\t\t\t<\/div>\n\t\t\t\t\t<\/div>\n\t\t<\/div>\n\t\t\t\t\t<\/div>\n\t\t<\/section>\n\t\t\t\t<section class=\"elementor-section elementor-top-section elementor-element elementor-element-fea546a elementor-section-boxed elementor-section-height-default elementor-section-height-default\" data-id=\"fea546a\" data-element_type=\"section\" data-e-type=\"section\" data-settings=\"{&quot;background_background&quot;:&quot;classic&quot;}\">\n\t\t\t\t\t\t<div class=\"elementor-container elementor-column-gap-default\">\n\t\t\t\t\t<div class=\"elementor-column elementor-col-100 elementor-top-column elementor-element elementor-element-7ce5ec2 careers-col-texto\" data-id=\"7ce5ec2\" data-element_type=\"column\" data-e-type=\"column\">\n\t\t\t<div class=\"elementor-widget-wrap elementor-element-populated\">\n\t\t\t\t\t\t<div class=\"elementor-element elementor-element-f5bb43b elementor-widget elementor-widget-text-editor\" data-id=\"f5bb43b\" data-element_type=\"widget\" data-e-type=\"widget\" data-widget_type=\"text-editor.default\">\n\t\t\t\t<div class=\"elementor-widget-container\">\n\t\t\t\t\t\t\t\t\t<p>CAREERS<\/p>\n\t\t\t\t\t\t\t\t<\/div>\n\t\t\t\t<\/div>\n\t\t\t\t<div class=\"elementor-element elementor-element-60204b8 elementor-widget elementor-widget-heading\" data-id=\"60204b8\" data-element_type=\"widget\" data-e-type=\"widget\" data-widget_type=\"heading.default\">\n\t\t\t\t<div class=\"elementor-widget-container\">\n\t\t\t\t\t<h2 class=\"elementor-heading-title elementor-size-default\">Vols sumar-te a Vinces?<\/h2>\t\t\t\t<\/div>\n\t\t\t\t<\/div>\n\t\t\t\t<div class=\"elementor-element elementor-element-4db493b texto-princ-cabecera elementor-widget elementor-widget-text-editor\" data-id=\"4db493b\" data-element_type=\"widget\" data-e-type=\"widget\" data-widget_type=\"text-editor.default\">\n\t\t\t\t<div class=\"elementor-widget-container\">\n\t\t\t\t\t\t\t\t\t<p style=\"text-align: left;\">Si tens vocaci\u00f3 per transformar la relaci\u00f3 entre el sector p\u00fablic i el sector privat, si vols promoure la defensa transparent dels interessos leg\u00edtims de les empreses i de les organitzacions socials i si et preocupa l&#8217;inter\u00e8s general, aplica a les nostres vacants.<\/p>\n\t\t\t\t\t\t\t\t<\/div>\n\t\t\t\t<\/div>\n\t\t\t\t\t<\/div>\n\t\t<\/div>\n\t\t\t\t\t<\/div>\n\t\t<\/section>\n\t\t\t\t<section class=\"elementor-section elementor-top-section elementor-element elementor-element-56c9468 elementor-hidden-desktop elementor-hidden-tablet elementor-hidden-mobile elementor-section-boxed elementor-section-height-default elementor-section-height-default\" data-id=\"56c9468\" data-element_type=\"section\" data-e-type=\"section\" data-settings=\"{&quot;background_background&quot;:&quot;classic&quot;}\">\n\t\t\t\t\t\t<div class=\"elementor-container elementor-column-gap-default\">\n\t\t\t\t\t<div class=\"elementor-column elementor-col-100 elementor-top-column elementor-element elementor-element-2185991\" data-id=\"2185991\" data-element_type=\"column\" data-e-type=\"column\">\n\t\t\t<div class=\"elementor-widget-wrap elementor-element-populated\">\n\t\t\t\t\t\t<div class=\"elementor-element elementor-element-4f0757b elementor-widget elementor-widget-heading\" data-id=\"4f0757b\" data-element_type=\"widget\" data-e-type=\"widget\" data-widget_type=\"heading.default\">\n\t\t\t\t<div class=\"elementor-widget-container\">\n\t\t\t\t\t<p class=\"elementor-heading-title elementor-size-default\">Ho sento, per\u00f2 encara no tenim post per mostrar...<\/p>\t\t\t\t<\/div>\n\t\t\t\t<\/div>\n\t\t\t\t\t<\/div>\n\t\t<\/div>\n\t\t\t\t\t<\/div>\n\t\t<\/section>\n\t\t\t\t<section class=\"elementor-section elementor-top-section elementor-element elementor-element-5608c9dc seccion-blog-entradas elementor-section-boxed elementor-section-height-default elementor-section-height-default\" data-id=\"5608c9dc\" data-element_type=\"section\" data-e-type=\"section\" data-settings=\"{&quot;background_background&quot;:&quot;classic&quot;}\">\n\t\t\t\t\t\t<div class=\"elementor-container elementor-column-gap-default\">\n\t\t\t\t\t<div class=\"elementor-column elementor-col-100 elementor-top-column elementor-element elementor-element-26ca8657\" data-id=\"26ca8657\" data-element_type=\"column\" data-e-type=\"column\">\n\t\t\t<div class=\"elementor-widget-wrap elementor-element-populated\">\n\t\t\t\t\t\t\t<\/div>\n\t\t<\/div>\n\t\t\t\t\t<\/div>\n\t\t<\/section>\n\t\t\t\t<section class=\"elementor-section elementor-top-section elementor-element elementor-element-7ab62b78 metodo-home elementor-section-boxed elementor-section-height-default elementor-section-height-default\" data-id=\"7ab62b78\" data-element_type=\"section\" data-e-type=\"section\" data-settings=\"{&quot;background_background&quot;:&quot;classic&quot;}\">\n\t\t\t\t\t\t<div class=\"elementor-container elementor-column-gap-default\">\n\t\t\t\t\t<div class=\"elementor-column elementor-col-100 elementor-top-column elementor-element elementor-element-3db42cc\" data-id=\"3db42cc\" data-element_type=\"column\" data-e-type=\"column\">\n\t\t\t<div class=\"elementor-widget-wrap elementor-element-populated\">\n\t\t\t\t\t\t<section class=\"elementor-section elementor-inner-section elementor-element elementor-element-753f3906 elementor-section-boxed elementor-section-height-default elementor-section-height-default\" data-id=\"753f3906\" data-element_type=\"section\" data-e-type=\"section\">\n\t\t\t\t\t\t<div class=\"elementor-container elementor-column-gap-default\">\n\t\t\t\t\t<div class=\"elementor-column elementor-col-100 elementor-inner-column elementor-element elementor-element-34160e0b\" data-id=\"34160e0b\" data-element_type=\"column\" data-e-type=\"column\">\n\t\t\t<div class=\"elementor-widget-wrap elementor-element-populated\">\n\t\t\t\t\t\t<div class=\"elementor-element elementor-element-7eff0ca0 metodo-home-subti elementor-widget elementor-widget-text-editor\" data-id=\"7eff0ca0\" data-element_type=\"widget\" data-e-type=\"widget\" data-widget_type=\"text-editor.default\">\n\t\t\t\t<div class=\"elementor-widget-container\">\n\t\t\t\t\t\t\t\t\t<p style=\"text-align: center;\">NEWSLETTER<\/p>\n\t\t\t\t\t\t\t\t<\/div>\n\t\t\t\t<\/div>\n\t\t\t\t<div class=\"elementor-element elementor-element-1bb4e358 metodo-home-titulo elementor-widget elementor-widget-heading\" data-id=\"1bb4e358\" data-element_type=\"widget\" data-e-type=\"widget\" data-widget_type=\"heading.default\">\n\t\t\t\t<div class=\"elementor-widget-container\">\n\t\t\t\t\t<h2 class=\"elementor-heading-title elementor-size-default\">No et perdis res<\/h2>\t\t\t\t<\/div>\n\t\t\t\t<\/div>\n\t\t\t\t<div class=\"elementor-element elementor-element-c50d5dd elementor-widget elementor-widget-html\" data-id=\"c50d5dd\" data-element_type=\"widget\" data-e-type=\"widget\" data-widget_type=\"html.default\">\n\t\t\t\t<div class=\"elementor-widget-container\">\n\t\t\t\t\t  <!-- Begin Mailchimp Signup Form --><link href=\"\/\/cdn-images.mailchimp.com\/embedcode\/classic-10_7_dtp.css\" rel=\"stylesheet\" type=\"text\/css\"><style type=\"text\/css\">#mc_embed_signup{background:transparent; clear:left; font:14px \"Barlow\",sans-serif; margin:0 auto; max-width:100%;}\n            \/* Add your own Mailchimp form style overrides in your site stylesheet or in this style block.\n              We recommend moving this block and the preceding CSS link to the HEAD of your HTML file. *\/\n              .content__gdpr p,.content__gdprLegal p {color:rgb(255, 255, 255);}\n              .content__gdprLegal p{}\n          <\/style><style type=\"text\/css\">#mc-embedded-subscribe-form input[type=checkbox]{display: inline; width: auto;margin-right: 10px;}\n            #mergeRow-gdpr {margin-top: 20px;}\n            #mergeRow-gdpr fieldset label {font-weight: normal;}\n            #mc-embedded-subscribe-form .mc_fieldset{border:none;min-height: 0px;padding-bottom:0px;}\n            #newsletter form label{color:white;}\n            #newsletter form input,#newsletter form select{background-color:#314068;color:white;border:1px solid white;width:100%;padding:8px}\n            #newsletter #mc_embed_signup  form input,#newsletter form select{background-color:#314068;color:white;}\n            #mc_embed_signup .mc-field-group select{padding:8px 0px;border-radius: 3px;}\n            #newsletter #mc_embed_signup  input[type=\"submit\"].button{\n              background-color:rgb(255, 159, 49);\n              color:#314068;\n              margin:auto;\n            }\n            #newsletter .h2, #newsletter .caption{\n              text-align:center;\n            }\n            .content__gdpr{\n              font-size:11px;\n            }\n            #newsletter #mc_embed_signup  input[type=\"submit\"].button:hover{\n              background-color:rgb(255,255,255);\n              color:rgb(255, 159, 49);\n            }\n            .gridForm{\n              display: flex;\n              flex-wrap: wrap;\n\n            }\n            .gridForm__column{\n              width:50%;\n            }\n            @media all and (max-width: 1024px) {\n              .gridForm__column{\n                width:100%\n              }\n            }\n            .optionalParent{\n              display: flex;\n              justify-content: center;\n\n            }\n          <\/style><div id=\"mc_embed_signup\"><form action=\"https:\/\/vincesconsulting.us10.list-manage.com\/subscribe\/post?u=16ec8559e27039710c940b591&amp;id=bd4dd7f380\" method=\"post\" id=\"mc-embedded-subscribe-form\" name=\"mc-embedded-subscribe-form\" class=\"validate form_newsletter_azul\" target=\"_blank\" novalidate><div id=\"mc_embed_signup_scroll\"><div class=\"indicates-required\"><span class=\"asterisk\">*<\/span> Campos requeridos<\/div><div class=\"gridForm\"><div class=\"gridForm__column\"><div class=\"mc-field-group\"><label for=\"mce-EMAIL\">Correo electr\u00f3nico  <span class=\"asterisk\">*<\/span><\/label><input type=\"email\" value=\"\" name=\"EMAIL\" class=\"required email\" id=\"mce-EMAIL\"><\/div><div class=\"mc-field-group\"><label for=\"mce-FNAME\">Nombre  <span class=\"asterisk\">*<\/span><\/label><input type=\"text\" value=\"\" name=\"FNAME\" class=\"required\" id=\"mce-FNAME\"><\/div><div class=\"mc-field-group\"><label for=\"mce-LNAME\">Apellidos  <span class=\"asterisk\">*<\/span><\/label><input type=\"text\" value=\"\" name=\"LNAME\" class=\"required\" id=\"mce-LNAME\"><\/div><div class=\"mc-field-group\"><label for=\"mce-MMERGE4\">Sector  <span class=\"asterisk\">*<\/span><\/label><select name=\"MMERGE4\" class=\"required\" id=\"mce-MMERGE4\"><option value=\"\"><\/option><option value=\"P\u00fablico\">P\u00fablico<\/option><option value=\"Privado\">Privado<\/option><\/select><\/div><\/div><div class=\"gridForm__column\"><div class=\"mc-field-group\"><label for=\"mce-MMERGE6\">Situaci\u00f3n laboral  <span class=\"asterisk\">*<\/span><\/label><select name=\"MMERGE6\" class=\"required\" id=\"mce-MMERGE6\"><option value=\"\"><\/option><option value=\"Estudiante\">Estudiante<\/option><option value=\"Trabajador en activo\">Trabajador en activo<\/option><option value=\"Otros\">Otros<\/option><\/select><\/div><div class=\"mc-field-group\"><label for=\"mce-MMERGE5\">Entidad para la que trabajas  <span class=\"asterisk\">*<\/span><\/label><input type=\"text\" value=\"\" name=\"MMERGE5\" class=\"required\" id=\"mce-MMERGE5\"><\/div><div class=\"mc-field-group\"><label for=\"mce-MMERGE3\">Cargo que ocupas  <span class=\"asterisk\">*<\/span><\/label><input type=\"text\" value=\"\" name=\"MMERGE3\" class=\"required\" id=\"mce-MMERGE3\"><\/div><\/div><\/div><div id=\"mergeRow-gdpr\" class=\"mergeRow gdpr-mergeRow content__gdprBlock mc-field-group\"><div class=\"content__gdpr\"><label>GDPR - Permisos<\/label><p>Vinces usar\u00e1 la informaci\u00f3n que usted proporcione en este formulario para estar en contacto con usted y para enviarle actualizaciones y promociones. Al hacer clic para suscribirse, acepta que dicha informaci\u00f3n ser\u00e1 procesada a trav\u00e9s de Mailchimp. Puede obtener m\u00e1s informaci\u00f3n sobre las pr\u00e1cticas de privacidad de Mailchimp<a href=\"https:\/\/mailchimp.com\/es\/legal\/terms\/\"> aqu\u00ed <\/a>.:<\/p><fieldset class=\"mc_fieldset gdprRequired mc-field-group\" name=\"interestgroup_field\"><label class=\"checkbox subfield\" for=\"gdpr_4177\"><input type=\"checkbox\" id=\"gdpr_4177\" name=\"gdpr[4177]\" value=\"Y\" class=\"av-checkbox gdpr\"><span>Accedo a que Vinces contacte conmigo a trav\u00e9s de email<\/span> <\/label><\/fieldset><p>Para cualquier informaci\u00f3n complementaria, as\u00ed como para el ejercicio de sus derechos de acceso, rectificaci\u00f3n, supresi\u00f3n y portabilidad de sus datos, de limitaci\u00f3n y oposici\u00f3n a su tratamiento, as\u00ed como a no ser objeto de decisiones basadas \u00fanicamente en el tratamiento automatizado de sus datos, cuando procedan, podr\u00e1 dirigirse a VINCES, C\/Fortuny 45, 28010- Madrid o a la direcci\u00f3n de correo electr\u00f3nico privacidad@vincesconsulting.com   \n          <\/p><\/div><!-- <div class=\"content__gdprLegal\"><p>We use Mailchimp as our marketing platform. By clicking below to subscribe, you acknowledge that your information will be transferred to Mailchimp for processing. <a href=\"https:\/\/mailchimp.com\/legal\/terms\" target=\"_blank\">Learn more about Mailchimp's privacy practices here.<\/a><\/p><\/div> --><\/div><div id=\"mce-responses\" class=\"clear foot\"><div class=\"response\" id=\"mce-error-response\" style=\"display:none\"><\/div><div class=\"response\" id=\"mce-success-response\" style=\"display:none\"><\/div><\/div>    <!-- real people should not fill this in and expect good things - do not remove this or risk form bot signups--><div style=\"position: absolute; left: -5000px;\" aria-hidden=\"true\"><input type=\"text\" name=\"b_16ec8559e27039710c940b591_bd4dd7f380\" tabindex=\"-1\" value=\"\"><\/div><div class=\"optionalParent\"><input type=\"submit\" value=\"ENVIAR\" name=\"subscribe\" id=\"mc-embedded-subscribe\" class=\"button\"><\/div><\/div><\/form><\/div><script type='text\/javascript' src='\/\/s3.amazonaws.com\/downloads.mailchimp.com\/js\/mc-validate.js'><\/script><script type='text\/javascript'>(function($) {window.fnames = new Array(); window.ftypes = new Array();fnames[0]='EMAIL';ftypes[0]='email';fnames[1]='FNAME';ftypes[1]='text';fnames[2]='LNAME';ftypes[2]='text';fnames[4]='MMERGE4';ftypes[4]='dropdown';fnames[6]='MMERGE6';ftypes[6]='dropdown';fnames[5]='MMERGE5';ftypes[5]='text';fnames[3]='MMERGE3';ftypes[3]='text'; \/*\n          * Translated default messages for the $ validation plugin.\n          * Locale: ES\n          *\/\n          $.extend($.validator.messages, {\n            required: \"Este campo es obligatorio.\",\n            remote: \"Por favor, rellena este campo.\",\n            email: \"Por favor, escribe una direcci\u00f3n de correo v\u00e1lida\",\n            url: \"Por favor, escribe una URL v\u00e1lida.\",\n            date: \"Por favor, escribe una fecha v\u00e1lida.\",\n            dateISO: \"Por favor, escribe una fecha (ISO) v\u00e1lida.\",\n            number: \"Por favor, escribe un n\u00famero entero v\u00e1lido.\",\n            digits: \"Por favor, escribe s\u00f3lo d\u00edgitos.\",\n            creditcard: \"Por favor, escribe un n\u00famero de tarjeta v\u00e1lido.\",\n            equalTo: \"Por favor, escribe el mismo valor de nuevo.\",\n            accept: \"Por favor, escribe un valor con una extensi\u00f3n aceptada.\",\n            maxlength: $.validator.format(\"Por favor, no escribas m\u00e1s de {0} caracteres.\"),\n            minlength: $.validator.format(\"Por favor, no escribas menos de {0} caracteres.\"),\n            rangelength: $.validator.format(\"Por favor, escribe un valor entre {0} y {1} caracteres.\"),\n            range: $.validator.format(\"Por favor, escribe un valor entre {0} y {1}.\"),\n            max: $.validator.format(\"Por favor, escribe un valor menor o igual a {0}.\"),\n            min: $.validator.format(\"Por favor, escribe un valor mayor o igual a {0}.\")\n          });}(jQuery));var $mcj = jQuery.noConflict(true);<\/script><!--End mc_embed_signup-->\t\t\t\t<\/div>\n\t\t\t\t<\/div>\n\t\t\t\t\t<\/div>\n\t\t<\/div>\n\t\t\t\t\t<\/div>\n\t\t<\/section>\n\t\t\t\t\t<\/div>\n\t\t<\/div>\n\t\t\t\t\t<\/div>\n\t\t<\/section>\n\t\t\t\t<\/div>\n\t\t","protected":false},"excerpt":{"rendered":"<p>\u201cA major legitimitat, major capacitat d&#8217;influ\u00e8ncia\u201d CAREERS Vols sumar-te a Vinces? Si tens vocaci\u00f3 per transformar la relaci\u00f3 entre el sector p\u00fablic i el sector privat, si vols promoure la defensa transparent dels interessos leg\u00edtims de les empreses i de les organitzacions socials i si et preocupa l&#8217;inter\u00e8s general, aplica a les nostres vacants. Ho [&hellip;]<\/p>\n","protected":false},"author":1,"featured_media":4956,"parent":0,"menu_order":0,"comment_status":"closed","ping_status":"closed","template":"","meta":{"_acf_changed":false,"footnotes":""},"class_list":["post-6247","page","type-page","status-publish","has-post-thumbnail","hentry"],"acf":[],"_links":{"self":[{"href":"https:\/\/vincesconsulting.com\/ca\/wp-json\/wp\/v2\/pages\/6247","targetHints":{"allow":["GET"]}}],"collection":[{"href":"https:\/\/vincesconsulting.com\/ca\/wp-json\/wp\/v2\/pages"}],"about":[{"href":"https:\/\/vincesconsulting.com\/ca\/wp-json\/wp\/v2\/types\/page"}],"author":[{"embeddable":true,"href":"https:\/\/vincesconsulting.com\/ca\/wp-json\/wp\/v2\/users\/1"}],"replies":[{"embeddable":true,"href":"https:\/\/vincesconsulting.com\/ca\/wp-json\/wp\/v2\/comments?post=6247"}],"version-history":[{"count":19,"href":"https:\/\/vincesconsulting.com\/ca\/wp-json\/wp\/v2\/pages\/6247\/revisions"}],"predecessor-version":[{"id":6717,"href":"https:\/\/vincesconsulting.com\/ca\/wp-json\/wp\/v2\/pages\/6247\/revisions\/6717"}],"wp:featuredmedia":[{"embeddable":true,"href":"https:\/\/vincesconsulting.com\/ca\/wp-json\/wp\/v2\/media\/4956"}],"wp:attachment":[{"href":"https:\/\/vincesconsulting.com\/ca\/wp-json\/wp\/v2\/media?parent=6247"}],"curies":[{"name":"wp","href":"https:\/\/api.w.org\/{rel}","templated":true}]}}