{"id":6170,"date":"2023-09-11T16:21:15","date_gmt":"2023-09-11T14:21:15","guid":{"rendered":"https:\/\/servidor7.rubrika.es\/actualitat\/"},"modified":"2024-03-24T13:23:25","modified_gmt":"2024-03-24T12:23:25","slug":"actualitat","status":"publish","type":"page","link":"https:\/\/vincesconsulting.com\/ca\/actualitat\/","title":{"rendered":"Actualitat"},"content":{"rendered":"\t\t<div data-elementor-type=\"wp-page\" data-elementor-id=\"6170\" class=\"elementor elementor-6170 elementor-2156\" data-elementor-post-type=\"page\">\n\t\t\t\t\t\t<section class=\"elementor-section elementor-top-section elementor-element elementor-element-328ff38 elementor-section-full_width elementor-section-height-min-height elementor-section-height-default elementor-section-items-middle\" data-id=\"328ff38\" data-element_type=\"section\" data-e-type=\"section\" data-settings=\"{&quot;background_background&quot;:&quot;classic&quot;}\">\n\t\t\t\t\t\t<div class=\"elementor-container elementor-column-gap-default\">\n\t\t\t\t\t<div class=\"elementor-column elementor-col-100 elementor-top-column elementor-element elementor-element-7bf18c9\" data-id=\"7bf18c9\" data-element_type=\"column\" data-e-type=\"column\">\n\t\t\t<div class=\"elementor-widget-wrap elementor-element-populated\">\n\t\t\t\t\t\t<div class=\"elementor-element elementor-element-d4ad011 frase-escaleras elementor-widget elementor-widget-heading\" data-id=\"d4ad011\" data-element_type=\"widget\" data-e-type=\"widget\" data-widget_type=\"heading.default\">\n\t\t\t\t<div class=\"elementor-widget-container\">\n\t\t\t\t\t<h3 class=\"elementor-heading-title elementor-size-default\">\u201cA major legitimitat, major capacitat d'influ\u00e8ncia\u201d<\/h3>\t\t\t\t<\/div>\n\t\t\t\t<\/div>\n\t\t\t\t\t<\/div>\n\t\t<\/div>\n\t\t\t\t\t<\/div>\n\t\t<\/section>\n\t\t\t\t<section class=\"elementor-section elementor-top-section elementor-element elementor-element-5aaf42dd seccion-contacto-home elementor-section-boxed elementor-section-height-default elementor-section-height-default\" data-id=\"5aaf42dd\" data-element_type=\"section\" data-e-type=\"section\" data-settings=\"{&quot;background_background&quot;:&quot;classic&quot;}\">\n\t\t\t\t\t\t<div class=\"elementor-container elementor-column-gap-default\">\n\t\t\t\t\t<div class=\"elementor-column elementor-col-100 elementor-top-column elementor-element elementor-element-89c3787 contacto-home-col-text\" data-id=\"89c3787\" data-element_type=\"column\" data-e-type=\"column\">\n\t\t\t<div class=\"elementor-widget-wrap elementor-element-populated\">\n\t\t\t\t\t\t<div class=\"elementor-element elementor-element-a93cd69 elementor-widget elementor-widget-text-editor\" data-id=\"a93cd69\" data-element_type=\"widget\" data-e-type=\"widget\" data-widget_type=\"text-editor.default\">\n\t\t\t\t<div class=\"elementor-widget-container\">\n\t\t\t\t\t\t\t\t\t<p>ACTUALITAT<\/p>\n\t\t\t\t\t\t\t\t<\/div>\n\t\t\t\t<\/div>\n\t\t\t\t<div class=\"elementor-element elementor-element-686530dd elementor-widget elementor-widget-heading\" data-id=\"686530dd\" data-element_type=\"widget\" data-e-type=\"widget\" data-widget_type=\"heading.default\">\n\t\t\t\t<div class=\"elementor-widget-container\">\n\t\t\t\t\t<h1 class=\"elementor-heading-title elementor-size-default\">El bloc de Vinces<\/h1>\t\t\t\t<\/div>\n\t\t\t\t<\/div>\n\t\t\t\t\t<\/div>\n\t\t<\/div>\n\t\t\t\t\t<\/div>\n\t\t<\/section>\n\t\t\t\t<section class=\"elementor-section elementor-top-section elementor-element elementor-element-bec865d seccion-blog-entradas elementor-section-boxed elementor-section-height-default elementor-section-height-default\" data-id=\"bec865d\" data-element_type=\"section\" data-e-type=\"section\" data-settings=\"{&quot;background_background&quot;:&quot;classic&quot;}\">\n\t\t\t\t\t\t<div class=\"elementor-container elementor-column-gap-default\">\n\t\t\t\t\t<div class=\"elementor-column elementor-col-100 elementor-top-column elementor-element elementor-element-ce8daa9\" data-id=\"ce8daa9\" data-element_type=\"column\" data-e-type=\"column\">\n\t\t\t<div class=\"elementor-widget-wrap elementor-element-populated\">\n\t\t\t\t\t\t<div class=\"elementor-element elementor-element-8c4b0e4 entradas_actualidad elementor-grid-3 elementor-grid-tablet-2 elementor-grid-mobile-1 elementor-posts--thumbnail-top load-more-align-center elementor-widget elementor-widget-posts\" data-id=\"8c4b0e4\" data-element_type=\"widget\" data-e-type=\"widget\" data-settings=\"{&quot;pagination_type&quot;:&quot;load_more_on_click&quot;,&quot;classic_columns&quot;:&quot;3&quot;,&quot;classic_columns_tablet&quot;:&quot;2&quot;,&quot;classic_columns_mobile&quot;:&quot;1&quot;,&quot;classic_row_gap&quot;:{&quot;unit&quot;:&quot;px&quot;,&quot;size&quot;:35,&quot;sizes&quot;:[]},&quot;classic_row_gap_tablet&quot;:{&quot;unit&quot;:&quot;px&quot;,&quot;size&quot;:&quot;&quot;,&quot;sizes&quot;:[]},&quot;classic_row_gap_mobile&quot;:{&quot;unit&quot;:&quot;px&quot;,&quot;size&quot;:&quot;&quot;,&quot;sizes&quot;:[]},&quot;load_more_spinner&quot;:{&quot;value&quot;:&quot;fas fa-spinner&quot;,&quot;library&quot;:&quot;fa-solid&quot;}}\" data-widget_type=\"posts.classic\">\n\t\t\t\t<div class=\"elementor-widget-container\">\n\t\t\t\t\t\t\t<div class=\"elementor-posts-container elementor-posts elementor-posts--skin-classic elementor-grid\" role=\"list\">\n\t\t\t\t<article class=\"elementor-post elementor-grid-item post-4934 post type-post status-publish format-standard has-post-thumbnail hentry category-actualidad-ca\" role=\"listitem\">\n\t\t\t\t<a class=\"elementor-post__thumbnail__link\" href=\"https:\/\/vincesconsulting.com\/ca\/eleccions-generals-2023-les-claus\/\" tabindex=\"-1\" >\n\t\t\t<div class=\"elementor-post__thumbnail\"><img fetchpriority=\"high\" decoding=\"async\" width=\"300\" height=\"199\" src=\"https:\/\/vincesconsulting.com\/wp-content\/uploads\/2023\/12\/LINKEDIN-300x199.png\" class=\"attachment-medium size-medium wp-image-4131\" alt=\"\" srcset=\"https:\/\/vincesconsulting.com\/wp-content\/uploads\/2023\/12\/LINKEDIN-300x199.png 300w, https:\/\/vincesconsulting.com\/wp-content\/uploads\/2023\/12\/LINKEDIN.png 580w\" sizes=\"(max-width: 300px) 100vw, 300px\" \/><\/div>\n\t\t<\/a>\n\t\t\t\t<div class=\"elementor-post__text\">\n\t\t\t\t<h3 class=\"elementor-post__title\">\n\t\t\t<a href=\"https:\/\/vincesconsulting.com\/ca\/eleccions-generals-2023-les-claus\/\" >\n\t\t\t\tEleccions generals 2023: les claus\t\t\t<\/a>\n\t\t<\/h3>\n\t\t\t\t<div class=\"elementor-post__excerpt\">\n\t\t\t<p>Els principals partits representants del bloc de la dreta, PP i Vox, aglutinen conjuntament 169 escons, el que no els permet aconseguir la majoria absoluta<\/p>\n\t\t<\/div>\n\t\t\n\t\t<a class=\"elementor-post__read-more\" href=\"https:\/\/vincesconsulting.com\/ca\/eleccions-generals-2023-les-claus\/\" aria-label=\"Read more about Eleccions generals 2023: les claus\" tabindex=\"-1\" >\n\t\t\tLEER EL ART\u00cdCULO\t\t<\/a>\n\n\t\t\t\t<\/div>\n\t\t\t\t<\/article>\n\t\t\t\t<article class=\"elementor-post elementor-grid-item post-4930 post type-post status-publish format-standard has-post-thumbnail hentry category-actualidad-ca\" role=\"listitem\">\n\t\t\t\t<a class=\"elementor-post__thumbnail__link\" href=\"https:\/\/vincesconsulting.com\/ca\/la-legitimitat-social-es-clau-per-a-aterrar-de-manera-legitima-en-un-territori\/\" tabindex=\"-1\" >\n\t\t\t<div class=\"elementor-post__thumbnail\"><img decoding=\"async\" width=\"300\" height=\"200\" src=\"https:\/\/vincesconsulting.com\/wp-content\/uploads\/2023\/12\/protest-g3b2061743_1280-1-300x200.jpg\" class=\"attachment-medium size-medium wp-image-4931\" alt=\"\" srcset=\"https:\/\/vincesconsulting.com\/wp-content\/uploads\/2023\/12\/protest-g3b2061743_1280-1-300x200.jpg 300w, https:\/\/vincesconsulting.com\/wp-content\/uploads\/2023\/12\/protest-g3b2061743_1280-1-1024x682.jpg 1024w, https:\/\/vincesconsulting.com\/wp-content\/uploads\/2023\/12\/protest-g3b2061743_1280-1-768x512.jpg 768w, https:\/\/vincesconsulting.com\/wp-content\/uploads\/2023\/12\/protest-g3b2061743_1280-1.jpg 1280w\" sizes=\"(max-width: 300px) 100vw, 300px\" \/><\/div>\n\t\t<\/a>\n\t\t\t\t<div class=\"elementor-post__text\">\n\t\t\t\t<h3 class=\"elementor-post__title\">\n\t\t\t<a href=\"https:\/\/vincesconsulting.com\/ca\/la-legitimitat-social-es-clau-per-a-aterrar-de-manera-legitima-en-un-territori\/\" >\n\t\t\t\tLa legitimitat social \u00e9s clau per a aterrar de manera leg\u00edtima en un territori\t\t\t<\/a>\n\t\t<\/h3>\n\t\t\t\t<div class=\"elementor-post__excerpt\">\n\t\t\t<p>Ens trobem en un canvi de paradigma. L&#8217;elevat grau de connectivitat, la capacitat de comunicaci\u00f3 i l&#8217;oportunitat d&#8217;establir aliances o l&#8217;acc\u00e9s a la informaci\u00f3 fan<\/p>\n\t\t<\/div>\n\t\t\n\t\t<a class=\"elementor-post__read-more\" href=\"https:\/\/vincesconsulting.com\/ca\/la-legitimitat-social-es-clau-per-a-aterrar-de-manera-legitima-en-un-territori\/\" aria-label=\"Read more about La legitimitat social \u00e9s clau per a aterrar de manera leg\u00edtima en un territori\" tabindex=\"-1\" >\n\t\t\tLEER EL ART\u00cdCULO\t\t<\/a>\n\n\t\t\t\t<\/div>\n\t\t\t\t<\/article>\n\t\t\t\t<article class=\"elementor-post elementor-grid-item post-4929 post type-post status-publish format-standard has-post-thumbnail hentry category-actualidad-ca category-politica-ca\" role=\"listitem\">\n\t\t\t\t<a class=\"elementor-post__thumbnail__link\" href=\"https:\/\/vincesconsulting.com\/ca\/els-reptes-del-nou-govern-des-dun-punt-de-vista-empresarial\/\" tabindex=\"-1\" >\n\t\t\t<div class=\"elementor-post__thumbnail\"><img decoding=\"async\" width=\"300\" height=\"169\" src=\"https:\/\/vincesconsulting.com\/wp-content\/uploads\/2023\/12\/Parlament-300x169.png\" class=\"attachment-medium size-medium wp-image-4171\" alt=\"\" srcset=\"https:\/\/vincesconsulting.com\/wp-content\/uploads\/2023\/12\/Parlament-300x169.png 300w, https:\/\/vincesconsulting.com\/wp-content\/uploads\/2023\/12\/Parlament-1024x576.png 1024w, https:\/\/vincesconsulting.com\/wp-content\/uploads\/2023\/12\/Parlament-768x432.png 768w, https:\/\/vincesconsulting.com\/wp-content\/uploads\/2023\/12\/Parlament.png 1280w\" sizes=\"(max-width: 300px) 100vw, 300px\" \/><\/div>\n\t\t<\/a>\n\t\t\t\t<div class=\"elementor-post__text\">\n\t\t\t\t<h3 class=\"elementor-post__title\">\n\t\t\t<a href=\"https:\/\/vincesconsulting.com\/ca\/els-reptes-del-nou-govern-des-dun-punt-de-vista-empresarial\/\" >\n\t\t\t\tEls reptes del nou Govern des d&#8217;un punt de vista empresarial\t\t\t<\/a>\n\t\t<\/h3>\n\t\t\t\t<div class=\"elementor-post__excerpt\">\n\t\t\t<p>En aquests moments i amb aquest context pol\u00edtic, on l\u2019elaboraci\u00f3 de pol\u00edtiques p\u00fabliques i lleis depenen de tants actors, es fa m\u00e9s evident que mai<\/p>\n\t\t<\/div>\n\t\t\n\t\t<a class=\"elementor-post__read-more\" href=\"https:\/\/vincesconsulting.com\/ca\/els-reptes-del-nou-govern-des-dun-punt-de-vista-empresarial\/\" aria-label=\"Read more about Els reptes del nou Govern des d&#8217;un punt de vista empresarial\" tabindex=\"-1\" >\n\t\t\tLEER EL ART\u00cdCULO\t\t<\/a>\n\n\t\t\t\t<\/div>\n\t\t\t\t<\/article>\n\t\t\t\t<article class=\"elementor-post elementor-grid-item post-4928 post type-post status-publish format-standard has-post-thumbnail hentry category-actualidad-ca category-blog-ca category-politica-ca\" role=\"listitem\">\n\t\t\t\t<a class=\"elementor-post__thumbnail__link\" href=\"https:\/\/vincesconsulting.com\/ca\/quo-vadis-parlament-temps-dincerteses\/\" tabindex=\"-1\" >\n\t\t\t<div class=\"elementor-post__thumbnail\"><img loading=\"lazy\" decoding=\"async\" width=\"300\" height=\"168\" src=\"https:\/\/vincesconsulting.com\/wp-content\/uploads\/2023\/12\/ELECCIONES_CATALANAS-300x168.jpg\" class=\"attachment-medium size-medium wp-image-4161\" alt=\"\" srcset=\"https:\/\/vincesconsulting.com\/wp-content\/uploads\/2023\/12\/ELECCIONES_CATALANAS-300x168.jpg 300w, https:\/\/vincesconsulting.com\/wp-content\/uploads\/2023\/12\/ELECCIONES_CATALANAS-1024x573.jpg 1024w, https:\/\/vincesconsulting.com\/wp-content\/uploads\/2023\/12\/ELECCIONES_CATALANAS-768x430.jpg 768w, https:\/\/vincesconsulting.com\/wp-content\/uploads\/2023\/12\/ELECCIONES_CATALANAS.jpg 1046w\" sizes=\"(max-width: 300px) 100vw, 300px\" \/><\/div>\n\t\t<\/a>\n\t\t\t\t<div class=\"elementor-post__text\">\n\t\t\t\t<h3 class=\"elementor-post__title\">\n\t\t\t<a href=\"https:\/\/vincesconsulting.com\/ca\/quo-vadis-parlament-temps-dincerteses\/\" >\n\t\t\t\tQuo vadis, Parlament?: temps d\u2019incerteses\t\t\t<\/a>\n\t\t<\/h3>\n\t\t\t\t<div class=\"elementor-post__excerpt\">\n\t\t\t<p>A pocs dies de la celebraci\u00f3 de les eleccions, la incertesa m\u00e9s absoluta \u00e9s el concepte que defineix millor el possible resultat de diumenge 14<\/p>\n\t\t<\/div>\n\t\t\n\t\t<a class=\"elementor-post__read-more\" href=\"https:\/\/vincesconsulting.com\/ca\/quo-vadis-parlament-temps-dincerteses\/\" aria-label=\"Read more about Quo vadis, Parlament?: temps d\u2019incerteses\" tabindex=\"-1\" >\n\t\t\tLEER EL ART\u00cdCULO\t\t<\/a>\n\n\t\t\t\t<\/div>\n\t\t\t\t<\/article>\n\t\t\t\t<\/div>\n\t\t\t\t\t<span class=\"e-load-more-spinner\">\n\t\t\t\t<i aria-hidden=\"true\" class=\"fas fa-spinner\"><\/i>\t\t\t<\/span>\n\t\t\n\t\t\t\t\t\t<\/div>\n\t\t\t\t<\/div>\n\t\t\t\t\t<\/div>\n\t\t<\/div>\n\t\t\t\t\t<\/div>\n\t\t<\/section>\n\t\t\t\t<section class=\"elementor-section elementor-top-section elementor-element elementor-element-4014ea11 metodo-home elementor-section-boxed elementor-section-height-default elementor-section-height-default\" data-id=\"4014ea11\" data-element_type=\"section\" data-e-type=\"section\" data-settings=\"{&quot;background_background&quot;:&quot;classic&quot;}\">\n\t\t\t\t\t\t<div class=\"elementor-container elementor-column-gap-default\">\n\t\t\t\t\t<div class=\"elementor-column elementor-col-100 elementor-top-column elementor-element elementor-element-48bcc575\" data-id=\"48bcc575\" data-element_type=\"column\" data-e-type=\"column\">\n\t\t\t<div class=\"elementor-widget-wrap elementor-element-populated\">\n\t\t\t\t\t\t<section class=\"elementor-section elementor-inner-section elementor-element elementor-element-361bcc2d elementor-section-boxed elementor-section-height-default elementor-section-height-default\" data-id=\"361bcc2d\" data-element_type=\"section\" data-e-type=\"section\">\n\t\t\t\t\t\t<div class=\"elementor-container elementor-column-gap-default\">\n\t\t\t\t\t<div class=\"elementor-column elementor-col-100 elementor-inner-column elementor-element elementor-element-530327d1\" data-id=\"530327d1\" data-element_type=\"column\" data-e-type=\"column\">\n\t\t\t<div class=\"elementor-widget-wrap elementor-element-populated\">\n\t\t\t\t\t\t<div class=\"elementor-element elementor-element-205ee634 metodo-home-subti elementor-widget elementor-widget-text-editor\" data-id=\"205ee634\" data-element_type=\"widget\" data-e-type=\"widget\" data-widget_type=\"text-editor.default\">\n\t\t\t\t<div class=\"elementor-widget-container\">\n\t\t\t\t\t\t\t\t\t<p style=\"text-align: center;\">NEWSLETTER<\/p>\n\t\t\t\t\t\t\t\t<\/div>\n\t\t\t\t<\/div>\n\t\t\t\t<div class=\"elementor-element elementor-element-700a8207 metodo-home-titulo elementor-widget elementor-widget-heading\" data-id=\"700a8207\" data-element_type=\"widget\" data-e-type=\"widget\" data-widget_type=\"heading.default\">\n\t\t\t\t<div class=\"elementor-widget-container\">\n\t\t\t\t\t<h2 class=\"elementor-heading-title elementor-size-default\">No et perdis res<\/h2>\t\t\t\t<\/div>\n\t\t\t\t<\/div>\n\t\t\t\t<div class=\"elementor-element elementor-element-a92881f elementor-invisible elementor-widget elementor-widget-html\" data-id=\"a92881f\" data-element_type=\"widget\" data-e-type=\"widget\" data-settings=\"{&quot;_animation&quot;:&quot;slideInUp&quot;,&quot;_animation_delay&quot;:300}\" data-widget_type=\"html.default\">\n\t\t\t\t<div class=\"elementor-widget-container\">\n\t\t\t\t\t<!-- Begin Mailchimp Signup Form --><link href=\"\/\/cdn-images.mailchimp.com\/embedcode\/classic-10_7_dtp.css\" rel=\"stylesheet\" type=\"text\/css\"><style type=\"text\/css\">#mc_embed_signup{background:transparent; clear:left; font:14px \"Barlow\",sans-serif; margin:0 auto; max-width:100%;}\n            \/* Add your own Mailchimp form style overrides in your site stylesheet or in this style block.\n              We recommend moving this block and the preceding CSS link to the HEAD of your HTML file. *\/\n              .content__gdpr p,.content__gdprLegal p {color:rgb(255, 255, 255);}\n              .content__gdprLegal p{}\n          <\/style><style type=\"text\/css\">#mc-embedded-subscribe-form input[type=checkbox]{display: inline; width: auto;margin-right: 10px;}\n            #mergeRow-gdpr {margin-top: 20px;}\n            #mergeRow-gdpr fieldset label {font-weight: normal;}\n            #mc-embedded-subscribe-form .mc_fieldset{border:none;min-height: 0px;padding-bottom:0px;}\n            #newsletter form label{color:white;}\n            #newsletter form input,#newsletter form select{background-color:#314068;color:white;border:1px solid white;width:100%;padding:8px}\n            #newsletter #mc_embed_signup  form input,#newsletter form select{background-color:#314068;color:white;}\n            #mc_embed_signup .mc-field-group select{padding:8px 0px;border-radius: 3px;}\n            #newsletter #mc_embed_signup  input[type=\"submit\"].button{\n              background-color:rgb(255, 159, 49);\n              color:#314068;\n              margin:auto;\n            }\n            #newsletter .h2, #newsletter .caption{\n              text-align:center;\n            }\n            .content__gdpr{\n              font-size:11px;\n            }\n            #newsletter #mc_embed_signup  input[type=\"submit\"].button:hover{\n              background-color:rgb(255,255,255);\n              color:rgb(255, 159, 49);\n            }\n            .gridForm{\n              display: flex;\n              flex-wrap: wrap;\n\n            }\n            .gridForm__column{\n              width:50%;\n            }\n            @media all and (max-width: 1024px) {\n              .gridForm__column{\n                width:100%\n              }\n            }\n            .optionalParent{\n              display: flex;\n              justify-content: center;\n\n            }\n          <\/style><div id=\"mc_embed_signup\"><form action=\"https:\/\/vincesconsulting.us10.list-manage.com\/subscribe\/post?u=16ec8559e27039710c940b591&amp;id=bd4dd7f380\" method=\"post\" id=\"mc-embedded-subscribe-form\" name=\"mc-embedded-subscribe-form\" class=\"validate form_newsletter_azul\" target=\"_blank\" novalidate><div id=\"mc_embed_signup_scroll\"><div class=\"indicates-required\"><span class=\"asterisk\">*<\/span> Campos requerits<\/div><div class=\"gridForm\"><div class=\"gridForm__column\"><div class=\"mc-field-group\"><label for=\"mce-EMAIL\">Correu electr\u00f2nic  <span class=\"asterisk\">*<\/span><\/label><input type=\"email\" value=\"\" name=\"EMAIL\" class=\"required email\" id=\"mce-EMAIL\"><\/div><div class=\"mc-field-group\"><label for=\"mce-FNAME\">Nom  <span class=\"asterisk\">*<\/span><\/label><input type=\"text\" value=\"\" name=\"FNAME\" class=\"required\" id=\"mce-FNAME\"><\/div><div class=\"mc-field-group\"><label for=\"mce-LNAME\">Cognoms  <span class=\"asterisk\">*<\/span><\/label><input type=\"text\" value=\"\" name=\"LNAME\" class=\"required\" id=\"mce-LNAME\"><\/div><div class=\"mc-field-group\"><label for=\"mce-MMERGE4\">Sector  <span class=\"asterisk\">*<\/span><\/label><select name=\"MMERGE4\" class=\"required\" id=\"mce-MMERGE4\"><option value=\"\"><\/option><option value=\"P\u00fablico\">Publico<\/option><option value=\"Privado\">Privat<\/option><\/select><\/div><\/div><div class=\"gridForm__column\"><div class=\"mc-field-group\"><label for=\"mce-MMERGE6\">Situaci\u00f3 laboral  <span class=\"asterisk\">*<\/span><\/label><select name=\"MMERGE6\" class=\"required\" id=\"mce-MMERGE6\"><option value=\"\"><\/option><option value=\"Estudiante\">Estudiant<\/option><option value=\"Trabajador en activo\">Treballador en actiu<\/option><option value=\"Otros\">Altres<\/option><\/select><\/div><div class=\"mc-field-group\"><label for=\"mce-MMERGE5\">Entitat per a la qual treballes  <span class=\"asterisk\">*<\/span><\/label><input type=\"text\" value=\"\" name=\"MMERGE5\" class=\"required\" id=\"mce-MMERGE5\"><\/div><div class=\"mc-field-group\"><label for=\"mce-MMERGE3\">C\u00e0rrec que ocupes  <span class=\"asterisk\">*<\/span><\/label><input type=\"text\" value=\"\" name=\"MMERGE3\" class=\"required\" id=\"mce-MMERGE3\"><\/div><\/div><\/div><div id=\"mergeRow-gdpr\" class=\"mergeRow gdpr-mergeRow content__gdprBlock mc-field-group\"><div class=\"content__gdpr\"><label>GDPR - Permisos<\/label><p>Vinces usar\u00e0 la informaci\u00f3 que vost\u00e8 proporcioni en aquest formulari per a estar en contacte amb vost\u00e8 i per a enviar-li actualitzacions i promocions. En fer clic per a subscriure's, accepta que aquesta informaci\u00f3 ser\u00e0 processada a trav\u00e9s de Mailchimp. Pot obtenir m\u00e9s informaci\u00f3 sobre les pr\u00e0ctiques de privacitat de Mailchimp aqu\u00ed.<a href=\"https:\/\/mailchimp.com\/es\/legal\/terms\/\"> aqu\u00ed <\/a>.<\/p><fieldset class=\"mc_fieldset gdprRequired mc-field-group\" name=\"interestgroup_field\"><label class=\"checkbox subfield\" for=\"gdpr_4177\"><input type=\"checkbox\" id=\"gdpr_4177\" name=\"gdpr[4177]\" value=\"Y\" class=\"av-checkbox gdpr\"><span>Accedeixo al fet que Vinces contacti amb mi a trav\u00e9s d'email<\/span> <\/label><\/fieldset><p>Per a qualsevol informaci\u00f3 complement\u00e0ria, aix\u00ed com per a l'exercici dels seus drets d'acc\u00e9s, rectificaci\u00f3, supressi\u00f3 i portabilitat de les seves dades, de limitaci\u00f3 i oposici\u00f3 al seu tractament, aix\u00ed com a no ser objecte de decisions basades \u00fanicament en el tractament automatitzat de les seves dades, quan procedeixin, podr\u00e0 dirigir-se a VINCES, C\/Fortuny 45, 28010- Madrid o a l'adre\u00e7a de correu electr\u00f2nic privacidad@vincesconsulting.com   \n          <\/p><\/div><!-- <div class=\"content__gdprLegal\"><p>We use Mailchimp as our marketing platform. By clicking below to subscribe, you acknowledge that your information will be transferred to Mailchimp for processing. <a href=\"https:\/\/mailchimp.com\/legal\/terms\" target=\"_blank\">Learn more about Mailchimp's privacy practices here.<\/a><\/p><\/div> --><\/div><div id=\"mce-responses\" class=\"clear foot\"><div class=\"response\" id=\"mce-error-response\" style=\"display:none\"><\/div><div class=\"response\" id=\"mce-success-response\" style=\"display:none\"><\/div><\/div>    <!-- real people should not fill this in and expect good things - do not remove this or risk form bot signups--><div style=\"position: absolute; left: -5000px;\" aria-hidden=\"true\"><input type=\"text\" name=\"b_16ec8559e27039710c940b591_bd4dd7f380\" tabindex=\"-1\" value=\"\"><\/div><div class=\"optionalParent\"><input type=\"submit\" value=\"Enviar\" name=\"subscribe\" id=\"mc-embedded-subscribe\" class=\"button\"><\/div><\/div><\/form><\/div><script type='text\/javascript' src='\/\/s3.amazonaws.com\/downloads.mailchimp.com\/js\/mc-validate.js'><\/script><script type='text\/javascript'>(function($) {window.fnames = new Array(); window.ftypes = new Array();fnames[0]='EMAIL';ftypes[0]='email';fnames[1]='FNAME';ftypes[1]='text';fnames[2]='LNAME';ftypes[2]='text';fnames[4]='MMERGE4';ftypes[4]='dropdown';fnames[6]='MMERGE6';ftypes[6]='dropdown';fnames[5]='MMERGE5';ftypes[5]='text';fnames[3]='MMERGE3';ftypes[3]='text'; \/*\n          * Translated default messages for the $ validation plugin.\n          * Locale: ES\n          *\/\n          $.extend($.validator.messages, {\n            required: \"Aquest camp \u00e9s obligatori.\",\n            remote: \"Si us plau, completeu aquest camp.\",\n            email: \"Introdu\u00efu una adre\u00e7a electr\u00f2nica v\u00e0lida\",\n            url: \"Introdu\u00efu un URL v\u00e0lid.\",\n            date: \"Introdu\u00efu una data v\u00e0lida.\",\n            dateISO: \"Introdu\u00efu una data (ISO) v\u00e0lida.\",\n            number: \"Introdu\u00efu un enter v\u00e0lid.\",\n            digits: \"Introdu\u00efu nom\u00e9s els d\u00edgits.\",\n            creditcard: \"Introdu\u00efu un n\u00famero de targeta v\u00e0lid.\",\n            equalTo: \"Torneu a introduir el mateix valor.\",\n            accept: \"Introdu\u00efu un valor amb una extensi\u00f3 acceptada.\",\n            maxlength: $.validator.format(\"No introdu\u00efu m\u00e9s de {0} car\u00e0cters.\"),\n            minlength: $.validator.format(\"No introdu\u00efu menys de {0} car\u00e0cters\"),\n            rangelength: $.validator.format(\"Introdu\u00efu un valor entre {0} i {1} car\u00e0cters.\"),\n            range: $.validator.format(\"Introdu\u00efu un valor entre {0} i {1}.\"),\n            max: $.validator.format(\"Introdu\u00efu un valor inferior o igual a {0}.\"),\n            min: $.validator.format(\"Introdu\u00efu un valor m\u00e9s gran o igual a {0}.\")\n          });}(jQuery));var $mcj = jQuery.noConflict(true);<\/script><!--End mc_embed_signup-->\t\t\t\t<\/div>\n\t\t\t\t<\/div>\n\t\t\t\t\t<\/div>\n\t\t<\/div>\n\t\t\t\t\t<\/div>\n\t\t<\/section>\n\t\t\t\t\t<\/div>\n\t\t<\/div>\n\t\t\t\t\t<\/div>\n\t\t<\/section>\n\t\t\t\t<\/div>\n\t\t","protected":false},"excerpt":{"rendered":"<p>\u201cA major legitimitat, major capacitat d&#8217;influ\u00e8ncia\u201d ACTUALITAT El bloc de Vinces NEWSLETTER No et perdis res * Campos requeritsCorreu electr\u00f2nic *Nom *Cognoms *Sector *PublicoPrivatSituaci\u00f3 laboral *EstudiantTreballador en actiuAltresEntitat per a la qual treballes *C\u00e0rrec que ocupes *GDPR &#8211; Permisos Vinces usar\u00e0 la informaci\u00f3 que vost\u00e8 proporcioni en aquest formulari per a estar en contacte amb [&hellip;]<\/p>\n","protected":false},"author":1,"featured_media":4956,"parent":0,"menu_order":0,"comment_status":"closed","ping_status":"closed","template":"","meta":{"_acf_changed":false,"footnotes":""},"class_list":["post-6170","page","type-page","status-publish","has-post-thumbnail","hentry"],"acf":[],"_links":{"self":[{"href":"https:\/\/vincesconsulting.com\/ca\/wp-json\/wp\/v2\/pages\/6170","targetHints":{"allow":["GET"]}}],"collection":[{"href":"https:\/\/vincesconsulting.com\/ca\/wp-json\/wp\/v2\/pages"}],"about":[{"href":"https:\/\/vincesconsulting.com\/ca\/wp-json\/wp\/v2\/types\/page"}],"author":[{"embeddable":true,"href":"https:\/\/vincesconsulting.com\/ca\/wp-json\/wp\/v2\/users\/1"}],"replies":[{"embeddable":true,"href":"https:\/\/vincesconsulting.com\/ca\/wp-json\/wp\/v2\/comments?post=6170"}],"version-history":[{"count":7,"href":"https:\/\/vincesconsulting.com\/ca\/wp-json\/wp\/v2\/pages\/6170\/revisions"}],"predecessor-version":[{"id":6599,"href":"https:\/\/vincesconsulting.com\/ca\/wp-json\/wp\/v2\/pages\/6170\/revisions\/6599"}],"wp:featuredmedia":[{"embeddable":true,"href":"https:\/\/vincesconsulting.com\/ca\/wp-json\/wp\/v2\/media\/4956"}],"wp:attachment":[{"href":"https:\/\/vincesconsulting.com\/ca\/wp-json\/wp\/v2\/media?parent=6170"}],"curies":[{"name":"wp","href":"https:\/\/api.w.org\/{rel}","templated":true}]}}