{"id":6137,"date":"2023-08-25T14:43:45","date_gmt":"2023-08-25T12:43:45","guid":{"rendered":"https:\/\/servidor7.rubrika.es\/metodologia\/estrategia-social\/"},"modified":"2024-03-21T12:33:05","modified_gmt":"2024-03-21T11:33:05","slug":"estrategia-social","status":"publish","type":"page","link":"https:\/\/vincesconsulting.com\/ca\/metodologia\/estrategia-social\/","title":{"rendered":"Estrategia Social"},"content":{"rendered":"\t\t<div data-elementor-type=\"wp-page\" data-elementor-id=\"6137\" class=\"elementor elementor-6137 elementor-1226\" data-elementor-post-type=\"page\">\n\t\t\t\t\t\t<section class=\"elementor-section elementor-top-section elementor-element elementor-element-1066d1bc elementor-section-full_width seccion-general-politica elementor-section-height-default elementor-section-height-default\" data-id=\"1066d1bc\" data-element_type=\"section\" data-e-type=\"section\" data-settings=\"{&quot;background_background&quot;:&quot;classic&quot;}\">\n\t\t\t\t\t\t<div class=\"elementor-container elementor-column-gap-default\">\n\t\t\t\t\t<div class=\"elementor-column elementor-col-100 elementor-top-column elementor-element elementor-element-fb37ac2\" data-id=\"fb37ac2\" data-element_type=\"column\" data-e-type=\"column\">\n\t\t\t<div class=\"elementor-widget-wrap elementor-element-populated\">\n\t\t\t\t\t\t<div class=\"elementor-element elementor-element-2f53f1e estrategia-politica-imagen elementor-widget elementor-widget-image\" data-id=\"2f53f1e\" data-element_type=\"widget\" data-e-type=\"widget\" data-widget_type=\"image.default\">\n\t\t\t\t<div class=\"elementor-widget-container\">\n\t\t\t\t\t\t\t\t\t\t\t\t\t\t\t<img fetchpriority=\"high\" decoding=\"async\" width=\"216\" height=\"1024\" src=\"https:\/\/vincesconsulting.com\/wp-content\/uploads\/2023\/08\/vinces_metodologia_name-216x1024.png\" class=\"attachment-large size-large wp-image-2517\" alt=\"\" srcset=\"https:\/\/vincesconsulting.com\/wp-content\/uploads\/2023\/08\/vinces_metodologia_name-216x1024.png 216w, https:\/\/vincesconsulting.com\/wp-content\/uploads\/2023\/08\/vinces_metodologia_name-63x300.png 63w\" sizes=\"(max-width: 216px) 100vw, 216px\" \/>\t\t\t\t\t\t\t\t\t\t\t\t\t\t\t<\/div>\n\t\t\t\t<\/div>\n\t\t\t\t<section class=\"elementor-section elementor-inner-section elementor-element elementor-element-2a853076 seccion-enlaces elementor-section-boxed elementor-section-height-default elementor-section-height-default\" data-id=\"2a853076\" data-element_type=\"section\" data-e-type=\"section\">\n\t\t\t\t\t\t<div class=\"elementor-container elementor-column-gap-default\">\n\t\t\t\t\t<div class=\"elementor-column elementor-col-33 elementor-inner-column elementor-element elementor-element-578125b4\" data-id=\"578125b4\" data-element_type=\"column\" data-e-type=\"column\">\n\t\t\t<div class=\"elementor-widget-wrap elementor-element-populated\">\n\t\t\t\t\t\t<div class=\"elementor-element elementor-element-5817dbac enlace-estra-politica elementor-widget elementor-widget-text-editor\" data-id=\"5817dbac\" data-element_type=\"widget\" data-e-type=\"widget\" data-widget_type=\"text-editor.default\">\n\t\t\t\t<div class=\"elementor-widget-container\">\n\t\t\t\t\t\t\t\t\t<p style=\"text-align: center;\"><a href=\"https:\/\/servidor7.rubrika.es\/ca\/metodologia\/estrategia-politica\/\">01.Pol\u00edtica<\/a><\/p>\n\t\t\t\t\t\t\t\t<\/div>\n\t\t\t\t<\/div>\n\t\t\t\t\t<\/div>\n\t\t<\/div>\n\t\t\t\t<div class=\"elementor-column elementor-col-33 elementor-inner-column elementor-element elementor-element-62fd5a21\" data-id=\"62fd5a21\" data-element_type=\"column\" data-e-type=\"column\">\n\t\t\t<div class=\"elementor-widget-wrap elementor-element-populated\">\n\t\t\t\t\t\t<div class=\"elementor-element elementor-element-77745863 enlace-estra-politica elementor-widget elementor-widget-text-editor\" data-id=\"77745863\" data-element_type=\"widget\" data-e-type=\"widget\" data-widget_type=\"text-editor.default\">\n\t\t\t\t<div class=\"elementor-widget-container\">\n\t\t\t\t\t\t\t\t\t<p style=\"text-align: center;\"><a href=\"https:\/\/servidor7.rubrika.es\/ca\/metodologia\/estrategia-regulatoria\/\">02.Regulat\u00f2ria<\/a><\/p>\n\t\t\t\t\t\t\t\t<\/div>\n\t\t\t\t<\/div>\n\t\t\t\t\t<\/div>\n\t\t<\/div>\n\t\t\t\t<div class=\"elementor-column elementor-col-33 elementor-inner-column elementor-element elementor-element-6ad01925\" data-id=\"6ad01925\" data-element_type=\"column\" data-e-type=\"column\">\n\t\t\t<div class=\"elementor-widget-wrap elementor-element-populated\">\n\t\t\t\t\t\t<div class=\"elementor-element elementor-element-14855ba8 enlace-estra-politica  activo elementor-widget elementor-widget-text-editor\" data-id=\"14855ba8\" data-element_type=\"widget\" data-e-type=\"widget\" data-widget_type=\"text-editor.default\">\n\t\t\t\t<div class=\"elementor-widget-container\">\n\t\t\t\t\t\t\t\t\t<p style=\"text-align: center;\"><a href=\"https:\/\/servidor7.rubrika.es\/ca\/metodologia\/estrategia-social\/\">03.Social<\/a><\/p>\n\t\t\t\t\t\t\t\t<\/div>\n\t\t\t\t<\/div>\n\t\t\t\t\t<\/div>\n\t\t<\/div>\n\t\t\t\t\t<\/div>\n\t\t<\/section>\n\t\t\t\t<section class=\"elementor-section elementor-inner-section elementor-element elementor-element-78bf3caf tarjeta-blanca elementor-section-boxed elementor-section-height-default elementor-section-height-default\" data-id=\"78bf3caf\" data-element_type=\"section\" data-e-type=\"section\" data-settings=\"{&quot;background_background&quot;:&quot;classic&quot;}\">\n\t\t\t\t\t\t<div class=\"elementor-container elementor-column-gap-default\">\n\t\t\t\t\t<div class=\"elementor-column elementor-col-50 elementor-inner-column elementor-element elementor-element-20721218\" data-id=\"20721218\" data-element_type=\"column\" data-e-type=\"column\">\n\t\t\t<div class=\"elementor-widget-wrap elementor-element-populated\">\n\t\t\t\t\t\t<div class=\"elementor-element elementor-element-eda9440 piramide_estra_politica elementor-widget elementor-widget-html\" data-id=\"eda9440\" data-element_type=\"widget\" data-e-type=\"widget\" data-widget_type=\"html.default\">\n\t\t\t\t<div class=\"elementor-widget-container\">\n\t\t\t\t\t<svg xmlns=\"http:\/\/www.w3.org\/2000\/svg\" class=\"piramide\" width=\"1199\" height=\"1542\" viewbox=\"0 0 1199 1542\" fill=\"none\">\n                    <g id=\"Frame 1\" clip-path=\"url(#clip0_4_20)\">\n                    <g id=\"vinces_recurso\">\n                    <g id=\"bottom\">\n                    <path id=\"Vector\" d=\"M220.65 793.54L127.98 1100.14C124.89 1110.41 125.43 1118.12 129.52 1123.29C133.65 1128.42 140.85 1131.01 151.13 1131.01H364.04C380.5 1131.01 390.8 1122.76 394.9 1106.32L473.09 793.55H220.65V793.54Z\" fill=\"#FBB74C\"><\/path>\n                    <path id=\"Vector_2\" d=\"M1024.38 1100.14L932.63 793.54H673.23L752.831 1106.31C756.961 1122.75 767.25 1131 783.69 1131H1001.23C1017.69 1131 1025.91 1124.29 1025.91 1110.93C1025.91 1106.81 1025.41 1103.22 1024.37 1100.13L1024.38 1100.14Z\" fill=\"#FBB74C\"><\/path>\n                    <\/g>\n                    <g id=\"mid\">\n                    <path id=\"Vector_3\" d=\"M829.391 448.52H585.431L663.271 754.4H920.921L829.391 448.52Z\" fill=\"#2E4C8C\"><\/path>\n                    <path id=\"Vector_4\" d=\"M232.48 754.4H482.88L559.34 448.52H324.93L232.48 754.4Z\" fill=\"#2E4C8C\"><\/path>\n                    <\/g>\n                    <path id=\"top\" d=\"M817.67 409.38L717.36 74.15C713.26 58.72 702.96 51 686.49 51H470.49C453.01 51 442.21 58.72 438.08 74.15L336.75 409.38H817.66H817.67Z\" fill=\"#2E4C8C\"><\/path>\n                    <g id=\"sombras\">\n                    <g id=\"sombra\" filter=\"url(#filter0_f_4_20)\">\n                    <ellipse cx=\"567.5\" cy=\"1341.5\" rx=\"458.5\" ry=\"28.5\" fill=\"#1D2B50\"><\/ellipse>\n                    <\/g>\n                    <g id=\"sombra_2\" filter=\"url(#filter1_f_4_20)\">\n                    <ellipse cx=\"567.5\" cy=\"1341.5\" rx=\"105.5\" ry=\"6.5\" fill=\"#1D2B50\"><\/ellipse>\n                    <\/g>\n                    <\/g>\n                    <\/g>\n                    <\/g>\n                    <defs>\n                    <filter id=\"filter0_f_4_20\" x=\"-45\" y=\"1159\" width=\"1225\" height=\"365\" filterunits=\"userSpaceOnUse\" color-interpolation-filters=\"sRGB\">\n                    <feflood flood-opacity=\"0\" result=\"BackgroundImageFix\"><\/feflood>\n                    <feblend mode=\"normal\" in=\"SourceGraphic\" in2=\"BackgroundImageFix\" result=\"shape\"><\/feblend>\n                    <fegaussianblur stddeviation=\"77\" result=\"effect1_foregroundBlur_4_20\"><\/fegaussianblur>\n                    <\/filter>\n                    <filter id=\"filter1_f_4_20\" x=\"308\" y=\"1181\" width=\"519\" height=\"321\" filterunits=\"userSpaceOnUse\" color-interpolation-filters=\"sRGB\">\n                    <feflood flood-opacity=\"0\" result=\"BackgroundImageFix\"><\/feflood>\n                    <feblend mode=\"normal\" in=\"SourceGraphic\" in2=\"BackgroundImageFix\" result=\"shape\"><\/feblend>\n                    <fegaussianblur stddeviation=\"77\" result=\"effect1_foregroundBlur_4_20\"><\/fegaussianblur>\n                    <\/filter>\n                    <clippath id=\"clip0_4_20\">\n                    <rect width=\"1199\" height=\"1542\" fill=\"white\"><\/rect>\n                    <\/clippath>\n                    <\/defs>\n                    <\/svg>\t\t\t\t<\/div>\n\t\t\t\t<\/div>\n\t\t\t\t<div class=\"elementor-element elementor-element-d917b0c elementor-widget elementor-widget-text-editor\" data-id=\"d917b0c\" data-element_type=\"widget\" data-e-type=\"widget\" data-widget_type=\"text-editor.default\">\n\t\t\t\t<div class=\"elementor-widget-container\">\n\t\t\t\t\t\t\t\t\t<p>\u00c1MBITO SOCIAL<\/p>\n\t\t\t\t\t\t\t\t<\/div>\n\t\t\t\t<\/div>\n\t\t\t\t<div class=\"elementor-element elementor-element-15e1f1b1 elementor-widget elementor-widget-heading\" data-id=\"15e1f1b1\" data-element_type=\"widget\" data-e-type=\"widget\" data-widget_type=\"heading.default\">\n\t\t\t\t<div class=\"elementor-widget-container\">\n\t\t\t\t\t<h2 class=\"elementor-heading-title elementor-size-default\">Estrat\u00e8gia<br>Social<\/h2>\t\t\t\t<\/div>\n\t\t\t\t<\/div>\n\t\t\t\t\t<\/div>\n\t\t<\/div>\n\t\t\t\t<div class=\"elementor-column elementor-col-50 elementor-inner-column elementor-element elementor-element-1c291a41\" data-id=\"1c291a41\" data-element_type=\"column\" data-e-type=\"column\">\n\t\t\t<div class=\"elementor-widget-wrap elementor-element-populated\">\n\t\t\t\t\t\t<div class=\"elementor-element elementor-element-69fdbd97 elementor-widget elementor-widget-text-editor\" data-id=\"69fdbd97\" data-element_type=\"widget\" data-e-type=\"widget\" data-widget_type=\"text-editor.default\">\n\t\t\t\t<div class=\"elementor-widget-container\">\n\t\t\t\t\t\t\t\t\t<p>Des de la <em>Direcci\u00f3 de Regulaci\u00f3<\/em> t\u2019assessorem en la gesti\u00f3 i participaci\u00f3 en tots els <em>processos normatius<\/em> i legislatius a nivell local, auton\u00f2mic, nacional i europeu.<\/p>\n<p>El nostre equip de lletrats, juntament amb les nostres eines d\u2019intel\u00b7lig\u00e8ncia artificial, et permetr\u00e0 anticipar-te qualsevol risc i actuar de forma \u00e0gil per protegir els <em>teus interessos<\/em>.<\/p>\n\t\t\t\t\t\t\t\t<\/div>\n\t\t\t\t<\/div>\n\t\t\t\t<div class=\"elementor-element elementor-element-54af4096 elementor-widget elementor-widget-text-editor\" data-id=\"54af4096\" data-element_type=\"widget\" data-e-type=\"widget\" data-widget_type=\"text-editor.default\">\n\t\t\t\t<div class=\"elementor-widget-container\">\n\t\t\t\t\t\t\t\t\t<p><span style=\"font-size: 1.8rem; line-height: 1.777; color: #314068; padding-bottom: 0.5rem; font-weight: 500; padding-top: 32px;\">Serveis<\/span><\/p>\n<ul>\n<li>Intel\u00b7lig\u00e8ncia social<\/li>\n<li>Reputaci\u00f3<\/li>\n<li>An\u00e0lisi de l&#8217;entorn social<\/li>\n<li>Escolta social<\/li>\n<li>Mobilitzaci\u00f3 i campanyes<\/li>\n<li>Narrativa institucional<\/li>\n<li>Informes d&#8217;acceptaci\u00f3 social<\/li>\n<li>Alineaci\u00f3 corporativa amb els Objectius de Desenvolupament Sostenible (ODS)<\/li>\n<\/ul>\n\t\t\t\t\t\t\t\t<\/div>\n\t\t\t\t<\/div>\n\t\t\t\t\t<\/div>\n\t\t<\/div>\n\t\t\t\t\t<\/div>\n\t\t<\/section>\n\t\t\t\t<section class=\"elementor-section elementor-inner-section elementor-element elementor-element-49b7802c seccion-estrategia-contacto elementor-section-boxed elementor-section-height-default elementor-section-height-default\" data-id=\"49b7802c\" data-element_type=\"section\" data-e-type=\"section\" data-settings=\"{&quot;background_background&quot;:&quot;classic&quot;}\">\n\t\t\t\t\t\t<div class=\"elementor-container elementor-column-gap-default\">\n\t\t\t\t\t<div class=\"elementor-column elementor-col-100 elementor-inner-column elementor-element elementor-element-2c592e38\" data-id=\"2c592e38\" data-element_type=\"column\" data-e-type=\"column\">\n\t\t\t<div class=\"elementor-widget-wrap elementor-element-populated\">\n\t\t\t\t\t\t<div class=\"elementor-element elementor-element-6eff5f3d elementor-widget elementor-widget-text-editor\" data-id=\"6eff5f3d\" data-element_type=\"widget\" data-e-type=\"widget\" data-widget_type=\"text-editor.default\">\n\t\t\t\t<div class=\"elementor-widget-container\">\n\t\t\t\t\t\t\t\t\t<p style=\"text-align: center;\">CONTACTE<\/p>\n\t\t\t\t\t\t\t\t<\/div>\n\t\t\t\t<\/div>\n\t\t\t\t<div class=\"elementor-element elementor-element-44128165 elementor-widget elementor-widget-heading\" data-id=\"44128165\" data-element_type=\"widget\" data-e-type=\"widget\" data-widget_type=\"heading.default\">\n\t\t\t\t<div class=\"elementor-widget-container\">\n\t\t\t\t\t<h2 class=\"elementor-heading-title elementor-size-default\">\u00bfVols m\u00e9s informaci\u00f3?<\/h2>\t\t\t\t<\/div>\n\t\t\t\t<\/div>\n\t\t\t\t<div class=\"elementor-element elementor-element-2907453b enlace-cabecera-metodo elementor-widget elementor-widget-text-editor\" data-id=\"2907453b\" data-element_type=\"widget\" data-e-type=\"widget\" data-widget_type=\"text-editor.default\">\n\t\t\t\t<div class=\"elementor-widget-container\">\n\t\t\t\t\t\t\t\t\t<p style=\"text-align: center;\"><a href=\"https:\/\/servidor7.rubrika.es\/contacto\/\">QUIERO INFORMACI\u00d3N<\/a><\/p>\n\t\t\t\t\t\t\t\t<\/div>\n\t\t\t\t<\/div>\n\t\t\t\t\t<\/div>\n\t\t<\/div>\n\t\t\t\t\t<\/div>\n\t\t<\/section>\n\t\t\t\t\t<\/div>\n\t\t<\/div>\n\t\t\t\t\t<\/div>\n\t\t<\/section>\n\t\t\t\t<\/div>\n\t\t","protected":false},"excerpt":{"rendered":"<p>01.Pol\u00edtica 02.Regulat\u00f2ria 03.Social \u00c1MBITO SOCIAL Estrat\u00e8giaSocial Des de la Direcci\u00f3 de Regulaci\u00f3 t\u2019assessorem en la gesti\u00f3 i participaci\u00f3 en tots els processos normatius i legislatius a nivell local, auton\u00f2mic, nacional i europeu. El nostre equip de lletrats, juntament amb les nostres eines d\u2019intel\u00b7lig\u00e8ncia artificial, et permetr\u00e0 anticipar-te qualsevol risc i actuar de forma \u00e0gil per [&hellip;]<\/p>\n","protected":false},"author":1,"featured_media":4956,"parent":6104,"menu_order":0,"comment_status":"closed","ping_status":"closed","template":"","meta":{"_acf_changed":false,"footnotes":""},"class_list":["post-6137","page","type-page","status-publish","has-post-thumbnail","hentry"],"acf":[],"_links":{"self":[{"href":"https:\/\/vincesconsulting.com\/ca\/wp-json\/wp\/v2\/pages\/6137","targetHints":{"allow":["GET"]}}],"collection":[{"href":"https:\/\/vincesconsulting.com\/ca\/wp-json\/wp\/v2\/pages"}],"about":[{"href":"https:\/\/vincesconsulting.com\/ca\/wp-json\/wp\/v2\/types\/page"}],"author":[{"embeddable":true,"href":"https:\/\/vincesconsulting.com\/ca\/wp-json\/wp\/v2\/users\/1"}],"replies":[{"embeddable":true,"href":"https:\/\/vincesconsulting.com\/ca\/wp-json\/wp\/v2\/comments?post=6137"}],"version-history":[{"count":1,"href":"https:\/\/vincesconsulting.com\/ca\/wp-json\/wp\/v2\/pages\/6137\/revisions"}],"predecessor-version":[{"id":6138,"href":"https:\/\/vincesconsulting.com\/ca\/wp-json\/wp\/v2\/pages\/6137\/revisions\/6138"}],"up":[{"embeddable":true,"href":"https:\/\/vincesconsulting.com\/ca\/wp-json\/wp\/v2\/pages\/6104"}],"wp:featuredmedia":[{"embeddable":true,"href":"https:\/\/vincesconsulting.com\/ca\/wp-json\/wp\/v2\/media\/4956"}],"wp:attachment":[{"href":"https:\/\/vincesconsulting.com\/ca\/wp-json\/wp\/v2\/media?parent=6137"}],"curies":[{"name":"wp","href":"https:\/\/api.w.org\/{rel}","templated":true}]}}