{"id":6131,"date":"2023-08-25T14:29:28","date_gmt":"2023-08-25T12:29:28","guid":{"rendered":"https:\/\/servidor7.rubrika.es\/metodologia\/estrategia-regulatoria\/"},"modified":"2024-03-24T13:16:24","modified_gmt":"2024-03-24T12:16:24","slug":"estrategia-regulatoria","status":"publish","type":"page","link":"https:\/\/vincesconsulting.com\/ca\/metodologia\/estrategia-regulatoria\/","title":{"rendered":"Estrategia Regulatoria"},"content":{"rendered":"\t\t<div data-elementor-type=\"wp-page\" data-elementor-id=\"6131\" class=\"elementor elementor-6131 elementor-1204\" data-elementor-post-type=\"page\">\n\t\t\t\t\t\t<section class=\"elementor-section elementor-top-section elementor-element elementor-element-33e8f17b elementor-section-full_width seccion-general-politica elementor-section-height-default elementor-section-height-default\" data-id=\"33e8f17b\" data-element_type=\"section\" data-e-type=\"section\" data-settings=\"{&quot;background_background&quot;:&quot;classic&quot;}\">\n\t\t\t\t\t\t<div class=\"elementor-container elementor-column-gap-default\">\n\t\t\t\t\t<div class=\"elementor-column elementor-col-100 elementor-top-column elementor-element elementor-element-60c5c36\" data-id=\"60c5c36\" data-element_type=\"column\" data-e-type=\"column\">\n\t\t\t<div class=\"elementor-widget-wrap elementor-element-populated\">\n\t\t\t\t\t\t<div class=\"elementor-element elementor-element-498b272d estrategia-politica-imagen elementor-widget elementor-widget-image\" data-id=\"498b272d\" data-element_type=\"widget\" data-e-type=\"widget\" data-widget_type=\"image.default\">\n\t\t\t\t<div class=\"elementor-widget-container\">\n\t\t\t\t\t\t\t\t\t\t\t\t\t\t\t<img fetchpriority=\"high\" decoding=\"async\" width=\"216\" height=\"1024\" src=\"https:\/\/vincesconsulting.com\/wp-content\/uploads\/2023\/08\/vinces_metodologia_name-216x1024.png\" class=\"attachment-large size-large wp-image-2517\" alt=\"\" srcset=\"https:\/\/vincesconsulting.com\/wp-content\/uploads\/2023\/08\/vinces_metodologia_name-216x1024.png 216w, https:\/\/vincesconsulting.com\/wp-content\/uploads\/2023\/08\/vinces_metodologia_name-63x300.png 63w\" sizes=\"(max-width: 216px) 100vw, 216px\" \/>\t\t\t\t\t\t\t\t\t\t\t\t\t\t\t<\/div>\n\t\t\t\t<\/div>\n\t\t\t\t<section class=\"elementor-section elementor-inner-section elementor-element elementor-element-6517b52a seccion-enlaces elementor-section-boxed elementor-section-height-default elementor-section-height-default\" data-id=\"6517b52a\" data-element_type=\"section\" data-e-type=\"section\">\n\t\t\t\t\t\t<div class=\"elementor-container elementor-column-gap-default\">\n\t\t\t\t\t<div class=\"elementor-column elementor-col-33 elementor-inner-column elementor-element elementor-element-3da7485f\" data-id=\"3da7485f\" data-element_type=\"column\" data-e-type=\"column\">\n\t\t\t<div class=\"elementor-widget-wrap elementor-element-populated\">\n\t\t\t\t\t\t<div class=\"elementor-element elementor-element-2a2a0091 enlace-estra-politica  elementor-widget elementor-widget-text-editor\" data-id=\"2a2a0091\" data-element_type=\"widget\" data-e-type=\"widget\" data-widget_type=\"text-editor.default\">\n\t\t\t\t<div class=\"elementor-widget-container\">\n\t\t\t\t\t\t\t\t\t<p style=\"text-align: center;\"><a href=\"https:\/\/servidor7.rubrika.es\/ca\/metodologia\/estrategia-politica\/\">01.Pol\u00edtica<\/a><\/p>\n\t\t\t\t\t\t\t\t<\/div>\n\t\t\t\t<\/div>\n\t\t\t\t\t<\/div>\n\t\t<\/div>\n\t\t\t\t<div class=\"elementor-column elementor-col-33 elementor-inner-column elementor-element elementor-element-3f1c60e7\" data-id=\"3f1c60e7\" data-element_type=\"column\" data-e-type=\"column\">\n\t\t\t<div class=\"elementor-widget-wrap elementor-element-populated\">\n\t\t\t\t\t\t<div class=\"elementor-element elementor-element-627702ae enlace-estra-politica activo elementor-widget elementor-widget-text-editor\" data-id=\"627702ae\" data-element_type=\"widget\" data-e-type=\"widget\" data-widget_type=\"text-editor.default\">\n\t\t\t\t<div class=\"elementor-widget-container\">\n\t\t\t\t\t\t\t\t\t<p style=\"text-align: center;\"><a href=\"https:\/\/servidor7.rubrika.es\/ca\/metodologia\/estrategia-regulatoria\/\">02.Regulat\u00f2ria<\/a><\/p>\n\t\t\t\t\t\t\t\t<\/div>\n\t\t\t\t<\/div>\n\t\t\t\t\t<\/div>\n\t\t<\/div>\n\t\t\t\t<div class=\"elementor-column elementor-col-33 elementor-inner-column elementor-element elementor-element-6422c71a\" data-id=\"6422c71a\" data-element_type=\"column\" data-e-type=\"column\">\n\t\t\t<div class=\"elementor-widget-wrap elementor-element-populated\">\n\t\t\t\t\t\t<div class=\"elementor-element elementor-element-2b30af01 enlace-estra-politica elementor-widget elementor-widget-text-editor\" data-id=\"2b30af01\" data-element_type=\"widget\" data-e-type=\"widget\" data-widget_type=\"text-editor.default\">\n\t\t\t\t<div class=\"elementor-widget-container\">\n\t\t\t\t\t\t\t\t\t<p style=\"text-align: center;\"><a href=\"\/ca\/metodologia\/estrategia-social\/\">03.Social<\/a><\/p>\t\t\t\t\t\t\t\t<\/div>\n\t\t\t\t<\/div>\n\t\t\t\t\t<\/div>\n\t\t<\/div>\n\t\t\t\t\t<\/div>\n\t\t<\/section>\n\t\t\t\t<section class=\"elementor-section elementor-inner-section elementor-element elementor-element-b584cec tarjeta-blanca elementor-section-boxed elementor-section-height-default elementor-section-height-default\" data-id=\"b584cec\" data-element_type=\"section\" data-e-type=\"section\" data-settings=\"{&quot;background_background&quot;:&quot;classic&quot;}\">\n\t\t\t\t\t\t<div class=\"elementor-container elementor-column-gap-default\">\n\t\t\t\t\t<div class=\"elementor-column elementor-col-50 elementor-inner-column elementor-element elementor-element-37709190\" data-id=\"37709190\" data-element_type=\"column\" data-e-type=\"column\">\n\t\t\t<div class=\"elementor-widget-wrap elementor-element-populated\">\n\t\t\t\t\t\t<div class=\"elementor-element elementor-element-b146165 piramide_estra_politica elementor-widget elementor-widget-html\" data-id=\"b146165\" data-element_type=\"widget\" data-e-type=\"widget\" data-widget_type=\"html.default\">\n\t\t\t\t<div class=\"elementor-widget-container\">\n\t\t\t\t\t<svg xmlns=\"http:\/\/www.w3.org\/2000\/svg\" class=\"piramide\" width=\"1199\" height=\"1542\" viewbox=\"0 0 1199 1542\" fill=\"none\">\n                    <g id=\"Frame 1\" clip-path=\"url(#clip0_4_20)\">\n                    <g id=\"vinces_recurso\">\n                    <g id=\"bottom\">\n                    <path id=\"Vector\" d=\"M220.65 793.54L127.98 1100.14C124.89 1110.41 125.43 1118.12 129.52 1123.29C133.65 1128.42 140.85 1131.01 151.13 1131.01H364.04C380.5 1131.01 390.8 1122.76 394.9 1106.32L473.09 793.55H220.65V793.54Z\" fill=\"#2E4C8C\"><\/path>\n                    <path id=\"Vector_2\" d=\"M1024.38 1100.14L932.63 793.54H673.23L752.831 1106.31C756.961 1122.75 767.25 1131 783.69 1131H1001.23C1017.69 1131 1025.91 1124.29 1025.91 1110.93C1025.91 1106.81 1025.41 1103.22 1024.37 1100.13L1024.38 1100.14Z\" fill=\"#2E4C8C\"><\/path>\n                    <\/g>\n                    <g id=\"mid\">\n                    <path id=\"Vector_3\" d=\"M829.391 448.52H585.431L663.271 754.4H920.921L829.391 448.52Z\" fill=\"#FBB74C\"><\/path>\n                    <path id=\"Vector_4\" d=\"M232.48 754.4H482.88L559.34 448.52H324.93L232.48 754.4Z\" fill=\"#FBB74C\"><\/path>\n                    <\/g>\n                    <path id=\"top\" d=\"M817.67 409.38L717.36 74.15C713.26 58.72 702.96 51 686.49 51H470.49C453.01 51 442.21 58.72 438.08 74.15L336.75 409.38H817.66H817.67Z\" fill=\"#2E4C8C\"><\/path>\n                    <g id=\"sombras\">\n                    <g id=\"sombra\" filter=\"url(#filter0_f_4_20)\">\n                    <ellipse cx=\"567.5\" cy=\"1341.5\" rx=\"458.5\" ry=\"28.5\" fill=\"#1D2B50\"><\/ellipse>\n                    <\/g>\n                    <g id=\"sombra_2\" filter=\"url(#filter1_f_4_20)\">\n                    <ellipse cx=\"567.5\" cy=\"1341.5\" rx=\"105.5\" ry=\"6.5\" fill=\"#1D2B50\"><\/ellipse>\n                    <\/g>\n                    <\/g>\n                    <\/g>\n                    <\/g>\n                    <defs>\n                    <filter id=\"filter0_f_4_20\" x=\"-45\" y=\"1159\" width=\"1225\" height=\"365\" filterunits=\"userSpaceOnUse\" color-interpolation-filters=\"sRGB\">\n                    <feflood flood-opacity=\"0\" result=\"BackgroundImageFix\"><\/feflood>\n                    <feblend mode=\"normal\" in=\"SourceGraphic\" in2=\"BackgroundImageFix\" result=\"shape\"><\/feblend>\n                    <fegaussianblur stddeviation=\"77\" result=\"effect1_foregroundBlur_4_20\"><\/fegaussianblur>\n                    <\/filter>\n                    <filter id=\"filter1_f_4_20\" x=\"308\" y=\"1181\" width=\"519\" height=\"321\" filterunits=\"userSpaceOnUse\" color-interpolation-filters=\"sRGB\">\n                    <feflood flood-opacity=\"0\" result=\"BackgroundImageFix\"><\/feflood>\n                    <feblend mode=\"normal\" in=\"SourceGraphic\" in2=\"BackgroundImageFix\" result=\"shape\"><\/feblend>\n                    <fegaussianblur stddeviation=\"77\" result=\"effect1_foregroundBlur_4_20\"><\/fegaussianblur>\n                    <\/filter>\n                    <clippath id=\"clip0_4_20\">\n                    <rect width=\"1199\" height=\"1542\" fill=\"white\"><\/rect>\n                    <\/clippath>\n                    <\/defs>\n                    <\/svg>\t\t\t\t<\/div>\n\t\t\t\t<\/div>\n\t\t\t\t<div class=\"elementor-element elementor-element-18d75cac elementor-widget elementor-widget-text-editor\" data-id=\"18d75cac\" data-element_type=\"widget\" data-e-type=\"widget\" data-widget_type=\"text-editor.default\">\n\t\t\t\t<div class=\"elementor-widget-container\">\n\t\t\t\t\t\t\t\t\t<p>\u00c1MBITO REGULATORIO<\/p>\n\t\t\t\t\t\t\t\t<\/div>\n\t\t\t\t<\/div>\n\t\t\t\t<div class=\"elementor-element elementor-element-6767bf1d elementor-widget elementor-widget-heading\" data-id=\"6767bf1d\" data-element_type=\"widget\" data-e-type=\"widget\" data-widget_type=\"heading.default\">\n\t\t\t\t<div class=\"elementor-widget-container\">\n\t\t\t\t\t<h2 class=\"elementor-heading-title elementor-size-default\">Estrat\u00e8gia<br>Regulat\u00f2ria<\/h2>\t\t\t\t<\/div>\n\t\t\t\t<\/div>\n\t\t\t\t\t<\/div>\n\t\t<\/div>\n\t\t\t\t<div class=\"elementor-column elementor-col-50 elementor-inner-column elementor-element elementor-element-8c54036\" data-id=\"8c54036\" data-element_type=\"column\" data-e-type=\"column\">\n\t\t\t<div class=\"elementor-widget-wrap elementor-element-populated\">\n\t\t\t\t\t\t<div class=\"elementor-element elementor-element-718dfc61 elementor-widget elementor-widget-text-editor\" data-id=\"718dfc61\" data-element_type=\"widget\" data-e-type=\"widget\" data-widget_type=\"text-editor.default\">\n\t\t\t\t<div class=\"elementor-widget-container\">\n\t\t\t\t\t\t\t\t\t<p>Des de la Direcci\u00f3 de Regulaci\u00f3 t\u2019assessorem en la gesti\u00f3 i participaci\u00f3 en tots els processos normatius i legislatius a nivell local, auton\u00f2mic, nacional i europeu.<\/p>\n<p>El nostre equip de lletrats, juntament amb les nostres eines d\u2019intel\u00b7lig\u00e8ncia artificial, et permetr\u00e0 anticipar-te qualsevol risc i actuar de forma \u00e0gil per protegir els teus interessos.<\/p>\n\t\t\t\t\t\t\t\t<\/div>\n\t\t\t\t<\/div>\n\t\t\t\t<div class=\"elementor-element elementor-element-71696d8c elementor-widget elementor-widget-text-editor\" data-id=\"71696d8c\" data-element_type=\"widget\" data-e-type=\"widget\" data-widget_type=\"text-editor.default\">\n\t\t\t\t<div class=\"elementor-widget-container\">\n\t\t\t\t\t\t\t\t\t<p><span style=\"font-size: 1.8rem; line-height: 1.777; color: #314068; padding-bottom: 0.5rem; font-weight: 500; padding-top: 32px;\">Serveis<\/span><\/p>\n<ul>\n<li>Participaci\u00f3 en processos normatius i regulatoris<\/li>\n<li>Regulatory Risk Impact Assessment (RRIA)<\/li>\n<li>Intel\u00b7lig\u00e8ncia regulat\u00f2ria<\/li>\n<li>Dict\u00e0mens jur\u00eddics<\/li>\n<li>An\u00e0lisis normatives<\/li>\n<li>Riscos regulatoris<\/li>\n<li>Formaci\u00f3<\/li>\n<li>Informes previs de sostenibilitat<\/li>\n<\/ul>\n\t\t\t\t\t\t\t\t<\/div>\n\t\t\t\t<\/div>\n\t\t\t\t\t<\/div>\n\t\t<\/div>\n\t\t\t\t\t<\/div>\n\t\t<\/section>\n\t\t\t\t<section class=\"elementor-section elementor-inner-section elementor-element elementor-element-2db5d3da seccion-estrategia-contacto elementor-section-boxed elementor-section-height-default elementor-section-height-default\" data-id=\"2db5d3da\" data-element_type=\"section\" data-e-type=\"section\" data-settings=\"{&quot;background_background&quot;:&quot;classic&quot;}\">\n\t\t\t\t\t\t<div class=\"elementor-container elementor-column-gap-default\">\n\t\t\t\t\t<div class=\"elementor-column elementor-col-100 elementor-inner-column elementor-element elementor-element-505e3842\" data-id=\"505e3842\" data-element_type=\"column\" data-e-type=\"column\">\n\t\t\t<div class=\"elementor-widget-wrap elementor-element-populated\">\n\t\t\t\t\t\t<div class=\"elementor-element elementor-element-4b204fe2 elementor-widget elementor-widget-text-editor\" data-id=\"4b204fe2\" data-element_type=\"widget\" data-e-type=\"widget\" data-widget_type=\"text-editor.default\">\n\t\t\t\t<div class=\"elementor-widget-container\">\n\t\t\t\t\t\t\t\t\t<p style=\"text-align: center;\">CONTACTE<\/p>\n\t\t\t\t\t\t\t\t<\/div>\n\t\t\t\t<\/div>\n\t\t\t\t<div class=\"elementor-element elementor-element-6b2eeff3 elementor-widget elementor-widget-heading\" data-id=\"6b2eeff3\" data-element_type=\"widget\" data-e-type=\"widget\" data-widget_type=\"heading.default\">\n\t\t\t\t<div class=\"elementor-widget-container\">\n\t\t\t\t\t<h2 class=\"elementor-heading-title elementor-size-default\">\u00bfVols m\u00e9s informaci\u00f3?<\/h2>\t\t\t\t<\/div>\n\t\t\t\t<\/div>\n\t\t\t\t<div class=\"elementor-element elementor-element-a5455ec enlace-cabecera-metodo elementor-widget elementor-widget-text-editor\" data-id=\"a5455ec\" data-element_type=\"widget\" data-e-type=\"widget\" data-widget_type=\"text-editor.default\">\n\t\t\t\t<div class=\"elementor-widget-container\">\n\t\t\t\t\t\t\t\t\t<p style=\"text-align: center;\"><a href=\"https:\/\/servidor7.rubrika.es\/contacto\/\">QUIERO INFORMACI\u00d3N<\/a><\/p>\n\t\t\t\t\t\t\t\t<\/div>\n\t\t\t\t<\/div>\n\t\t\t\t\t<\/div>\n\t\t<\/div>\n\t\t\t\t\t<\/div>\n\t\t<\/section>\n\t\t\t\t\t<\/div>\n\t\t<\/div>\n\t\t\t\t\t<\/div>\n\t\t<\/section>\n\t\t\t\t<\/div>\n\t\t","protected":false},"excerpt":{"rendered":"<p>01.Pol\u00edtica 02.Regulat\u00f2ria 03.Social &nbsp; \u00c1MBITO REGULATORIO Estrat\u00e8gia Regulat\u00f2ria Des de la Direcci\u00f3 de Regulaci\u00f3 t\u2019assessorem en la gesti\u00f3 i participaci\u00f3 en tots els processos normatius i legislatius a nivell local, auton\u00f2mic, nacional i europeu. El nostre equip de lletrats, juntament amb les nostres eines d\u2019intel\u00b7lig\u00e8ncia artificial, et permetr\u00e0 anticipar-te qualsevol risc i actuar de forma [&hellip;]<\/p>\n","protected":false},"author":1,"featured_media":4956,"parent":6104,"menu_order":0,"comment_status":"closed","ping_status":"closed","template":"","meta":{"_acf_changed":false,"footnotes":""},"class_list":["post-6131","page","type-page","status-publish","has-post-thumbnail","hentry"],"acf":[],"_links":{"self":[{"href":"https:\/\/vincesconsulting.com\/ca\/wp-json\/wp\/v2\/pages\/6131","targetHints":{"allow":["GET"]}}],"collection":[{"href":"https:\/\/vincesconsulting.com\/ca\/wp-json\/wp\/v2\/pages"}],"about":[{"href":"https:\/\/vincesconsulting.com\/ca\/wp-json\/wp\/v2\/types\/page"}],"author":[{"embeddable":true,"href":"https:\/\/vincesconsulting.com\/ca\/wp-json\/wp\/v2\/users\/1"}],"replies":[{"embeddable":true,"href":"https:\/\/vincesconsulting.com\/ca\/wp-json\/wp\/v2\/comments?post=6131"}],"version-history":[{"count":7,"href":"https:\/\/vincesconsulting.com\/ca\/wp-json\/wp\/v2\/pages\/6131\/revisions"}],"predecessor-version":[{"id":6585,"href":"https:\/\/vincesconsulting.com\/ca\/wp-json\/wp\/v2\/pages\/6131\/revisions\/6585"}],"up":[{"embeddable":true,"href":"https:\/\/vincesconsulting.com\/ca\/wp-json\/wp\/v2\/pages\/6104"}],"wp:featuredmedia":[{"embeddable":true,"href":"https:\/\/vincesconsulting.com\/ca\/wp-json\/wp\/v2\/media\/4956"}],"wp:attachment":[{"href":"https:\/\/vincesconsulting.com\/ca\/wp-json\/wp\/v2\/media?parent=6131"}],"curies":[{"name":"wp","href":"https:\/\/api.w.org\/{rel}","templated":true}]}}