{"id":6123,"date":"2023-08-23T12:21:11","date_gmt":"2023-08-23T10:21:11","guid":{"rendered":"https:\/\/servidor7.rubrika.es\/metodologia\/estrategia-politica\/"},"modified":"2024-03-24T13:13:54","modified_gmt":"2024-03-24T12:13:54","slug":"estrategia-politica","status":"publish","type":"page","link":"https:\/\/vincesconsulting.com\/ca\/metodologia\/estrategia-politica\/","title":{"rendered":"Estrategia Politica"},"content":{"rendered":"\t\t<div data-elementor-type=\"wp-page\" data-elementor-id=\"6123\" class=\"elementor elementor-6123 elementor-1055\" data-elementor-post-type=\"page\">\n\t\t\t\t\t\t<section class=\"elementor-section elementor-top-section elementor-element elementor-element-bac6402 elementor-section-full_width seccion-general-politica elementor-section-height-default elementor-section-height-default\" data-id=\"bac6402\" data-element_type=\"section\" data-e-type=\"section\" data-settings=\"{&quot;background_background&quot;:&quot;classic&quot;}\">\n\t\t\t\t\t\t<div class=\"elementor-container elementor-column-gap-default\">\n\t\t\t\t\t<div class=\"elementor-column elementor-col-100 elementor-top-column elementor-element elementor-element-e15199a\" data-id=\"e15199a\" data-element_type=\"column\" data-e-type=\"column\">\n\t\t\t<div class=\"elementor-widget-wrap elementor-element-populated\">\n\t\t\t\t\t\t<div class=\"elementor-element elementor-element-bb845f3 estrategia-politica-imagen elementor-widget elementor-widget-image\" data-id=\"bb845f3\" data-element_type=\"widget\" data-e-type=\"widget\" data-widget_type=\"image.default\">\n\t\t\t\t<div class=\"elementor-widget-container\">\n\t\t\t\t\t\t\t\t\t\t\t\t\t\t\t<img fetchpriority=\"high\" decoding=\"async\" width=\"216\" height=\"1024\" src=\"https:\/\/vincesconsulting.com\/wp-content\/uploads\/2023\/08\/vinces_metodologia_name-216x1024.png\" class=\"attachment-large size-large wp-image-2517\" alt=\"\" srcset=\"https:\/\/vincesconsulting.com\/wp-content\/uploads\/2023\/08\/vinces_metodologia_name-216x1024.png 216w, https:\/\/vincesconsulting.com\/wp-content\/uploads\/2023\/08\/vinces_metodologia_name-63x300.png 63w\" sizes=\"(max-width: 216px) 100vw, 216px\" \/>\t\t\t\t\t\t\t\t\t\t\t\t\t\t\t<\/div>\n\t\t\t\t<\/div>\n\t\t\t\t<section class=\"elementor-section elementor-inner-section elementor-element elementor-element-6e77807 seccion-enlaces elementor-section-boxed elementor-section-height-default elementor-section-height-default\" data-id=\"6e77807\" data-element_type=\"section\" data-e-type=\"section\">\n\t\t\t\t\t\t<div class=\"elementor-container elementor-column-gap-default\">\n\t\t\t\t\t<div class=\"elementor-column elementor-col-33 elementor-inner-column elementor-element elementor-element-7d12d8f\" data-id=\"7d12d8f\" data-element_type=\"column\" data-e-type=\"column\">\n\t\t\t<div class=\"elementor-widget-wrap elementor-element-populated\">\n\t\t\t\t\t\t<div class=\"elementor-element elementor-element-d213e4f enlace-estra-politica activo elementor-widget elementor-widget-text-editor\" data-id=\"d213e4f\" data-element_type=\"widget\" data-e-type=\"widget\" data-widget_type=\"text-editor.default\">\n\t\t\t\t<div class=\"elementor-widget-container\">\n\t\t\t\t\t\t\t\t\t<p style=\"text-align: center;\"><a href=\"https:\/\/servidor7.rubrika.es\/ca\/metodologia\/estrategia-politica\/\">01.Pol\u00edtica<\/a><\/p>\n\t\t\t\t\t\t\t\t<\/div>\n\t\t\t\t<\/div>\n\t\t\t\t\t<\/div>\n\t\t<\/div>\n\t\t\t\t<div class=\"elementor-column elementor-col-33 elementor-inner-column elementor-element elementor-element-01f7d5a\" data-id=\"01f7d5a\" data-element_type=\"column\" data-e-type=\"column\">\n\t\t\t<div class=\"elementor-widget-wrap elementor-element-populated\">\n\t\t\t\t\t\t<div class=\"elementor-element elementor-element-c21002f enlace-estra-politica elementor-widget elementor-widget-text-editor\" data-id=\"c21002f\" data-element_type=\"widget\" data-e-type=\"widget\" data-widget_type=\"text-editor.default\">\n\t\t\t\t<div class=\"elementor-widget-container\">\n\t\t\t\t\t\t\t\t\t<p style=\"text-align: center;\"><a href=\"\/ca\/metodologia\/estrategia-regulatoria\/\">02.Regulat\u00f2ria<\/a><\/p>\t\t\t\t\t\t\t\t<\/div>\n\t\t\t\t<\/div>\n\t\t\t\t\t<\/div>\n\t\t<\/div>\n\t\t\t\t<div class=\"elementor-column elementor-col-33 elementor-inner-column elementor-element elementor-element-a5a0a37\" data-id=\"a5a0a37\" data-element_type=\"column\" data-e-type=\"column\">\n\t\t\t<div class=\"elementor-widget-wrap elementor-element-populated\">\n\t\t\t\t\t\t<div class=\"elementor-element elementor-element-7fd6964 enlace-estra-politica elementor-widget elementor-widget-text-editor\" data-id=\"7fd6964\" data-element_type=\"widget\" data-e-type=\"widget\" data-widget_type=\"text-editor.default\">\n\t\t\t\t<div class=\"elementor-widget-container\">\n\t\t\t\t\t\t\t\t\t<p style=\"text-align: center;\"><a href=\"\/ca\/metodologia\/estrategia-social\/\">03.Social<\/a><\/p>\t\t\t\t\t\t\t\t<\/div>\n\t\t\t\t<\/div>\n\t\t\t\t\t<\/div>\n\t\t<\/div>\n\t\t\t\t\t<\/div>\n\t\t<\/section>\n\t\t\t\t<section class=\"elementor-section elementor-inner-section elementor-element elementor-element-9372067 tarjeta-blanca elementor-section-boxed elementor-section-height-default elementor-section-height-default\" data-id=\"9372067\" data-element_type=\"section\" data-e-type=\"section\" data-settings=\"{&quot;background_background&quot;:&quot;classic&quot;}\">\n\t\t\t\t\t\t<div class=\"elementor-container elementor-column-gap-default\">\n\t\t\t\t\t<div class=\"elementor-column elementor-col-50 elementor-inner-column elementor-element elementor-element-fda7371\" data-id=\"fda7371\" data-element_type=\"column\" data-e-type=\"column\">\n\t\t\t<div class=\"elementor-widget-wrap elementor-element-populated\">\n\t\t\t\t\t\t<div class=\"elementor-element elementor-element-3050fc4 piramide_estra_politica elementor-widget elementor-widget-html\" data-id=\"3050fc4\" data-element_type=\"widget\" data-e-type=\"widget\" data-widget_type=\"html.default\">\n\t\t\t\t<div class=\"elementor-widget-container\">\n\t\t\t\t\t<svg xmlns=\"http:\/\/www.w3.org\/2000\/svg\" class=\"piramide\" width=\"1199\" height=\"1542\" viewbox=\"0 0 1199 1542\" fill=\"none\">\n                    <g id=\"Frame 1\" clip-path=\"url(#clip0_4_20)\">\n                    <g id=\"vinces_recurso\">\n                    <g id=\"bottom\">\n                    <path id=\"Vector\" d=\"M220.65 793.54L127.98 1100.14C124.89 1110.41 125.43 1118.12 129.52 1123.29C133.65 1128.42 140.85 1131.01 151.13 1131.01H364.04C380.5 1131.01 390.8 1122.76 394.9 1106.32L473.09 793.55H220.65V793.54Z\" fill=\"#2E4C8C\"><\/path>\n                    <path id=\"Vector_2\" d=\"M1024.38 1100.14L932.63 793.54H673.23L752.831 1106.31C756.961 1122.75 767.25 1131 783.69 1131H1001.23C1017.69 1131 1025.91 1124.29 1025.91 1110.93C1025.91 1106.81 1025.41 1103.22 1024.37 1100.13L1024.38 1100.14Z\" fill=\"#2E4C8C\"><\/path>\n                    <\/g>\n                    <g id=\"mid\">\n                    <path id=\"Vector_3\" d=\"M829.391 448.52H585.431L663.271 754.4H920.921L829.391 448.52Z\" fill=\"#2E4C8C\"><\/path>\n                    <path id=\"Vector_4\" d=\"M232.48 754.4H482.88L559.34 448.52H324.93L232.48 754.4Z\" fill=\"#2E4C8C\"><\/path>\n                    <\/g>\n                    <path id=\"top\" d=\"M817.67 409.38L717.36 74.15C713.26 58.72 702.96 51 686.49 51H470.49C453.01 51 442.21 58.72 438.08 74.15L336.75 409.38H817.66H817.67Z\" fill=\"#FBB74C\"><\/path>\n                    <g id=\"sombras\">\n                    <g id=\"sombra\" filter=\"url(#filter0_f_4_20)\">\n                    <ellipse cx=\"567.5\" cy=\"1341.5\" rx=\"458.5\" ry=\"28.5\" fill=\"#1D2B50\"><\/ellipse>\n                    <\/g>\n                    <g id=\"sombra_2\" filter=\"url(#filter1_f_4_20)\">\n                    <ellipse cx=\"567.5\" cy=\"1341.5\" rx=\"105.5\" ry=\"6.5\" fill=\"#1D2B50\"><\/ellipse>\n                    <\/g>\n                    <\/g>\n                    <\/g>\n                    <\/g>\n                    <defs>\n                    <filter id=\"filter0_f_4_20\" x=\"-45\" y=\"1159\" width=\"1225\" height=\"365\" filterunits=\"userSpaceOnUse\" color-interpolation-filters=\"sRGB\">\n                    <feflood flood-opacity=\"0\" result=\"BackgroundImageFix\"><\/feflood>\n                    <feblend mode=\"normal\" in=\"SourceGraphic\" in2=\"BackgroundImageFix\" result=\"shape\"><\/feblend>\n                    <fegaussianblur stddeviation=\"77\" result=\"effect1_foregroundBlur_4_20\"><\/fegaussianblur>\n                    <\/filter>\n                    <filter id=\"filter1_f_4_20\" x=\"308\" y=\"1181\" width=\"519\" height=\"321\" filterunits=\"userSpaceOnUse\" color-interpolation-filters=\"sRGB\">\n                    <feflood flood-opacity=\"0\" result=\"BackgroundImageFix\"><\/feflood>\n                    <feblend mode=\"normal\" in=\"SourceGraphic\" in2=\"BackgroundImageFix\" result=\"shape\"><\/feblend>\n                    <fegaussianblur stddeviation=\"77\" result=\"effect1_foregroundBlur_4_20\"><\/fegaussianblur>\n                    <\/filter>\n                    <clippath id=\"clip0_4_20\">\n                    <rect width=\"1199\" height=\"1542\" fill=\"white\"><\/rect>\n                    <\/clippath>\n                    <\/defs>\n                    <\/svg>\t\t\t\t<\/div>\n\t\t\t\t<\/div>\n\t\t\t\t<div class=\"elementor-element elementor-element-7dd6f2d elementor-widget elementor-widget-text-editor\" data-id=\"7dd6f2d\" data-element_type=\"widget\" data-e-type=\"widget\" data-widget_type=\"text-editor.default\">\n\t\t\t\t<div class=\"elementor-widget-container\">\n\t\t\t\t\t\t\t\t\t<p>\u00c0MBIT POL\u00cdTIC<\/p>\n\t\t\t\t\t\t\t\t<\/div>\n\t\t\t\t<\/div>\n\t\t\t\t<div class=\"elementor-element elementor-element-9066033 elementor-widget elementor-widget-heading\" data-id=\"9066033\" data-element_type=\"widget\" data-e-type=\"widget\" data-widget_type=\"heading.default\">\n\t\t\t\t<div class=\"elementor-widget-container\">\n\t\t\t\t\t<h2 class=\"elementor-heading-title elementor-size-default\">Estrat\u00e8gia<br>Pol\u00edtica<\/h2>\t\t\t\t<\/div>\n\t\t\t\t<\/div>\n\t\t\t\t\t<\/div>\n\t\t<\/div>\n\t\t\t\t<div class=\"elementor-column elementor-col-50 elementor-inner-column elementor-element elementor-element-0026ab6\" data-id=\"0026ab6\" data-element_type=\"column\" data-e-type=\"column\">\n\t\t\t<div class=\"elementor-widget-wrap elementor-element-populated\">\n\t\t\t\t\t\t<div class=\"elementor-element elementor-element-c76dd54 elementor-widget elementor-widget-text-editor\" data-id=\"c76dd54\" data-element_type=\"widget\" data-e-type=\"widget\" data-widget_type=\"text-editor.default\">\n\t\t\t\t<div class=\"elementor-widget-container\">\n\t\t\t\t\t\t\t\t\tDes de la Direcci\u00f3 de Negociaci\u00f3 Pol\u00edtica t\u2019assessorem per posicionar les teves necessitats a l\u2019agenda p\u00fablica, a comprendre els mecanismes pol\u00edtics de decisi\u00f3 i a la resoluci\u00f3 de conflictes.\n\nEl nostre equip d\u2019experts compta amb una \u00e0mplia experi\u00e8ncia en processos de negociaci\u00f3 pol\u00edtica que t\u2019ajudar\u00e0 a afrontar una interlocuci\u00f3 efica\u00e7 amb les majors garanties.\n\t\t\t\t\t\t\t\t<\/div>\n\t\t\t\t<\/div>\n\t\t\t\t<div class=\"elementor-element elementor-element-b61e96a elementor-widget elementor-widget-text-editor\" data-id=\"b61e96a\" data-element_type=\"widget\" data-e-type=\"widget\" data-widget_type=\"text-editor.default\">\n\t\t\t\t<div class=\"elementor-widget-container\">\n\t\t\t\t\t\t\t\t\t<span style=\"font-size: 1.8rem; line-height: 1.777; color: #314068; padding-bottom: 0.5rem; font-weight: 500; padding-top: 32px;\">Serveis<\/span>\n<ul>\n \t<li>Intel\u00b7lig\u00e8ncia pol\u00edtica<\/li>\n \t<li>Political Risk Impact Assessment (PRIA)<\/li>\n \t<li>Negociaci\u00f3 pol\u00edtica<\/li>\n \t<li>Posicionament sobre pol\u00edtiques p\u00fabliques<\/li>\n \t<li>Riscos pol\u00edtics<\/li>\n \t<li>Formaci\u00f3<\/li>\n \t<li>Estrat\u00e8gia pol\u00edtica de sostenibilitat<\/li>\n \t<li>Intel\u00b7lig\u00e8ncia en sostenibilitat<\/li>\n<\/ul>\t\t\t\t\t\t\t\t<\/div>\n\t\t\t\t<\/div>\n\t\t\t\t\t<\/div>\n\t\t<\/div>\n\t\t\t\t\t<\/div>\n\t\t<\/section>\n\t\t\t\t<section class=\"elementor-section elementor-inner-section elementor-element elementor-element-719df9a seccion-estrategia-contacto elementor-section-boxed elementor-section-height-default elementor-section-height-default\" data-id=\"719df9a\" data-element_type=\"section\" data-e-type=\"section\" data-settings=\"{&quot;background_background&quot;:&quot;classic&quot;}\">\n\t\t\t\t\t\t<div class=\"elementor-container elementor-column-gap-default\">\n\t\t\t\t\t<div class=\"elementor-column elementor-col-100 elementor-inner-column elementor-element elementor-element-4c671ff\" data-id=\"4c671ff\" data-element_type=\"column\" data-e-type=\"column\">\n\t\t\t<div class=\"elementor-widget-wrap elementor-element-populated\">\n\t\t\t\t\t\t<div class=\"elementor-element elementor-element-966ff47 elementor-widget elementor-widget-text-editor\" data-id=\"966ff47\" data-element_type=\"widget\" data-e-type=\"widget\" data-widget_type=\"text-editor.default\">\n\t\t\t\t<div class=\"elementor-widget-container\">\n\t\t\t\t\t\t\t\t\t<p style=\"text-align: center;\">CONTACTE<\/p>\n\t\t\t\t\t\t\t\t<\/div>\n\t\t\t\t<\/div>\n\t\t\t\t<div class=\"elementor-element elementor-element-196829f elementor-widget elementor-widget-heading\" data-id=\"196829f\" data-element_type=\"widget\" data-e-type=\"widget\" data-widget_type=\"heading.default\">\n\t\t\t\t<div class=\"elementor-widget-container\">\n\t\t\t\t\t<h2 class=\"elementor-heading-title elementor-size-default\">\u00bfVols m\u00e9s informaci\u00f3?<\/h2>\t\t\t\t<\/div>\n\t\t\t\t<\/div>\n\t\t\t\t<div class=\"elementor-element elementor-element-f5beed4 enlace-cabecera-metodo elementor-widget elementor-widget-text-editor\" data-id=\"f5beed4\" data-element_type=\"widget\" data-e-type=\"widget\" data-widget_type=\"text-editor.default\">\n\t\t\t\t<div class=\"elementor-widget-container\">\n\t\t\t\t\t\t\t\t\t<p style=\"text-align: center;\"><a href=\"https:\/\/servidor7.rubrika.es\/contacto\/\">QUIERO INFORMACI\u00d3N<\/a><\/p>\n\t\t\t\t\t\t\t\t<\/div>\n\t\t\t\t<\/div>\n\t\t\t\t\t<\/div>\n\t\t<\/div>\n\t\t\t\t\t<\/div>\n\t\t<\/section>\n\t\t\t\t\t<\/div>\n\t\t<\/div>\n\t\t\t\t\t<\/div>\n\t\t<\/section>\n\t\t\t\t<\/div>\n\t\t","protected":false},"excerpt":{"rendered":"<p>01.Pol\u00edtica 02.Regulat\u00f2ria 03.Social &nbsp; \u00c0MBIT POL\u00cdTIC Estrat\u00e8gia Pol\u00edtica Des de la Direcci\u00f3 de Negociaci\u00f3 Pol\u00edtica t\u2019assessorem per posicionar les teves necessitats a l\u2019agenda p\u00fablica, a comprendre els mecanismes pol\u00edtics de decisi\u00f3 i a la resoluci\u00f3 de conflictes. El nostre equip d\u2019experts compta amb una \u00e0mplia experi\u00e8ncia en processos de negociaci\u00f3 pol\u00edtica que t\u2019ajudar\u00e0 a afrontar [&hellip;]<\/p>\n","protected":false},"author":1,"featured_media":4956,"parent":6104,"menu_order":0,"comment_status":"closed","ping_status":"closed","template":"","meta":{"_acf_changed":false,"footnotes":""},"class_list":["post-6123","page","type-page","status-publish","has-post-thumbnail","hentry"],"acf":[],"_links":{"self":[{"href":"https:\/\/vincesconsulting.com\/ca\/wp-json\/wp\/v2\/pages\/6123","targetHints":{"allow":["GET"]}}],"collection":[{"href":"https:\/\/vincesconsulting.com\/ca\/wp-json\/wp\/v2\/pages"}],"about":[{"href":"https:\/\/vincesconsulting.com\/ca\/wp-json\/wp\/v2\/types\/page"}],"author":[{"embeddable":true,"href":"https:\/\/vincesconsulting.com\/ca\/wp-json\/wp\/v2\/users\/1"}],"replies":[{"embeddable":true,"href":"https:\/\/vincesconsulting.com\/ca\/wp-json\/wp\/v2\/comments?post=6123"}],"version-history":[{"count":10,"href":"https:\/\/vincesconsulting.com\/ca\/wp-json\/wp\/v2\/pages\/6123\/revisions"}],"predecessor-version":[{"id":6581,"href":"https:\/\/vincesconsulting.com\/ca\/wp-json\/wp\/v2\/pages\/6123\/revisions\/6581"}],"up":[{"embeddable":true,"href":"https:\/\/vincesconsulting.com\/ca\/wp-json\/wp\/v2\/pages\/6104"}],"wp:featuredmedia":[{"embeddable":true,"href":"https:\/\/vincesconsulting.com\/ca\/wp-json\/wp\/v2\/media\/4956"}],"wp:attachment":[{"href":"https:\/\/vincesconsulting.com\/ca\/wp-json\/wp\/v2\/media?parent=6123"}],"curies":[{"name":"wp","href":"https:\/\/api.w.org\/{rel}","templated":true}]}}